{"id":5394,"date":"2023-10-10T13:15:43","date_gmt":"2023-10-10T13:15:43","guid":{"rendered":"https:\/\/pondtrends.com\/haftungsausschluss\/"},"modified":"2023-12-12T12:32:02","modified_gmt":"2023-12-12T12:32:02","slug":"haftungsausschluss","status":"publish","type":"page","link":"https:\/\/pondtrends.com\/de\/haftungsausschluss\/","title":{"rendered":"Haftungsausschluss"},"content":{"rendered":"\t\t<div data-elementor-type=\"wp-page\" data-elementor-id=\"5394\" class=\"elementor elementor-5394 elementor-3563\" data-elementor-post-type=\"page\">\n\t\t\t\t\t\t<section data-particle_enable=\"false\" data-particle-mobile-disabled=\"false\" class=\"has_ae_slider elementor-section elementor-top-section elementor-element elementor-element-7a901800 elementor-section-boxed elementor-section-height-default elementor-section-height-default ae-bg-gallery-type-default\" data-id=\"7a901800\" data-element_type=\"section\" data-e-type=\"section\">\n\t\t\t\t\t\t<div class=\"elementor-container elementor-column-gap-default\">\n\t\t\t\t\t<div class=\"has_ae_slider elementor-column elementor-col-100 elementor-top-column elementor-element elementor-element-6b9c8557 ae-bg-gallery-type-default\" data-id=\"6b9c8557\" data-element_type=\"column\" data-e-type=\"column\">\n\t\t\t<div class=\"elementor-widget-wrap elementor-element-populated\">\n\t\t\t\t\t\t<div class=\"elementor-element elementor-element-c35ad26 elementor-widget elementor-widget-heading\" data-id=\"c35ad26\" data-element_type=\"widget\" data-e-type=\"widget\" data-widget_type=\"heading.default\">\n\t\t\t\t<div class=\"elementor-widget-container\">\n\t\t\t\t\t<h2 class=\"elementor-heading-title elementor-size-default\">Haftungsausschluss Pondtrends<\/h2>\t\t\t\t<\/div>\n\t\t\t\t<\/div>\n\t\t\t\t<div class=\"elementor-element elementor-element-54624a4f elementor-widget elementor-widget-text-editor\" data-id=\"54624a4f\" data-element_type=\"widget\" data-e-type=\"widget\" data-widget_type=\"text-editor.default\">\n\t\t\t\t<div class=\"elementor-widget-container\">\n\t\t\t\t\t\t\t\t\t\n          <p>Dieser Haftungsausschluss gilt f\u00fcr die Website www.pondtrends.com<\/p>\n          \n\n          <p><strong>Informationen auf dieser Website<\/strong><br>Wir bem\u00fchen uns, die Informationen auf dieser Website auf dem neuesten Stand zu halten, aber es ist m\u00f6glich, dass die Informationen auf dieser Website unvollst\u00e4ndig oder veraltet sind. Wir stellen die Informationen auf dieser Website ohne jegliche Garantie oder Gew\u00e4hrleistung zur Verf\u00fcgung. Aus den Informationen auf dieser Website k\u00f6nnen keine Rechte abgeleitet werden. Wir k\u00f6nnen nicht haftbar gemacht werden f\u00fcr Folgen, die sich aus der Befolgung oder Anwendung der \u00fcber diese Website erhaltenen Informationen ergeben.<\/p>\n          \n\n          <p><strong>Daten<\/strong><br>Sie sind verantwortlich f\u00fcr die Daten, die Sie uns zur Verf\u00fcgung stellen, und daf\u00fcr, diese auf dem neuesten Stand zu halten. Au\u00dferdem unterliegt die Verarbeitung Ihrer Daten unserer Datenschutzerkl\u00e4rung.<\/p>\n          \n\n          <p><strong>Urheberrecht<\/strong><br>Der gesamte Inhalt, einschlie\u00dflich Text, Bilder, Ton und Video, unterliegt den Rechten des geistigen Eigentums. Pondtrends ist der Eigent\u00fcmer dieser Inhalte, oder wir haben zumindest eine rechtsg\u00fcltige Lizenz zur Nutzung dieser Inhalte. Die Inhalte auf dieser Website d\u00fcrfen ohne unsere Genehmigung nicht reproduziert, kopiert, ver\u00e4ndert, verbreitet oder ver\u00f6ffentlicht werden, es sei denn, es liegt eine gesetzliche Ausnahme vor.<\/p>\n          \n\n          <p><strong>Dritte<\/strong><br>Wir haften nicht f\u00fcr Inhalte, die von Dritten auf dieser Website ver\u00f6ffentlicht werden.<\/p>\n          \n\n          <p><strong>\u00c4nderungen<\/strong><br>Sollte sich dieser Haftungsausschluss \u00e4ndern, finden Sie die aktuellste Version des Haftungsausschlusses auf dieser Seite.<\/p>\n        \t\t\t\t\t\t\t\t<\/div>\n\t\t\t\t<\/div>\n\t\t\t\t\t<\/div>\n\t\t<\/div>\n\t\t\t\t\t<\/div>\n\t\t<\/section>\n\t\t\t\t<\/div>\n\t\t","protected":false},"excerpt":{"rendered":"<p>Haftungsausschluss Pondtrends Dieser Haftungsausschluss gilt f\u00fcr die Website www.pondtrends.com Informationen auf dieser Website Wir bem\u00fchen uns, die Informationen auf dieser Website auf dem neuesten Stand zu halten, aber es ist m\u00f6glich, dass die Informationen auf dieser Website unvollst\u00e4ndig oder veraltet sind. Wir stellen die Informationen auf dieser Website ohne jegliche Garantie oder Gew\u00e4hrleistung zur Verf\u00fcgung. [&hellip;]<\/p>\n","protected":false},"author":1,"featured_media":5455,"parent":0,"menu_order":0,"comment_status":"closed","ping_status":"closed","template":"elementor_header_footer","meta":{"_acf_changed":false,"_monsterinsights_skip_tracking":false,"_monsterinsights_sitenote_active":false,"_monsterinsights_sitenote_note":"","_monsterinsights_sitenote_category":0,"_uf_show_specific_survey":0,"_uf_disable_surveys":false,"footnotes":""},"categories":[],"tags":[132],"class_list":["post-5394","page","type-page","status-publish","has-post-thumbnail","hentry","tag-seite"],"acf":[],"yoast_head":"<!-- This site is optimized with the Yoast SEO plugin v27.4 - https:\/\/yoast.com\/product\/yoast-seo-wordpress\/ -->\n<title>Haftungsausschluss &#8211; Pondtrends<\/title>\n<meta name=\"robots\" content=\"index, follow, max-snippet:-1, max-image-preview:large, max-video-preview:-1\" \/>\n<link rel=\"canonical\" href=\"https:\/\/pondtrends.com\/de\/haftungsausschluss\/\" \/>\n<meta property=\"og:locale\" content=\"de_DE\" \/>\n<meta property=\"og:type\" content=\"article\" \/>\n<meta property=\"og:title\" content=\"Haftungsausschluss &#8211; Pondtrends\" \/>\n<meta property=\"og:description\" content=\"Haftungsausschluss Pondtrends Dieser Haftungsausschluss gilt f\u00fcr die Website www.pondtrends.com Informationen auf dieser Website Wir bem\u00fchen uns, die Informationen auf dieser Website auf dem neuesten Stand zu halten, aber es ist m\u00f6glich, dass die Informationen auf dieser Website unvollst\u00e4ndig oder veraltet sind. Wir stellen die Informationen auf dieser Website ohne jegliche Garantie oder Gew\u00e4hrleistung zur Verf\u00fcgung. [&hellip;]\" \/>\n<meta property=\"og:url\" content=\"https:\/\/pondtrends.com\/de\/haftungsausschluss\/\" \/>\n<meta property=\"og:site_name\" content=\"Pondtrends\" \/>\n<meta property=\"article:modified_time\" content=\"2023-12-12T12:32:02+00:00\" \/>\n<meta property=\"og:image\" content=\"https:\/\/pondtrends.com\/wp-content\/uploads\/2020\/12\/placeholder-plant.jpg\" \/>\n\t<meta property=\"og:image:width\" content=\"300\" \/>\n\t<meta property=\"og:image:height\" content=\"300\" \/>\n\t<meta property=\"og:image:type\" content=\"image\/jpeg\" \/>\n<meta name=\"twitter:card\" content=\"summary_large_image\" \/>\n<meta name=\"twitter:label1\" content=\"Gesch\u00e4tzte Lesezeit\" \/>\n\t<meta name=\"twitter:data1\" content=\"1\u00a0Minute\" \/>\n<script type=\"application\/ld+json\" class=\"yoast-schema-graph\">{\"@context\":\"https:\\\/\\\/schema.org\",\"@graph\":[{\"@type\":\"WebPage\",\"@id\":\"https:\\\/\\\/pondtrends.com\\\/de\\\/haftungsausschluss\\\/\",\"url\":\"https:\\\/\\\/pondtrends.com\\\/de\\\/haftungsausschluss\\\/\",\"name\":\"Haftungsausschluss &#8211; Pondtrends\",\"isPartOf\":{\"@id\":\"https:\\\/\\\/pondtrends.com\\\/de\\\/#website\"},\"primaryImageOfPage\":{\"@id\":\"https:\\\/\\\/pondtrends.com\\\/de\\\/haftungsausschluss\\\/#primaryimage\"},\"image\":{\"@id\":\"https:\\\/\\\/pondtrends.com\\\/de\\\/haftungsausschluss\\\/#primaryimage\"},\"thumbnailUrl\":\"https:\\\/\\\/pondtrends.com\\\/wp-content\\\/uploads\\\/2020\\\/12\\\/placeholder-plant.jpg\",\"datePublished\":\"2023-10-10T13:15:43+00:00\",\"dateModified\":\"2023-12-12T12:32:02+00:00\",\"breadcrumb\":{\"@id\":\"https:\\\/\\\/pondtrends.com\\\/de\\\/haftungsausschluss\\\/#breadcrumb\"},\"inLanguage\":\"de\",\"potentialAction\":[{\"@type\":\"ReadAction\",\"target\":[\"https:\\\/\\\/pondtrends.com\\\/de\\\/haftungsausschluss\\\/\"]}]},{\"@type\":\"ImageObject\",\"inLanguage\":\"de\",\"@id\":\"https:\\\/\\\/pondtrends.com\\\/de\\\/haftungsausschluss\\\/#primaryimage\",\"url\":\"https:\\\/\\\/pondtrends.com\\\/wp-content\\\/uploads\\\/2020\\\/12\\\/placeholder-plant.jpg\",\"contentUrl\":\"https:\\\/\\\/pondtrends.com\\\/wp-content\\\/uploads\\\/2020\\\/12\\\/placeholder-plant.jpg\",\"width\":300,\"height\":300},{\"@type\":\"BreadcrumbList\",\"@id\":\"https:\\\/\\\/pondtrends.com\\\/de\\\/haftungsausschluss\\\/#breadcrumb\",\"itemListElement\":[{\"@type\":\"ListItem\",\"position\":1,\"name\":\"Home\",\"item\":\"https:\\\/\\\/pondtrends.com\\\/de\\\/\"},{\"@type\":\"ListItem\",\"position\":2,\"name\":\"Haftungsausschluss\"}]},{\"@type\":\"WebSite\",\"@id\":\"https:\\\/\\\/pondtrends.com\\\/de\\\/#website\",\"url\":\"https:\\\/\\\/pondtrends.com\\\/de\\\/\",\"name\":\"Pondtrends \u2013 voor inspiratie en informatie over vijvers!\",\"description\":\"voor inspiratie en informatie over vijvers\",\"potentialAction\":[{\"@type\":\"SearchAction\",\"target\":{\"@type\":\"EntryPoint\",\"urlTemplate\":\"https:\\\/\\\/pondtrends.com\\\/de\\\/?s={search_term_string}\"},\"query-input\":{\"@type\":\"PropertyValueSpecification\",\"valueRequired\":true,\"valueName\":\"search_term_string\"}}],\"inLanguage\":\"de\"}]}<\/script>\n<!-- \/ Yoast SEO plugin. -->","yoast_head_json":{"title":"Haftungsausschluss &#8211; Pondtrends","robots":{"index":"index","follow":"follow","max-snippet":"max-snippet:-1","max-image-preview":"max-image-preview:large","max-video-preview":"max-video-preview:-1"},"canonical":"https:\/\/pondtrends.com\/de\/haftungsausschluss\/","og_locale":"de_DE","og_type":"article","og_title":"Haftungsausschluss &#8211; Pondtrends","og_description":"Haftungsausschluss Pondtrends Dieser Haftungsausschluss gilt f\u00fcr die Website www.pondtrends.com Informationen auf dieser Website Wir bem\u00fchen uns, die Informationen auf dieser Website auf dem neuesten Stand zu halten, aber es ist m\u00f6glich, dass die Informationen auf dieser Website unvollst\u00e4ndig oder veraltet sind. Wir stellen die Informationen auf dieser Website ohne jegliche Garantie oder Gew\u00e4hrleistung zur Verf\u00fcgung. [&hellip;]","og_url":"https:\/\/pondtrends.com\/de\/haftungsausschluss\/","og_site_name":"Pondtrends","article_modified_time":"2023-12-12T12:32:02+00:00","og_image":[{"width":300,"height":300,"url":"https:\/\/pondtrends.com\/wp-content\/uploads\/2020\/12\/placeholder-plant.jpg","type":"image\/jpeg"}],"twitter_card":"summary_large_image","twitter_misc":{"Gesch\u00e4tzte Lesezeit":"1\u00a0Minute"},"schema":{"@context":"https:\/\/schema.org","@graph":[{"@type":"WebPage","@id":"https:\/\/pondtrends.com\/de\/haftungsausschluss\/","url":"https:\/\/pondtrends.com\/de\/haftungsausschluss\/","name":"Haftungsausschluss &#8211; Pondtrends","isPartOf":{"@id":"https:\/\/pondtrends.com\/de\/#website"},"primaryImageOfPage":{"@id":"https:\/\/pondtrends.com\/de\/haftungsausschluss\/#primaryimage"},"image":{"@id":"https:\/\/pondtrends.com\/de\/haftungsausschluss\/#primaryimage"},"thumbnailUrl":"https:\/\/pondtrends.com\/wp-content\/uploads\/2020\/12\/placeholder-plant.jpg","datePublished":"2023-10-10T13:15:43+00:00","dateModified":"2023-12-12T12:32:02+00:00","breadcrumb":{"@id":"https:\/\/pondtrends.com\/de\/haftungsausschluss\/#breadcrumb"},"inLanguage":"de","potentialAction":[{"@type":"ReadAction","target":["https:\/\/pondtrends.com\/de\/haftungsausschluss\/"]}]},{"@type":"ImageObject","inLanguage":"de","@id":"https:\/\/pondtrends.com\/de\/haftungsausschluss\/#primaryimage","url":"https:\/\/pondtrends.com\/wp-content\/uploads\/2020\/12\/placeholder-plant.jpg","contentUrl":"https:\/\/pondtrends.com\/wp-content\/uploads\/2020\/12\/placeholder-plant.jpg","width":300,"height":300},{"@type":"BreadcrumbList","@id":"https:\/\/pondtrends.com\/de\/haftungsausschluss\/#breadcrumb","itemListElement":[{"@type":"ListItem","position":1,"name":"Home","item":"https:\/\/pondtrends.com\/de\/"},{"@type":"ListItem","position":2,"name":"Haftungsausschluss"}]},{"@type":"WebSite","@id":"https:\/\/pondtrends.com\/de\/#website","url":"https:\/\/pondtrends.com\/de\/","name":"Pondtrends \u2013 voor inspiratie en informatie over vijvers!","description":"voor inspiratie en informatie over vijvers","potentialAction":[{"@type":"SearchAction","target":{"@type":"EntryPoint","urlTemplate":"https:\/\/pondtrends.com\/de\/?s={search_term_string}"},"query-input":{"@type":"PropertyValueSpecification","valueRequired":true,"valueName":"search_term_string"}}],"inLanguage":"de"}]}},"_links":{"self":[{"href":"https:\/\/pondtrends.com\/de\/wp-json\/wp\/v2\/pages\/5394","targetHints":{"allow":["GET"]}}],"collection":[{"href":"https:\/\/pondtrends.com\/de\/wp-json\/wp\/v2\/pages"}],"about":[{"href":"https:\/\/pondtrends.com\/de\/wp-json\/wp\/v2\/types\/page"}],"author":[{"embeddable":true,"href":"https:\/\/pondtrends.com\/de\/wp-json\/wp\/v2\/users\/1"}],"replies":[{"embeddable":true,"href":"https:\/\/pondtrends.com\/de\/wp-json\/wp\/v2\/comments?post=5394"}],"version-history":[{"count":0,"href":"https:\/\/pondtrends.com\/de\/wp-json\/wp\/v2\/pages\/5394\/revisions"}],"wp:featuredmedia":[{"embeddable":true,"href":"https:\/\/pondtrends.com\/de\/wp-json\/wp\/v2\/media\/5455"}],"wp:attachment":[{"href":"https:\/\/pondtrends.com\/de\/wp-json\/wp\/v2\/media?parent=5394"}],"wp:term":[{"taxonomy":"category","embeddable":true,"href":"https:\/\/pondtrends.com\/de\/wp-json\/wp\/v2\/categories?post=5394"},{"taxonomy":"post_tag","embeddable":true,"href":"https:\/\/pondtrends.com\/de\/wp-json\/wp\/v2\/tags?post=5394"}],"curies":[{"name":"wp","href":"https:\/\/api.w.org\/{rel}","templated":true}]}}