{"id":5400,"date":"2023-10-10T13:28:03","date_gmt":"2023-10-10T13:28:03","guid":{"rendered":"https:\/\/pondtrends.com\/teichpflanzen-zone-3\/"},"modified":"2023-12-12T12:34:13","modified_gmt":"2023-12-12T12:34:13","slug":"teichpflanzen-zone-3","status":"publish","type":"page","link":"https:\/\/pondtrends.com\/de\/teichpflanzen-zone-3\/","title":{"rendered":"Teichpflanzen Zone 3"},"content":{"rendered":"\t\t<div data-elementor-type=\"wp-page\" data-elementor-id=\"5400\" class=\"elementor elementor-5400 elementor-479\" data-elementor-post-type=\"page\">\n\t\t\t\t\t\t<section data-particle_enable=\"false\" data-particle-mobile-disabled=\"false\" class=\"has_ae_slider elementor-section elementor-top-section elementor-element elementor-element-2ec38966 elementor-section-boxed elementor-section-height-default elementor-section-height-default ae-bg-gallery-type-default\" data-id=\"2ec38966\" data-element_type=\"section\" data-e-type=\"section\" data-settings=\"{&quot;background_background&quot;:&quot;classic&quot;}\">\n\t\t\t\t\t\t\t<div class=\"elementor-background-overlay\"><\/div>\n\t\t\t\t\t\t\t<div class=\"elementor-container elementor-column-gap-default\">\n\t\t\t\t\t<div class=\"has_ae_slider elementor-column elementor-col-100 elementor-top-column elementor-element elementor-element-51298600 ae-bg-gallery-type-default\" data-id=\"51298600\" data-element_type=\"column\" data-e-type=\"column\">\n\t\t\t<div class=\"elementor-widget-wrap elementor-element-populated\">\n\t\t\t\t\t\t<div class=\"elementor-element elementor-element-4b3bc6b8 elementor-widget elementor-widget-heading\" data-id=\"4b3bc6b8\" data-element_type=\"widget\" data-e-type=\"widget\" data-widget_type=\"heading.default\">\n\t\t\t\t<div class=\"elementor-widget-container\">\n\t\t\t\t\t<h1 class=\"elementor-heading-title elementor-size-default\">Teichpflanzen Zone 3<\/h1>\t\t\t\t<\/div>\n\t\t\t\t<\/div>\n\t\t\t\t\t<\/div>\n\t\t<\/div>\n\t\t\t\t\t<\/div>\n\t\t<\/section>\n\t\t\t\t<section data-particle_enable=\"false\" data-particle-mobile-disabled=\"false\" class=\"has_ae_slider elementor-section elementor-top-section elementor-element elementor-element-747f9e97 elementor-section-boxed elementor-section-height-default elementor-section-height-default ae-bg-gallery-type-default\" data-id=\"747f9e97\" data-element_type=\"section\" data-e-type=\"section\" data-settings=\"{&quot;background_background&quot;:&quot;classic&quot;}\">\n\t\t\t\t\t\t<div class=\"elementor-container elementor-column-gap-default\">\n\t\t\t\t\t<div class=\"has_ae_slider elementor-column elementor-col-100 elementor-top-column elementor-element elementor-element-c1e1509 ae-bg-gallery-type-default\" data-id=\"c1e1509\" data-element_type=\"column\" data-e-type=\"column\">\n\t\t\t<div class=\"elementor-widget-wrap elementor-element-populated\">\n\t\t\t\t\t\t<section data-particle_enable=\"false\" data-particle-mobile-disabled=\"false\" class=\"has_ae_slider elementor-section elementor-inner-section elementor-element elementor-element-6c71ed49 elementor-section-boxed elementor-section-height-default elementor-section-height-default ae-bg-gallery-type-default\" data-id=\"6c71ed49\" data-element_type=\"section\" data-e-type=\"section\">\n\t\t\t\t\t\t<div class=\"elementor-container elementor-column-gap-default\">\n\t\t\t\t\t<div class=\"has_ae_slider elementor-column elementor-col-100 elementor-inner-column elementor-element elementor-element-7f716cc4 ae-bg-gallery-type-default\" data-id=\"7f716cc4\" data-element_type=\"column\" data-e-type=\"column\">\n\t\t\t<div class=\"elementor-widget-wrap elementor-element-populated\">\n\t\t\t\t\t\t<div class=\"elementor-element elementor-element-75b4e727 elementor-widget elementor-widget-heading\" data-id=\"75b4e727\" data-element_type=\"widget\" data-e-type=\"widget\" data-widget_type=\"heading.default\">\n\t\t\t\t<div class=\"elementor-widget-container\">\n\t\t\t\t\t<h2 class=\"elementor-heading-title elementor-size-default\">Wasserpflanzen<\/h2>\t\t\t\t<\/div>\n\t\t\t\t<\/div>\n\t\t\t\t<div class=\"elementor-element elementor-element-14d113bf elementor-widget elementor-widget-text-editor\" data-id=\"14d113bf\" data-element_type=\"widget\" data-e-type=\"widget\" data-widget_type=\"text-editor.default\">\n\t\t\t\t<div class=\"elementor-widget-container\">\n\t\t\t\t\t\t\t\t\t<p>Wasserpflanzen befinden sich im etwas tieferen Teil des Teichs und wollen mit ihren Wurzeln im Wasser stehen. Sie k\u00f6nnen vollst\u00e4ndig bis etwa 40 cm unter den Wasserspiegel getaucht werden. Auch in dieser Zone 3 werden Teichk\u00f6rbe verwendet, um die Wasserpflanzen auf den Boden zu stellen. Sie k\u00f6nnen die K\u00f6rbe mit Teicherde oder Substrat f\u00fcllen und sie mit Kies abdecken.<\/p>\n\t\t\t\t\t\t\t\t<\/div>\n\t\t\t\t<\/div>\n\t\t\t\t\t<\/div>\n\t\t<\/div>\n\t\t\t\t\t<\/div>\n\t\t<\/section>\n\t\t\t\t\t<\/div>\n\t\t<\/div>\n\t\t\t\t\t<\/div>\n\t\t<\/section>\n\t\t\t\t<section data-particle_enable=\"false\" data-particle-mobile-disabled=\"false\" class=\"has_ae_slider elementor-section elementor-top-section elementor-element elementor-element-1cacb7bd elementor-section-boxed elementor-section-height-default elementor-section-height-default ae-bg-gallery-type-default\" data-id=\"1cacb7bd\" data-element_type=\"section\" data-e-type=\"section\">\n\t\t\t\t\t\t<div class=\"elementor-container elementor-column-gap-default\">\n\t\t\t\t\t<div class=\"has_ae_slider elementor-column elementor-col-100 elementor-top-column elementor-element elementor-element-4b83e62e ae-bg-gallery-type-default\" data-id=\"4b83e62e\" data-element_type=\"column\" data-e-type=\"column\">\n\t\t\t<div class=\"elementor-widget-wrap elementor-element-populated\">\n\t\t\t\t\t\t<div class=\"elementor-element elementor-element-6fb48836 elementor-widget elementor-widget-heading\" data-id=\"6fb48836\" data-element_type=\"widget\" data-e-type=\"widget\" data-widget_type=\"heading.default\">\n\t\t\t\t<div class=\"elementor-widget-container\">\n\t\t\t\t\t<h2 class=\"elementor-heading-title elementor-size-default\">Pflanzen Zone 3<\/h2>\t\t\t\t<\/div>\n\t\t\t\t<\/div>\n\t\t\t\t\t<\/div>\n\t\t<\/div>\n\t\t\t\t\t<\/div>\n\t\t<\/section>\n\t\t\t\t<\/div>\n\t\t","protected":false},"excerpt":{"rendered":"<p>Teichpflanzen Zone 3 Wasserpflanzen Wasserpflanzen befinden sich im etwas tieferen Teil des Teichs und wollen mit ihren Wurzeln im Wasser stehen. Sie k\u00f6nnen vollst\u00e4ndig bis etwa 40 cm unter den Wasserspiegel getaucht werden. Auch in dieser Zone 3 werden Teichk\u00f6rbe verwendet, um die Wasserpflanzen auf den Boden zu stellen. Sie k\u00f6nnen die K\u00f6rbe mit Teicherde [&hellip;]<\/p>\n","protected":false},"author":1,"featured_media":5648,"parent":0,"menu_order":0,"comment_status":"closed","ping_status":"closed","template":"elementor_header_footer","meta":{"_acf_changed":false,"_monsterinsights_skip_tracking":false,"_monsterinsights_sitenote_active":false,"_monsterinsights_sitenote_note":"","_monsterinsights_sitenote_category":0,"_uf_show_specific_survey":0,"_uf_disable_surveys":false,"footnotes":""},"categories":[],"tags":[132],"class_list":["post-5400","page","type-page","status-publish","has-post-thumbnail","hentry","tag-seite"],"acf":[],"yoast_head":"<!-- This site is optimized with the Yoast SEO plugin v27.4 - https:\/\/yoast.com\/product\/yoast-seo-wordpress\/ -->\n<title>Wasserpflanzen im tieferen Teil des Teiches Zone 3 \u2013 Pondtrends<\/title>\n<meta name=\"description\" content=\"Wasserpflanzen befinden sich in Zone 3, dem tieferen Teil des Teichs. Inspiration und Informationen \u00fcber Wasserpflanzen finden Sie auf Pondtrends.com\" \/>\n<meta name=\"robots\" content=\"index, follow, max-snippet:-1, max-image-preview:large, max-video-preview:-1\" \/>\n<link rel=\"canonical\" href=\"https:\/\/pondtrends.com\/de\/teichpflanzen-zone-3\/\" \/>\n<meta property=\"og:locale\" content=\"de_DE\" \/>\n<meta property=\"og:type\" content=\"article\" \/>\n<meta property=\"og:title\" content=\"Wasserpflanzen im tieferen Teil des Teiches Zone 3 \u2013 Pondtrends\" \/>\n<meta property=\"og:description\" content=\"Wasserpflanzen befinden sich in Zone 3, dem tieferen Teil des Teichs. Inspiration und Informationen \u00fcber Wasserpflanzen finden Sie auf Pondtrends.com\" \/>\n<meta property=\"og:url\" content=\"https:\/\/pondtrends.com\/de\/teichpflanzen-zone-3\/\" \/>\n<meta property=\"og:site_name\" content=\"Pondtrends\" \/>\n<meta property=\"article:modified_time\" content=\"2023-12-12T12:34:13+00:00\" \/>\n<meta property=\"og:image\" content=\"https:\/\/pondtrends.com\/wp-content\/uploads\/2020\/12\/6254.253-Pondtrends-zone-3-3.jpg\" \/>\n\t<meta property=\"og:image:width\" content=\"312\" \/>\n\t<meta property=\"og:image:height\" content=\"1112\" \/>\n\t<meta property=\"og:image:type\" content=\"image\/jpeg\" \/>\n<meta name=\"twitter:card\" content=\"summary_large_image\" \/>\n<meta name=\"twitter:label1\" content=\"Gesch\u00e4tzte Lesezeit\" \/>\n\t<meta name=\"twitter:data1\" content=\"1\u00a0Minute\" \/>\n<script type=\"application\/ld+json\" class=\"yoast-schema-graph\">{\"@context\":\"https:\\\/\\\/schema.org\",\"@graph\":[{\"@type\":\"WebPage\",\"@id\":\"https:\\\/\\\/pondtrends.com\\\/de\\\/teichpflanzen-zone-3\\\/\",\"url\":\"https:\\\/\\\/pondtrends.com\\\/de\\\/teichpflanzen-zone-3\\\/\",\"name\":\"Wasserpflanzen im tieferen Teil des Teiches Zone 3 \u2013 Pondtrends\",\"isPartOf\":{\"@id\":\"https:\\\/\\\/pondtrends.com\\\/de\\\/#website\"},\"primaryImageOfPage\":{\"@id\":\"https:\\\/\\\/pondtrends.com\\\/de\\\/teichpflanzen-zone-3\\\/#primaryimage\"},\"image\":{\"@id\":\"https:\\\/\\\/pondtrends.com\\\/de\\\/teichpflanzen-zone-3\\\/#primaryimage\"},\"thumbnailUrl\":\"https:\\\/\\\/pondtrends.com\\\/wp-content\\\/uploads\\\/2020\\\/12\\\/6254.253-Pondtrends-zone-3-3.jpg\",\"datePublished\":\"2023-10-10T13:28:03+00:00\",\"dateModified\":\"2023-12-12T12:34:13+00:00\",\"description\":\"Wasserpflanzen befinden sich in Zone 3, dem tieferen Teil des Teichs. Inspiration und Informationen \u00fcber Wasserpflanzen finden Sie auf Pondtrends.com\",\"breadcrumb\":{\"@id\":\"https:\\\/\\\/pondtrends.com\\\/de\\\/teichpflanzen-zone-3\\\/#breadcrumb\"},\"inLanguage\":\"de\",\"potentialAction\":[{\"@type\":\"ReadAction\",\"target\":[\"https:\\\/\\\/pondtrends.com\\\/de\\\/teichpflanzen-zone-3\\\/\"]}]},{\"@type\":\"ImageObject\",\"inLanguage\":\"de\",\"@id\":\"https:\\\/\\\/pondtrends.com\\\/de\\\/teichpflanzen-zone-3\\\/#primaryimage\",\"url\":\"https:\\\/\\\/pondtrends.com\\\/wp-content\\\/uploads\\\/2020\\\/12\\\/6254.253-Pondtrends-zone-3-3.jpg\",\"contentUrl\":\"https:\\\/\\\/pondtrends.com\\\/wp-content\\\/uploads\\\/2020\\\/12\\\/6254.253-Pondtrends-zone-3-3.jpg\",\"width\":312,\"height\":1112},{\"@type\":\"BreadcrumbList\",\"@id\":\"https:\\\/\\\/pondtrends.com\\\/de\\\/teichpflanzen-zone-3\\\/#breadcrumb\",\"itemListElement\":[{\"@type\":\"ListItem\",\"position\":1,\"name\":\"Home\",\"item\":\"https:\\\/\\\/pondtrends.com\\\/de\\\/\"},{\"@type\":\"ListItem\",\"position\":2,\"name\":\"Teichpflanzen Zone 3\"}]},{\"@type\":\"WebSite\",\"@id\":\"https:\\\/\\\/pondtrends.com\\\/de\\\/#website\",\"url\":\"https:\\\/\\\/pondtrends.com\\\/de\\\/\",\"name\":\"Pondtrends \u2013 voor inspiratie en informatie over vijvers!\",\"description\":\"voor inspiratie en informatie over vijvers\",\"potentialAction\":[{\"@type\":\"SearchAction\",\"target\":{\"@type\":\"EntryPoint\",\"urlTemplate\":\"https:\\\/\\\/pondtrends.com\\\/de\\\/?s={search_term_string}\"},\"query-input\":{\"@type\":\"PropertyValueSpecification\",\"valueRequired\":true,\"valueName\":\"search_term_string\"}}],\"inLanguage\":\"de\"}]}<\/script>\n<!-- \/ Yoast SEO plugin. -->","yoast_head_json":{"title":"Wasserpflanzen im tieferen Teil des Teiches Zone 3 \u2013 Pondtrends","description":"Wasserpflanzen befinden sich in Zone 3, dem tieferen Teil des Teichs. Inspiration und Informationen \u00fcber Wasserpflanzen finden Sie auf Pondtrends.com","robots":{"index":"index","follow":"follow","max-snippet":"max-snippet:-1","max-image-preview":"max-image-preview:large","max-video-preview":"max-video-preview:-1"},"canonical":"https:\/\/pondtrends.com\/de\/teichpflanzen-zone-3\/","og_locale":"de_DE","og_type":"article","og_title":"Wasserpflanzen im tieferen Teil des Teiches Zone 3 \u2013 Pondtrends","og_description":"Wasserpflanzen befinden sich in Zone 3, dem tieferen Teil des Teichs. Inspiration und Informationen \u00fcber Wasserpflanzen finden Sie auf Pondtrends.com","og_url":"https:\/\/pondtrends.com\/de\/teichpflanzen-zone-3\/","og_site_name":"Pondtrends","article_modified_time":"2023-12-12T12:34:13+00:00","og_image":[{"width":312,"height":1112,"url":"https:\/\/pondtrends.com\/wp-content\/uploads\/2020\/12\/6254.253-Pondtrends-zone-3-3.jpg","type":"image\/jpeg"}],"twitter_card":"summary_large_image","twitter_misc":{"Gesch\u00e4tzte Lesezeit":"1\u00a0Minute"},"schema":{"@context":"https:\/\/schema.org","@graph":[{"@type":"WebPage","@id":"https:\/\/pondtrends.com\/de\/teichpflanzen-zone-3\/","url":"https:\/\/pondtrends.com\/de\/teichpflanzen-zone-3\/","name":"Wasserpflanzen im tieferen Teil des Teiches Zone 3 \u2013 Pondtrends","isPartOf":{"@id":"https:\/\/pondtrends.com\/de\/#website"},"primaryImageOfPage":{"@id":"https:\/\/pondtrends.com\/de\/teichpflanzen-zone-3\/#primaryimage"},"image":{"@id":"https:\/\/pondtrends.com\/de\/teichpflanzen-zone-3\/#primaryimage"},"thumbnailUrl":"https:\/\/pondtrends.com\/wp-content\/uploads\/2020\/12\/6254.253-Pondtrends-zone-3-3.jpg","datePublished":"2023-10-10T13:28:03+00:00","dateModified":"2023-12-12T12:34:13+00:00","description":"Wasserpflanzen befinden sich in Zone 3, dem tieferen Teil des Teichs. Inspiration und Informationen \u00fcber Wasserpflanzen finden Sie auf Pondtrends.com","breadcrumb":{"@id":"https:\/\/pondtrends.com\/de\/teichpflanzen-zone-3\/#breadcrumb"},"inLanguage":"de","potentialAction":[{"@type":"ReadAction","target":["https:\/\/pondtrends.com\/de\/teichpflanzen-zone-3\/"]}]},{"@type":"ImageObject","inLanguage":"de","@id":"https:\/\/pondtrends.com\/de\/teichpflanzen-zone-3\/#primaryimage","url":"https:\/\/pondtrends.com\/wp-content\/uploads\/2020\/12\/6254.253-Pondtrends-zone-3-3.jpg","contentUrl":"https:\/\/pondtrends.com\/wp-content\/uploads\/2020\/12\/6254.253-Pondtrends-zone-3-3.jpg","width":312,"height":1112},{"@type":"BreadcrumbList","@id":"https:\/\/pondtrends.com\/de\/teichpflanzen-zone-3\/#breadcrumb","itemListElement":[{"@type":"ListItem","position":1,"name":"Home","item":"https:\/\/pondtrends.com\/de\/"},{"@type":"ListItem","position":2,"name":"Teichpflanzen Zone 3"}]},{"@type":"WebSite","@id":"https:\/\/pondtrends.com\/de\/#website","url":"https:\/\/pondtrends.com\/de\/","name":"Pondtrends \u2013 voor inspiratie en informatie over vijvers!","description":"voor inspiratie en informatie over vijvers","potentialAction":[{"@type":"SearchAction","target":{"@type":"EntryPoint","urlTemplate":"https:\/\/pondtrends.com\/de\/?s={search_term_string}"},"query-input":{"@type":"PropertyValueSpecification","valueRequired":true,"valueName":"search_term_string"}}],"inLanguage":"de"}]}},"_links":{"self":[{"href":"https:\/\/pondtrends.com\/de\/wp-json\/wp\/v2\/pages\/5400","targetHints":{"allow":["GET"]}}],"collection":[{"href":"https:\/\/pondtrends.com\/de\/wp-json\/wp\/v2\/pages"}],"about":[{"href":"https:\/\/pondtrends.com\/de\/wp-json\/wp\/v2\/types\/page"}],"author":[{"embeddable":true,"href":"https:\/\/pondtrends.com\/de\/wp-json\/wp\/v2\/users\/1"}],"replies":[{"embeddable":true,"href":"https:\/\/pondtrends.com\/de\/wp-json\/wp\/v2\/comments?post=5400"}],"version-history":[{"count":0,"href":"https:\/\/pondtrends.com\/de\/wp-json\/wp\/v2\/pages\/5400\/revisions"}],"wp:featuredmedia":[{"embeddable":true,"href":"https:\/\/pondtrends.com\/de\/wp-json\/wp\/v2\/media\/5648"}],"wp:attachment":[{"href":"https:\/\/pondtrends.com\/de\/wp-json\/wp\/v2\/media?parent=5400"}],"wp:term":[{"taxonomy":"category","embeddable":true,"href":"https:\/\/pondtrends.com\/de\/wp-json\/wp\/v2\/categories?post=5400"},{"taxonomy":"post_tag","embeddable":true,"href":"https:\/\/pondtrends.com\/de\/wp-json\/wp\/v2\/tags?post=5400"}],"curies":[{"name":"wp","href":"https:\/\/api.w.org\/{rel}","templated":true}]}}