{"id":5410,"date":"2023-10-11T09:21:15","date_gmt":"2023-10-11T09:21:15","guid":{"rendered":"https:\/\/pondtrends.com\/schwimmteiche\/"},"modified":"2023-12-12T12:33:10","modified_gmt":"2023-12-12T12:33:10","slug":"schwimmteiche","status":"publish","type":"page","link":"https:\/\/pondtrends.com\/de\/inspiration\/schwimmteiche\/","title":{"rendered":"Schwimmteiche"},"content":{"rendered":"\t\t<div data-elementor-type=\"wp-page\" data-elementor-id=\"5410\" class=\"elementor elementor-5410 elementor-1129\" data-elementor-post-type=\"page\">\n\t\t\t\t\t\t<section data-particle_enable=\"false\" data-particle-mobile-disabled=\"false\" class=\"has_ae_slider elementor-section elementor-top-section elementor-element elementor-element-3276d8d4 elementor-section-boxed elementor-section-height-default elementor-section-height-default ae-bg-gallery-type-default\" data-id=\"3276d8d4\" data-element_type=\"section\" data-e-type=\"section\" data-settings=\"{&quot;background_background&quot;:&quot;classic&quot;}\">\n\t\t\t\t\t\t\t<div class=\"elementor-background-overlay\"><\/div>\n\t\t\t\t\t\t\t<div class=\"elementor-container elementor-column-gap-default\">\n\t\t\t\t\t<div class=\"has_ae_slider elementor-column elementor-col-100 elementor-top-column elementor-element elementor-element-3c176416 ae-bg-gallery-type-default\" data-id=\"3c176416\" data-element_type=\"column\" data-e-type=\"column\">\n\t\t\t<div class=\"elementor-widget-wrap elementor-element-populated\">\n\t\t\t\t\t\t<div class=\"elementor-element elementor-element-6e30d4e3 elementor-widget elementor-widget-heading\" data-id=\"6e30d4e3\" data-element_type=\"widget\" data-e-type=\"widget\" data-widget_type=\"heading.default\">\n\t\t\t\t<div class=\"elementor-widget-container\">\n\t\t\t\t\t<h1 class=\"elementor-heading-title elementor-size-default\">Schwimmteiche<\/h1>\t\t\t\t<\/div>\n\t\t\t\t<\/div>\n\t\t\t\t\t<\/div>\n\t\t<\/div>\n\t\t\t\t\t<\/div>\n\t\t<\/section>\n\t\t\t\t<section data-particle_enable=\"false\" data-particle-mobile-disabled=\"false\" class=\"has_ae_slider elementor-section elementor-top-section elementor-element elementor-element-58883f5f elementor-section-boxed elementor-section-height-default elementor-section-height-default ae-bg-gallery-type-default\" data-id=\"58883f5f\" data-element_type=\"section\" data-e-type=\"section\" data-settings=\"{&quot;background_background&quot;:&quot;classic&quot;}\">\n\t\t\t\t\t\t<div class=\"elementor-container elementor-column-gap-default\">\n\t\t\t\t\t<div class=\"has_ae_slider elementor-column elementor-col-100 elementor-top-column elementor-element elementor-element-72891291 ae-bg-gallery-type-default\" data-id=\"72891291\" data-element_type=\"column\" data-e-type=\"column\">\n\t\t\t<div class=\"elementor-widget-wrap elementor-element-populated\">\n\t\t\t\t\t\t<section data-particle_enable=\"false\" data-particle-mobile-disabled=\"false\" class=\"has_ae_slider elementor-section elementor-inner-section elementor-element elementor-element-377b17e6 elementor-section-boxed elementor-section-height-default elementor-section-height-default ae-bg-gallery-type-default\" data-id=\"377b17e6\" data-element_type=\"section\" data-e-type=\"section\">\n\t\t\t\t\t\t<div class=\"elementor-container elementor-column-gap-default\">\n\t\t\t\t\t<div class=\"has_ae_slider elementor-column elementor-col-100 elementor-inner-column elementor-element elementor-element-47e739fc ae-bg-gallery-type-default\" data-id=\"47e739fc\" data-element_type=\"column\" data-e-type=\"column\">\n\t\t\t<div class=\"elementor-widget-wrap elementor-element-populated\">\n\t\t\t\t\t\t<div class=\"elementor-element elementor-element-2449fb9f elementor-widget elementor-widget-text-editor\" data-id=\"2449fb9f\" data-element_type=\"widget\" data-e-type=\"widget\" data-widget_type=\"text-editor.default\">\n\t\t\t\t<div class=\"elementor-widget-container\">\n\t\t\t\t\t\t\t\t\t<p>Ein Schwimmteich ist zum Schwimmen gedacht, aber er ist kein Pool mit Pflanzen drum herum. Ein echter Schwimmteich sollte Ihnen das Gef\u00fchl geben, in einem nat\u00fcrlichen See zu schwimmen. Die Umgebung sollte vorzugsweise nat\u00fcrlich sein &#8211; aber sie kann auch ordentlich sein &#8211; mit Uferpflanzen und m\u00f6glicherweise sogar einem Schilfg\u00fcrtel. In einem Schwimmteich benutzen Sie kein Sprungbrett, sondern eher ein Deck oder einen Steg, um von dort zu springen. Schwimmteiche k\u00f6nnen alle m\u00f6glichen Formen haben, von sehr landschaftlich bis hin zu einem schlichten Design, so wie auch G\u00e4rten ganz unterschiedliche Formen haben k\u00f6nnen.<\/p><p>Ein Schwimmteich hat eine ausreichende Tiefe f\u00fcr sicheres Schwimmen und Tauchen, aber inzwischen schwimmen dort auch Fische und andere Wasserlebewesen. Deshalb verwenden Sie in dieser Art von Teich auch keine chemischen Pflegemittel. Sie machen dies auf <span style=\"color: #009dd0;\"><a style=\"color: #009dd0;\" href=\"https:\/\/pondtrends.com\/de\/teichpflege\/wartungsprodukte\/\"><strong>nat\u00fcrliche Weise<\/strong><\/a><\/span>.<\/p><p>Ein echter Schwimmteich ist also eine \u00f6kologisch sinnvolle Einheit, in der Sie im Sommer schwimmen und auf der Sie im Winter vielleicht sogar Schlittschuh laufen k\u00f6nnen. Schwimmteiche werden zunehmend den Swimmingpools vorgezogen. Das liegt daran, dass ein gut angelegter Schwimmteich zwar klares Wasser, aber kein Chlor enth\u00e4lt. So k\u00f6nnen auch Kinder mit empfindlicher Haut darin spielen. Das Wasser ist selbstreinigend, da speziell ausgew\u00e4hlte Pflanzen an den R\u00e4ndern oder in einem separaten Bereich wachsen, um das Wasser zu reinigen. Wir nennen dies einen Helophytenfilter. Manchmal wird auch eine zus\u00e4tzliche mechanische Behandlung durchgef\u00fchrt, aber bei einem guten Design ist dies nicht notwendig.<\/p>\t\t\t\t\t\t\t\t<\/div>\n\t\t\t\t<\/div>\n\t\t\t\t\t<\/div>\n\t\t<\/div>\n\t\t\t\t\t<\/div>\n\t\t<\/section>\n\t\t\t\t\t<\/div>\n\t\t<\/div>\n\t\t\t\t\t<\/div>\n\t\t<\/section>\n\t\t\t\t<section data-particle_enable=\"false\" data-particle-mobile-disabled=\"false\" class=\"has_ae_slider elementor-section elementor-top-section elementor-element elementor-element-538a9a93 elementor-section-boxed elementor-section-height-default elementor-section-height-default ae-bg-gallery-type-default\" data-id=\"538a9a93\" data-element_type=\"section\" data-e-type=\"section\">\n\t\t\t\t\t\t<div class=\"elementor-container elementor-column-gap-default\">\n\t\t\t\t\t<div class=\"has_ae_slider elementor-column elementor-col-100 elementor-top-column elementor-element elementor-element-196d1127 ae-bg-gallery-type-default\" data-id=\"196d1127\" data-element_type=\"column\" data-e-type=\"column\">\n\t\t\t<div class=\"elementor-widget-wrap elementor-element-populated\">\n\t\t\t\t\t\t<div class=\"elementor-element elementor-element-1952349e elementor-widget elementor-widget-heading\" data-id=\"1952349e\" data-element_type=\"widget\" data-e-type=\"widget\" data-widget_type=\"heading.default\">\n\t\t\t\t<div class=\"elementor-widget-container\">\n\t\t\t\t\t<h1 class=\"elementor-heading-title elementor-size-default\">Mehr Schwimmteiche<\/h1>\t\t\t\t<\/div>\n\t\t\t\t<\/div>\n\t\t\t\t<div class=\"elementor-element elementor-element-afbee3a elementor-grid-3 elementor-grid-tablet-2 elementor-grid-mobile-1 elementor-widget elementor-widget-portfolio\" data-id=\"afbee3a\" data-element_type=\"widget\" data-e-type=\"widget\" data-settings=\"{&quot;row_gap&quot;:{&quot;unit&quot;:&quot;px&quot;,&quot;size&quot;:20,&quot;sizes&quot;:[]},&quot;columns&quot;:&quot;3&quot;,&quot;columns_tablet&quot;:&quot;2&quot;,&quot;columns_mobile&quot;:&quot;1&quot;,&quot;item_ratio&quot;:{&quot;unit&quot;:&quot;px&quot;,&quot;size&quot;:0.66,&quot;sizes&quot;:[]},&quot;item_gap&quot;:{&quot;unit&quot;:&quot;px&quot;,&quot;size&quot;:&quot;&quot;,&quot;sizes&quot;:[]}}\" data-widget_type=\"portfolio.default\">\n\t\t\t\t<div class=\"elementor-widget-container\">\n\t\t\t\t\t\t\t<div class=\"elementor-portfolio elementor-grid elementor-posts-container\" role=\"list\">\n\t\t\t\t<article class=\"elementor-portfolio-item elementor-post  post-5778 inspirationpond type-inspirationpond status-publish has-post-thumbnail hentry tag-teich-der-inspiration pondtype-schwimmteiche\" role=\"listitem\">\n\t\t\t<a class=\"elementor-post__thumbnail__link\" href=\"https:\/\/pondtrends.com\/de\/inspirationsteich\/schwimmteich-3\/\">\n\t\t\t\t<div class=\"elementor-portfolio-item__img elementor-post__thumbnail\">\n\t\t\t<img fetchpriority=\"high\" decoding=\"async\" width=\"800\" height=\"345\" src=\"https:\/\/pondtrends.com\/wp-content\/uploads\/2021\/02\/inspiratie-header-zwemvijver-3-1024x442.jpg\" class=\"attachment-large size-large wp-image-5839\" alt=\"\" srcset=\"https:\/\/pondtrends.com\/wp-content\/uploads\/2021\/02\/inspiratie-header-zwemvijver-3-1024x442.jpg 1024w, https:\/\/pondtrends.com\/wp-content\/uploads\/2021\/02\/inspiratie-header-zwemvijver-3-300x129.jpg 300w, https:\/\/pondtrends.com\/wp-content\/uploads\/2021\/02\/inspiratie-header-zwemvijver-3-768x332.jpg 768w, https:\/\/pondtrends.com\/wp-content\/uploads\/2021\/02\/inspiratie-header-zwemvijver-3-1536x663.jpg 1536w, https:\/\/pondtrends.com\/wp-content\/uploads\/2021\/02\/inspiratie-header-zwemvijver-3.jpg 2048w\" sizes=\"(max-width: 800px) 100vw, 800px\" \/>\t\t<\/div>\n\t\t\t\t<div class=\"elementor-portfolio-item__overlay\">\n\t\t\t\t<h3 class=\"elementor-portfolio-item__title\">\n\t\tSchwimmteich 3\t\t<\/h3>\n\t\t\t\t<\/div>\n\t\t\t\t<\/a>\n\t\t<\/article>\n\t\t\t\t<article class=\"elementor-portfolio-item elementor-post  post-5776 inspirationpond type-inspirationpond status-publish has-post-thumbnail hentry tag-teich-der-inspiration pondtype-schwimmteiche\" role=\"listitem\">\n\t\t\t<a class=\"elementor-post__thumbnail__link\" href=\"https:\/\/pondtrends.com\/de\/inspirationsteich\/schwimmteich-2\/\">\n\t\t\t\t<div class=\"elementor-portfolio-item__img elementor-post__thumbnail\">\n\t\t\t<img decoding=\"async\" width=\"800\" height=\"345\" src=\"https:\/\/pondtrends.com\/wp-content\/uploads\/2021\/02\/inspiratie-header-zwemvijver-2-1024x442.jpg\" class=\"attachment-large size-large wp-image-5838\" alt=\"\" srcset=\"https:\/\/pondtrends.com\/wp-content\/uploads\/2021\/02\/inspiratie-header-zwemvijver-2-1024x442.jpg 1024w, https:\/\/pondtrends.com\/wp-content\/uploads\/2021\/02\/inspiratie-header-zwemvijver-2-300x129.jpg 300w, https:\/\/pondtrends.com\/wp-content\/uploads\/2021\/02\/inspiratie-header-zwemvijver-2-768x332.jpg 768w, https:\/\/pondtrends.com\/wp-content\/uploads\/2021\/02\/inspiratie-header-zwemvijver-2-1536x663.jpg 1536w, https:\/\/pondtrends.com\/wp-content\/uploads\/2021\/02\/inspiratie-header-zwemvijver-2.jpg 2048w\" sizes=\"(max-width: 800px) 100vw, 800px\" \/>\t\t<\/div>\n\t\t\t\t<div class=\"elementor-portfolio-item__overlay\">\n\t\t\t\t<h3 class=\"elementor-portfolio-item__title\">\n\t\tSchwimmteich 2\t\t<\/h3>\n\t\t\t\t<\/div>\n\t\t\t\t<\/a>\n\t\t<\/article>\n\t\t\t\t<article class=\"elementor-portfolio-item elementor-post  post-5774 inspirationpond type-inspirationpond status-publish has-post-thumbnail hentry tag-teich-der-inspiration pondtype-schwimmteiche\" role=\"listitem\">\n\t\t\t<a class=\"elementor-post__thumbnail__link\" href=\"https:\/\/pondtrends.com\/de\/inspirationsteich\/schwimmteich-1\/\">\n\t\t\t\t<div class=\"elementor-portfolio-item__img elementor-post__thumbnail\">\n\t\t\t<img decoding=\"async\" width=\"800\" height=\"345\" src=\"https:\/\/pondtrends.com\/wp-content\/uploads\/2021\/02\/inspiratie-header-zwemvijver-1-1-1024x442.jpg\" class=\"attachment-large size-large wp-image-5837\" alt=\"\" srcset=\"https:\/\/pondtrends.com\/wp-content\/uploads\/2021\/02\/inspiratie-header-zwemvijver-1-1-1024x442.jpg 1024w, https:\/\/pondtrends.com\/wp-content\/uploads\/2021\/02\/inspiratie-header-zwemvijver-1-1-300x129.jpg 300w, https:\/\/pondtrends.com\/wp-content\/uploads\/2021\/02\/inspiratie-header-zwemvijver-1-1-768x331.jpg 768w, https:\/\/pondtrends.com\/wp-content\/uploads\/2021\/02\/inspiratie-header-zwemvijver-1-1-1536x663.jpg 1536w, https:\/\/pondtrends.com\/wp-content\/uploads\/2021\/02\/inspiratie-header-zwemvijver-1-1-scaled.jpg 2048w\" sizes=\"(max-width: 800px) 100vw, 800px\" \/>\t\t<\/div>\n\t\t\t\t<div class=\"elementor-portfolio-item__overlay\">\n\t\t\t\t<h3 class=\"elementor-portfolio-item__title\">\n\t\tSchwimmteich 1\t\t<\/h3>\n\t\t\t\t<\/div>\n\t\t\t\t<\/a>\n\t\t<\/article>\n\t\t\t\t<\/div>\n\t\t\t\t\t\t<\/div>\n\t\t\t\t<\/div>\n\t\t\t\t\t<\/div>\n\t\t<\/div>\n\t\t\t\t\t<\/div>\n\t\t<\/section>\n\t\t\t\t<\/div>\n\t\t","protected":false},"excerpt":{"rendered":"<p>Schwimmteiche Ein Schwimmteich ist zum Schwimmen gedacht, aber er ist kein Pool mit Pflanzen drum herum. Ein echter Schwimmteich sollte Ihnen das Gef\u00fchl geben, in einem nat\u00fcrlichen See zu schwimmen. Die Umgebung sollte vorzugsweise nat\u00fcrlich sein &#8211; aber sie kann auch ordentlich sein &#8211; mit Uferpflanzen und m\u00f6glicherweise sogar einem Schilfg\u00fcrtel. In einem Schwimmteich benutzen [&hellip;]<\/p>\n","protected":false},"author":1,"featured_media":7653,"parent":5422,"menu_order":0,"comment_status":"closed","ping_status":"closed","template":"elementor_header_footer","meta":{"_acf_changed":false,"_monsterinsights_skip_tracking":false,"_monsterinsights_sitenote_active":false,"_monsterinsights_sitenote_note":"","_monsterinsights_sitenote_category":0,"_uf_show_specific_survey":0,"_uf_disable_surveys":false,"footnotes":""},"categories":[],"tags":[132],"class_list":["post-5410","page","type-page","status-publish","has-post-thumbnail","hentry","tag-seite"],"acf":[],"yoast_head":"<!-- This site is optimized with the Yoast SEO plugin v27.2 - https:\/\/yoast.com\/product\/yoast-seo-wordpress\/ -->\n<title>Bauen Sie einen Schwimmteich? Pondtrends - F\u00fcr Inspiration und Information<\/title>\n<meta name=\"description\" content=\"Ein Schwimmteich ist ein \u00f6kologisches Gebilde, in dem man im Sommer schwimmen und im Winter vielleicht Schlittschuh laufen kann.\" \/>\n<meta name=\"robots\" content=\"index, follow, max-snippet:-1, max-image-preview:large, max-video-preview:-1\" \/>\n<link rel=\"canonical\" href=\"https:\/\/pondtrends.com\/de\/inspiration\/schwimmteiche\/\" \/>\n<meta property=\"og:locale\" content=\"de_DE\" \/>\n<meta property=\"og:type\" content=\"article\" \/>\n<meta property=\"og:title\" content=\"Bauen Sie einen Schwimmteich? Pondtrends - F\u00fcr Inspiration und Information\" \/>\n<meta property=\"og:description\" content=\"Ein Schwimmteich ist ein \u00f6kologisches Gebilde, in dem man im Sommer schwimmen und im Winter vielleicht Schlittschuh laufen kann.\" \/>\n<meta property=\"og:url\" content=\"https:\/\/pondtrends.com\/de\/inspiration\/schwimmteiche\/\" \/>\n<meta property=\"og:site_name\" content=\"Pondtrends\" \/>\n<meta property=\"article:modified_time\" content=\"2023-12-12T12:33:10+00:00\" \/>\n<meta property=\"og:image\" content=\"https:\/\/pondtrends.com\/wp-content\/uploads\/2021\/01\/inspiratie-header-zwemvijver-1.jpg\" \/>\n\t<meta property=\"og:image:width\" content=\"2500\" \/>\n\t<meta property=\"og:image:height\" content=\"1079\" \/>\n\t<meta property=\"og:image:type\" content=\"image\/jpeg\" \/>\n<meta name=\"twitter:card\" content=\"summary_large_image\" \/>\n<meta name=\"twitter:label1\" content=\"Gesch\u00e4tzte Lesezeit\" \/>\n\t<meta name=\"twitter:data1\" content=\"2\u00a0Minuten\" \/>\n<script type=\"application\/ld+json\" class=\"yoast-schema-graph\">{\"@context\":\"https:\/\/schema.org\",\"@graph\":[{\"@type\":\"WebPage\",\"@id\":\"https:\/\/pondtrends.com\/de\/inspiration\/schwimmteiche\/\",\"url\":\"https:\/\/pondtrends.com\/de\/inspiration\/schwimmteiche\/\",\"name\":\"Bauen Sie einen Schwimmteich? Pondtrends - F\u00fcr Inspiration und Information\",\"isPartOf\":{\"@id\":\"https:\/\/pondtrends.com\/de\/#website\"},\"primaryImageOfPage\":{\"@id\":\"https:\/\/pondtrends.com\/de\/inspiration\/schwimmteiche\/#primaryimage\"},\"image\":{\"@id\":\"https:\/\/pondtrends.com\/de\/inspiration\/schwimmteiche\/#primaryimage\"},\"thumbnailUrl\":\"https:\/\/pondtrends.com\/wp-content\/uploads\/2021\/01\/inspiratie-header-zwemvijver-1.jpg\",\"datePublished\":\"2023-10-11T09:21:15+00:00\",\"dateModified\":\"2023-12-12T12:33:10+00:00\",\"description\":\"Ein Schwimmteich ist ein \u00f6kologisches Gebilde, in dem man im Sommer schwimmen und im Winter vielleicht Schlittschuh laufen kann.\",\"breadcrumb\":{\"@id\":\"https:\/\/pondtrends.com\/de\/inspiration\/schwimmteiche\/#breadcrumb\"},\"inLanguage\":\"de\",\"potentialAction\":[{\"@type\":\"ReadAction\",\"target\":[\"https:\/\/pondtrends.com\/de\/inspiration\/schwimmteiche\/\"]}]},{\"@type\":\"ImageObject\",\"inLanguage\":\"de\",\"@id\":\"https:\/\/pondtrends.com\/de\/inspiration\/schwimmteiche\/#primaryimage\",\"url\":\"https:\/\/pondtrends.com\/wp-content\/uploads\/2021\/01\/inspiratie-header-zwemvijver-1.jpg\",\"contentUrl\":\"https:\/\/pondtrends.com\/wp-content\/uploads\/2021\/01\/inspiratie-header-zwemvijver-1.jpg\",\"width\":2500,\"height\":1079},{\"@type\":\"BreadcrumbList\",\"@id\":\"https:\/\/pondtrends.com\/de\/inspiration\/schwimmteiche\/#breadcrumb\",\"itemListElement\":[{\"@type\":\"ListItem\",\"position\":1,\"name\":\"Home\",\"item\":\"https:\/\/pondtrends.com\/de\/\"},{\"@type\":\"ListItem\",\"position\":2,\"name\":\"Inspiration\",\"item\":\"https:\/\/pondtrends.com\/de\/inspiration\/\"},{\"@type\":\"ListItem\",\"position\":3,\"name\":\"Schwimmteiche\"}]},{\"@type\":\"WebSite\",\"@id\":\"https:\/\/pondtrends.com\/de\/#website\",\"url\":\"https:\/\/pondtrends.com\/de\/\",\"name\":\"Pondtrends \u2013 voor inspiratie en informatie over vijvers!\",\"description\":\"voor inspiratie en informatie over vijvers\",\"potentialAction\":[{\"@type\":\"SearchAction\",\"target\":{\"@type\":\"EntryPoint\",\"urlTemplate\":\"https:\/\/pondtrends.com\/de\/?s={search_term_string}\"},\"query-input\":{\"@type\":\"PropertyValueSpecification\",\"valueRequired\":true,\"valueName\":\"search_term_string\"}}],\"inLanguage\":\"de\"}]}<\/script>\n<!-- \/ Yoast SEO plugin. -->","yoast_head_json":{"title":"Bauen Sie einen Schwimmteich? Pondtrends - F\u00fcr Inspiration und Information","description":"Ein Schwimmteich ist ein \u00f6kologisches Gebilde, in dem man im Sommer schwimmen und im Winter vielleicht Schlittschuh laufen kann.","robots":{"index":"index","follow":"follow","max-snippet":"max-snippet:-1","max-image-preview":"max-image-preview:large","max-video-preview":"max-video-preview:-1"},"canonical":"https:\/\/pondtrends.com\/de\/inspiration\/schwimmteiche\/","og_locale":"de_DE","og_type":"article","og_title":"Bauen Sie einen Schwimmteich? Pondtrends - F\u00fcr Inspiration und Information","og_description":"Ein Schwimmteich ist ein \u00f6kologisches Gebilde, in dem man im Sommer schwimmen und im Winter vielleicht Schlittschuh laufen kann.","og_url":"https:\/\/pondtrends.com\/de\/inspiration\/schwimmteiche\/","og_site_name":"Pondtrends","article_modified_time":"2023-12-12T12:33:10+00:00","og_image":[{"width":2500,"height":1079,"url":"https:\/\/pondtrends.com\/wp-content\/uploads\/2021\/01\/inspiratie-header-zwemvijver-1.jpg","type":"image\/jpeg"}],"twitter_card":"summary_large_image","twitter_misc":{"Gesch\u00e4tzte Lesezeit":"2\u00a0Minuten"},"schema":{"@context":"https:\/\/schema.org","@graph":[{"@type":"WebPage","@id":"https:\/\/pondtrends.com\/de\/inspiration\/schwimmteiche\/","url":"https:\/\/pondtrends.com\/de\/inspiration\/schwimmteiche\/","name":"Bauen Sie einen Schwimmteich? Pondtrends - F\u00fcr Inspiration und Information","isPartOf":{"@id":"https:\/\/pondtrends.com\/de\/#website"},"primaryImageOfPage":{"@id":"https:\/\/pondtrends.com\/de\/inspiration\/schwimmteiche\/#primaryimage"},"image":{"@id":"https:\/\/pondtrends.com\/de\/inspiration\/schwimmteiche\/#primaryimage"},"thumbnailUrl":"https:\/\/pondtrends.com\/wp-content\/uploads\/2021\/01\/inspiratie-header-zwemvijver-1.jpg","datePublished":"2023-10-11T09:21:15+00:00","dateModified":"2023-12-12T12:33:10+00:00","description":"Ein Schwimmteich ist ein \u00f6kologisches Gebilde, in dem man im Sommer schwimmen und im Winter vielleicht Schlittschuh laufen kann.","breadcrumb":{"@id":"https:\/\/pondtrends.com\/de\/inspiration\/schwimmteiche\/#breadcrumb"},"inLanguage":"de","potentialAction":[{"@type":"ReadAction","target":["https:\/\/pondtrends.com\/de\/inspiration\/schwimmteiche\/"]}]},{"@type":"ImageObject","inLanguage":"de","@id":"https:\/\/pondtrends.com\/de\/inspiration\/schwimmteiche\/#primaryimage","url":"https:\/\/pondtrends.com\/wp-content\/uploads\/2021\/01\/inspiratie-header-zwemvijver-1.jpg","contentUrl":"https:\/\/pondtrends.com\/wp-content\/uploads\/2021\/01\/inspiratie-header-zwemvijver-1.jpg","width":2500,"height":1079},{"@type":"BreadcrumbList","@id":"https:\/\/pondtrends.com\/de\/inspiration\/schwimmteiche\/#breadcrumb","itemListElement":[{"@type":"ListItem","position":1,"name":"Home","item":"https:\/\/pondtrends.com\/de\/"},{"@type":"ListItem","position":2,"name":"Inspiration","item":"https:\/\/pondtrends.com\/de\/inspiration\/"},{"@type":"ListItem","position":3,"name":"Schwimmteiche"}]},{"@type":"WebSite","@id":"https:\/\/pondtrends.com\/de\/#website","url":"https:\/\/pondtrends.com\/de\/","name":"Pondtrends \u2013 voor inspiratie en informatie over vijvers!","description":"voor inspiratie en informatie over vijvers","potentialAction":[{"@type":"SearchAction","target":{"@type":"EntryPoint","urlTemplate":"https:\/\/pondtrends.com\/de\/?s={search_term_string}"},"query-input":{"@type":"PropertyValueSpecification","valueRequired":true,"valueName":"search_term_string"}}],"inLanguage":"de"}]}},"_links":{"self":[{"href":"https:\/\/pondtrends.com\/de\/wp-json\/wp\/v2\/pages\/5410","targetHints":{"allow":["GET"]}}],"collection":[{"href":"https:\/\/pondtrends.com\/de\/wp-json\/wp\/v2\/pages"}],"about":[{"href":"https:\/\/pondtrends.com\/de\/wp-json\/wp\/v2\/types\/page"}],"author":[{"embeddable":true,"href":"https:\/\/pondtrends.com\/de\/wp-json\/wp\/v2\/users\/1"}],"replies":[{"embeddable":true,"href":"https:\/\/pondtrends.com\/de\/wp-json\/wp\/v2\/comments?post=5410"}],"version-history":[{"count":0,"href":"https:\/\/pondtrends.com\/de\/wp-json\/wp\/v2\/pages\/5410\/revisions"}],"up":[{"embeddable":true,"href":"https:\/\/pondtrends.com\/de\/wp-json\/wp\/v2\/pages\/5422"}],"wp:featuredmedia":[{"embeddable":true,"href":"https:\/\/pondtrends.com\/de\/wp-json\/wp\/v2\/media\/7653"}],"wp:attachment":[{"href":"https:\/\/pondtrends.com\/de\/wp-json\/wp\/v2\/media?parent=5410"}],"wp:term":[{"taxonomy":"category","embeddable":true,"href":"https:\/\/pondtrends.com\/de\/wp-json\/wp\/v2\/categories?post=5410"},{"taxonomy":"post_tag","embeddable":true,"href":"https:\/\/pondtrends.com\/de\/wp-json\/wp\/v2\/tags?post=5410"}],"curies":[{"name":"wp","href":"https:\/\/api.w.org\/{rel}","templated":true}]}}