{"id":5428,"date":"2023-10-11T10:01:21","date_gmt":"2023-10-11T10:01:21","guid":{"rendered":"https:\/\/pondtrends.com\/inspiration\/koi-teiche\/"},"modified":"2023-12-12T12:33:01","modified_gmt":"2023-12-12T12:33:01","slug":"koi-teiche","status":"publish","type":"page","link":"https:\/\/pondtrends.com\/de\/inspiration\/koi-teiche\/","title":{"rendered":"Koi-Teiche"},"content":{"rendered":"\t\t<div data-elementor-type=\"wp-page\" data-elementor-id=\"5428\" class=\"elementor elementor-5428 elementor-1101\" data-elementor-post-type=\"page\">\n\t\t\t\t\t\t<section data-particle_enable=\"false\" data-particle-mobile-disabled=\"false\" class=\"has_ae_slider elementor-section elementor-top-section elementor-element elementor-element-542ba834 elementor-section-boxed elementor-section-height-default elementor-section-height-default ae-bg-gallery-type-default\" data-id=\"542ba834\" data-element_type=\"section\" data-e-type=\"section\" data-settings=\"{&quot;background_background&quot;:&quot;classic&quot;}\">\n\t\t\t\t\t\t\t<div class=\"elementor-background-overlay\"><\/div>\n\t\t\t\t\t\t\t<div class=\"elementor-container elementor-column-gap-default\">\n\t\t\t\t\t<div class=\"has_ae_slider elementor-column elementor-col-100 elementor-top-column elementor-element elementor-element-78c86be3 ae-bg-gallery-type-default\" data-id=\"78c86be3\" data-element_type=\"column\" data-e-type=\"column\">\n\t\t\t<div class=\"elementor-widget-wrap elementor-element-populated\">\n\t\t\t\t\t\t<div class=\"elementor-element elementor-element-600b996a elementor-widget elementor-widget-heading\" data-id=\"600b996a\" data-element_type=\"widget\" data-e-type=\"widget\" data-widget_type=\"heading.default\">\n\t\t\t\t<div class=\"elementor-widget-container\">\n\t\t\t\t\t<h1 class=\"elementor-heading-title elementor-size-default\">Koi-Teiche<\/h1>\t\t\t\t<\/div>\n\t\t\t\t<\/div>\n\t\t\t\t\t<\/div>\n\t\t<\/div>\n\t\t\t\t\t<\/div>\n\t\t<\/section>\n\t\t\t\t<section data-particle_enable=\"false\" data-particle-mobile-disabled=\"false\" class=\"has_ae_slider elementor-section elementor-top-section elementor-element elementor-element-389f0628 elementor-section-boxed elementor-section-height-default elementor-section-height-default ae-bg-gallery-type-default\" data-id=\"389f0628\" data-element_type=\"section\" data-e-type=\"section\" data-settings=\"{&quot;background_background&quot;:&quot;classic&quot;}\">\n\t\t\t\t\t\t<div class=\"elementor-container elementor-column-gap-default\">\n\t\t\t\t\t<div class=\"has_ae_slider elementor-column elementor-col-100 elementor-top-column elementor-element elementor-element-a9282f5 ae-bg-gallery-type-default\" data-id=\"a9282f5\" data-element_type=\"column\" data-e-type=\"column\">\n\t\t\t<div class=\"elementor-widget-wrap elementor-element-populated\">\n\t\t\t\t\t\t<section data-particle_enable=\"false\" data-particle-mobile-disabled=\"false\" class=\"has_ae_slider elementor-section elementor-inner-section elementor-element elementor-element-3f3abb5b elementor-section-boxed elementor-section-height-default elementor-section-height-default ae-bg-gallery-type-default\" data-id=\"3f3abb5b\" data-element_type=\"section\" data-e-type=\"section\">\n\t\t\t\t\t\t<div class=\"elementor-container elementor-column-gap-default\">\n\t\t\t\t\t<div class=\"has_ae_slider elementor-column elementor-col-100 elementor-inner-column elementor-element elementor-element-3ae6d7c0 ae-bg-gallery-type-default\" data-id=\"3ae6d7c0\" data-element_type=\"column\" data-e-type=\"column\">\n\t\t\t<div class=\"elementor-widget-wrap elementor-element-populated\">\n\t\t\t\t\t\t<div class=\"elementor-element elementor-element-76073ecb elementor-widget elementor-widget-text-editor\" data-id=\"76073ecb\" data-element_type=\"widget\" data-e-type=\"widget\" data-widget_type=\"text-editor.default\">\n\t\t\t\t<div class=\"elementor-widget-container\">\n\t\t\t\t\t\t\t\t\t<p>Ein Koiteich hat seinen Namen von den karpfenartigen Fischen. Ein Teich mit Wasserpflanzen wird vom Koi schnell zerst\u00f6rt. Das m\u00fcssen Sie beim Anlegen ber\u00fccksichtigen. Die beste L\u00f6sung ist, einen separaten Bereich anzulegen, in dem die Kois nicht schwimmen k\u00f6nnen.  <\/p>\n<p>Die beste Tiefe f\u00fcr einen Koiteich ist 100 bis 120 cm, so dass die Fische frostfrei \u00fcberwintern k\u00f6nnen. Eine Teichheizung ist ebenfalls erforderlich sowie verschiedene Einrichtungen, um das Wasser klar und sauerstoffreich zu halten. Auch der Boden eines Koiteichs muss st\u00e4ndig gereinigt werden. Dies kann mit verschiedenen Ger\u00e4ten geschehen, von denen der biologische Filter das wichtigste ist. In einem solchen Filter bauen Bakterien die Abfallprodukte ab. Dies geschieht oft in Kombination mit einem UV-Filter, der Keime abt\u00f6tet. Dem Wasser wird k\u00fcnstlich Sauerstoff zugef\u00fchrt, Skimmer m\u00fcssen die Wasseroberfl\u00e4che reinigen und auch der Boden eines Koiteichs sollte vorzugsweise automatisch gereinigt werden.      <\/p>\n<p>Der Aufwand ist gro\u00df, aber Sie bekommen daf\u00fcr auch etwas zur\u00fcck. Die Fische fangen an, Sie und Ihre Mitbewohner zu erkennen, kommen zum Spielen zu Ihnen und fressen Ihnen aus der Hand. Sie k\u00f6nnen wirklich mit ihnen interagieren. Es sind also nicht irgendwelche Fische, es sind Kois!   <\/p>\t\t\t\t\t\t\t\t<\/div>\n\t\t\t\t<\/div>\n\t\t\t\t\t<\/div>\n\t\t<\/div>\n\t\t\t\t\t<\/div>\n\t\t<\/section>\n\t\t\t\t\t<\/div>\n\t\t<\/div>\n\t\t\t\t\t<\/div>\n\t\t<\/section>\n\t\t\t\t<section data-particle_enable=\"false\" data-particle-mobile-disabled=\"false\" class=\"has_ae_slider elementor-section elementor-top-section elementor-element elementor-element-69b7d245 elementor-section-boxed elementor-section-height-default elementor-section-height-default ae-bg-gallery-type-default\" data-id=\"69b7d245\" data-element_type=\"section\" data-e-type=\"section\">\n\t\t\t\t\t\t<div class=\"elementor-container elementor-column-gap-default\">\n\t\t\t\t\t<div class=\"has_ae_slider elementor-column elementor-col-100 elementor-top-column elementor-element elementor-element-1b963744 ae-bg-gallery-type-default\" data-id=\"1b963744\" data-element_type=\"column\" data-e-type=\"column\">\n\t\t\t<div class=\"elementor-widget-wrap elementor-element-populated\">\n\t\t\t\t\t\t<div class=\"elementor-element elementor-element-3a0b5f0c elementor-widget elementor-widget-heading\" data-id=\"3a0b5f0c\" data-element_type=\"widget\" data-e-type=\"widget\" data-widget_type=\"heading.default\">\n\t\t\t\t<div class=\"elementor-widget-container\">\n\t\t\t\t\t<h1 class=\"elementor-heading-title elementor-size-default\">Mehr Koiteiche<\/h1>\t\t\t\t<\/div>\n\t\t\t\t<\/div>\n\t\t\t\t\t<\/div>\n\t\t<\/div>\n\t\t\t\t\t<\/div>\n\t\t<\/section>\n\t\t\t\t<\/div>\n\t\t","protected":false},"excerpt":{"rendered":"<p>Koi-Teiche Ein Koiteich hat seinen Namen von den karpfenartigen Fischen. Ein Teich mit Wasserpflanzen wird vom Koi schnell zerst\u00f6rt. Das m\u00fcssen Sie beim Anlegen ber\u00fccksichtigen. Die beste L\u00f6sung ist, einen separaten Bereich anzulegen, in dem die Kois nicht schwimmen k\u00f6nnen. Die beste Tiefe f\u00fcr einen Koiteich ist 100 bis 120 cm, so dass die Fische [&hellip;]<\/p>\n","protected":false},"author":1,"featured_media":7665,"parent":5422,"menu_order":0,"comment_status":"closed","ping_status":"closed","template":"elementor_header_footer","meta":{"_acf_changed":false,"_monsterinsights_skip_tracking":false,"_monsterinsights_sitenote_active":false,"_monsterinsights_sitenote_note":"","_monsterinsights_sitenote_category":0,"_uf_show_specific_survey":0,"_uf_disable_surveys":false,"footnotes":""},"categories":[],"tags":[132],"class_list":["post-5428","page","type-page","status-publish","has-post-thumbnail","hentry","tag-seite"],"acf":[],"yoast_head":"<!-- This site is optimized with the Yoast SEO plugin v27.5 - https:\/\/yoast.com\/product\/yoast-seo-wordpress\/ -->\n<title>Bauen Sie einen Koiteich? Inspiration und Informationen finden Sie auf Pondtrends<\/title>\n<meta name=\"description\" content=\"Der Bau eines Koiteichs ist mit viel Arbeit verbunden. Wat moet je wel doen en juist niet? Sie finden es auf Pound Trends.\" \/>\n<meta name=\"robots\" content=\"index, follow, max-snippet:-1, max-image-preview:large, max-video-preview:-1\" \/>\n<link rel=\"canonical\" href=\"https:\/\/pondtrends.com\/de\/inspiration\/koi-teiche\/\" \/>\n<meta property=\"og:locale\" content=\"de_DE\" \/>\n<meta property=\"og:type\" content=\"article\" \/>\n<meta property=\"og:title\" content=\"Bauen Sie einen Koiteich? Inspiration und Informationen finden Sie auf Pondtrends\" \/>\n<meta property=\"og:description\" content=\"Der Bau eines Koiteichs ist mit viel Arbeit verbunden. Wat moet je wel doen en juist niet? Sie finden es auf Pound Trends.\" \/>\n<meta property=\"og:url\" content=\"https:\/\/pondtrends.com\/de\/inspiration\/koi-teiche\/\" \/>\n<meta property=\"og:site_name\" content=\"Pondtrends\" \/>\n<meta property=\"article:modified_time\" content=\"2023-12-12T12:33:01+00:00\" \/>\n<meta property=\"og:image\" content=\"https:\/\/pondtrends.com\/wp-content\/uploads\/2021\/01\/inspiratie-header-koivijver-3.jpg\" \/>\n\t<meta property=\"og:image:width\" content=\"2500\" \/>\n\t<meta property=\"og:image:height\" content=\"1079\" \/>\n\t<meta property=\"og:image:type\" content=\"image\/jpeg\" \/>\n<meta name=\"twitter:card\" content=\"summary_large_image\" \/>\n<meta name=\"twitter:label1\" content=\"Gesch\u00e4tzte Lesezeit\" \/>\n\t<meta name=\"twitter:data1\" content=\"1\u00a0Minute\" \/>\n<script type=\"application\/ld+json\" class=\"yoast-schema-graph\">{\"@context\":\"https:\\\/\\\/schema.org\",\"@graph\":[{\"@type\":\"WebPage\",\"@id\":\"https:\\\/\\\/pondtrends.com\\\/de\\\/inspiration\\\/koi-teiche\\\/\",\"url\":\"https:\\\/\\\/pondtrends.com\\\/de\\\/inspiration\\\/koi-teiche\\\/\",\"name\":\"Bauen Sie einen Koiteich? Inspiration und Informationen finden Sie auf Pondtrends\",\"isPartOf\":{\"@id\":\"https:\\\/\\\/pondtrends.com\\\/de\\\/#website\"},\"primaryImageOfPage\":{\"@id\":\"https:\\\/\\\/pondtrends.com\\\/de\\\/inspiration\\\/koi-teiche\\\/#primaryimage\"},\"image\":{\"@id\":\"https:\\\/\\\/pondtrends.com\\\/de\\\/inspiration\\\/koi-teiche\\\/#primaryimage\"},\"thumbnailUrl\":\"https:\\\/\\\/pondtrends.com\\\/wp-content\\\/uploads\\\/2021\\\/01\\\/inspiratie-header-koivijver-3.jpg\",\"datePublished\":\"2023-10-11T10:01:21+00:00\",\"dateModified\":\"2023-12-12T12:33:01+00:00\",\"description\":\"Der Bau eines Koiteichs ist mit viel Arbeit verbunden. Wat moet je wel doen en juist niet? Sie finden es auf Pound Trends.\",\"breadcrumb\":{\"@id\":\"https:\\\/\\\/pondtrends.com\\\/de\\\/inspiration\\\/koi-teiche\\\/#breadcrumb\"},\"inLanguage\":\"de\",\"potentialAction\":[{\"@type\":\"ReadAction\",\"target\":[\"https:\\\/\\\/pondtrends.com\\\/de\\\/inspiration\\\/koi-teiche\\\/\"]}]},{\"@type\":\"ImageObject\",\"inLanguage\":\"de\",\"@id\":\"https:\\\/\\\/pondtrends.com\\\/de\\\/inspiration\\\/koi-teiche\\\/#primaryimage\",\"url\":\"https:\\\/\\\/pondtrends.com\\\/wp-content\\\/uploads\\\/2021\\\/01\\\/inspiratie-header-koivijver-3.jpg\",\"contentUrl\":\"https:\\\/\\\/pondtrends.com\\\/wp-content\\\/uploads\\\/2021\\\/01\\\/inspiratie-header-koivijver-3.jpg\",\"width\":2500,\"height\":1079},{\"@type\":\"BreadcrumbList\",\"@id\":\"https:\\\/\\\/pondtrends.com\\\/de\\\/inspiration\\\/koi-teiche\\\/#breadcrumb\",\"itemListElement\":[{\"@type\":\"ListItem\",\"position\":1,\"name\":\"Home\",\"item\":\"https:\\\/\\\/pondtrends.com\\\/de\\\/\"},{\"@type\":\"ListItem\",\"position\":2,\"name\":\"Inspiration\",\"item\":\"https:\\\/\\\/pondtrends.com\\\/de\\\/inspiration\\\/\"},{\"@type\":\"ListItem\",\"position\":3,\"name\":\"Koi-Teiche\"}]},{\"@type\":\"WebSite\",\"@id\":\"https:\\\/\\\/pondtrends.com\\\/de\\\/#website\",\"url\":\"https:\\\/\\\/pondtrends.com\\\/de\\\/\",\"name\":\"Pondtrends \u2013 voor inspiratie en informatie over vijvers!\",\"description\":\"voor inspiratie en informatie over vijvers\",\"potentialAction\":[{\"@type\":\"SearchAction\",\"target\":{\"@type\":\"EntryPoint\",\"urlTemplate\":\"https:\\\/\\\/pondtrends.com\\\/de\\\/?s={search_term_string}\"},\"query-input\":{\"@type\":\"PropertyValueSpecification\",\"valueRequired\":true,\"valueName\":\"search_term_string\"}}],\"inLanguage\":\"de\"}]}<\/script>\n<!-- \/ Yoast SEO plugin. -->","yoast_head_json":{"title":"Bauen Sie einen Koiteich? Inspiration und Informationen finden Sie auf Pondtrends","description":"Der Bau eines Koiteichs ist mit viel Arbeit verbunden. Wat moet je wel doen en juist niet? Sie finden es auf Pound Trends.","robots":{"index":"index","follow":"follow","max-snippet":"max-snippet:-1","max-image-preview":"max-image-preview:large","max-video-preview":"max-video-preview:-1"},"canonical":"https:\/\/pondtrends.com\/de\/inspiration\/koi-teiche\/","og_locale":"de_DE","og_type":"article","og_title":"Bauen Sie einen Koiteich? Inspiration und Informationen finden Sie auf Pondtrends","og_description":"Der Bau eines Koiteichs ist mit viel Arbeit verbunden. Wat moet je wel doen en juist niet? Sie finden es auf Pound Trends.","og_url":"https:\/\/pondtrends.com\/de\/inspiration\/koi-teiche\/","og_site_name":"Pondtrends","article_modified_time":"2023-12-12T12:33:01+00:00","og_image":[{"width":2500,"height":1079,"url":"https:\/\/pondtrends.com\/wp-content\/uploads\/2021\/01\/inspiratie-header-koivijver-3.jpg","type":"image\/jpeg"}],"twitter_card":"summary_large_image","twitter_misc":{"Gesch\u00e4tzte Lesezeit":"1\u00a0Minute"},"schema":{"@context":"https:\/\/schema.org","@graph":[{"@type":"WebPage","@id":"https:\/\/pondtrends.com\/de\/inspiration\/koi-teiche\/","url":"https:\/\/pondtrends.com\/de\/inspiration\/koi-teiche\/","name":"Bauen Sie einen Koiteich? Inspiration und Informationen finden Sie auf Pondtrends","isPartOf":{"@id":"https:\/\/pondtrends.com\/de\/#website"},"primaryImageOfPage":{"@id":"https:\/\/pondtrends.com\/de\/inspiration\/koi-teiche\/#primaryimage"},"image":{"@id":"https:\/\/pondtrends.com\/de\/inspiration\/koi-teiche\/#primaryimage"},"thumbnailUrl":"https:\/\/pondtrends.com\/wp-content\/uploads\/2021\/01\/inspiratie-header-koivijver-3.jpg","datePublished":"2023-10-11T10:01:21+00:00","dateModified":"2023-12-12T12:33:01+00:00","description":"Der Bau eines Koiteichs ist mit viel Arbeit verbunden. Wat moet je wel doen en juist niet? Sie finden es auf Pound Trends.","breadcrumb":{"@id":"https:\/\/pondtrends.com\/de\/inspiration\/koi-teiche\/#breadcrumb"},"inLanguage":"de","potentialAction":[{"@type":"ReadAction","target":["https:\/\/pondtrends.com\/de\/inspiration\/koi-teiche\/"]}]},{"@type":"ImageObject","inLanguage":"de","@id":"https:\/\/pondtrends.com\/de\/inspiration\/koi-teiche\/#primaryimage","url":"https:\/\/pondtrends.com\/wp-content\/uploads\/2021\/01\/inspiratie-header-koivijver-3.jpg","contentUrl":"https:\/\/pondtrends.com\/wp-content\/uploads\/2021\/01\/inspiratie-header-koivijver-3.jpg","width":2500,"height":1079},{"@type":"BreadcrumbList","@id":"https:\/\/pondtrends.com\/de\/inspiration\/koi-teiche\/#breadcrumb","itemListElement":[{"@type":"ListItem","position":1,"name":"Home","item":"https:\/\/pondtrends.com\/de\/"},{"@type":"ListItem","position":2,"name":"Inspiration","item":"https:\/\/pondtrends.com\/de\/inspiration\/"},{"@type":"ListItem","position":3,"name":"Koi-Teiche"}]},{"@type":"WebSite","@id":"https:\/\/pondtrends.com\/de\/#website","url":"https:\/\/pondtrends.com\/de\/","name":"Pondtrends \u2013 voor inspiratie en informatie over vijvers!","description":"voor inspiratie en informatie over vijvers","potentialAction":[{"@type":"SearchAction","target":{"@type":"EntryPoint","urlTemplate":"https:\/\/pondtrends.com\/de\/?s={search_term_string}"},"query-input":{"@type":"PropertyValueSpecification","valueRequired":true,"valueName":"search_term_string"}}],"inLanguage":"de"}]}},"_links":{"self":[{"href":"https:\/\/pondtrends.com\/de\/wp-json\/wp\/v2\/pages\/5428","targetHints":{"allow":["GET"]}}],"collection":[{"href":"https:\/\/pondtrends.com\/de\/wp-json\/wp\/v2\/pages"}],"about":[{"href":"https:\/\/pondtrends.com\/de\/wp-json\/wp\/v2\/types\/page"}],"author":[{"embeddable":true,"href":"https:\/\/pondtrends.com\/de\/wp-json\/wp\/v2\/users\/1"}],"replies":[{"embeddable":true,"href":"https:\/\/pondtrends.com\/de\/wp-json\/wp\/v2\/comments?post=5428"}],"version-history":[{"count":0,"href":"https:\/\/pondtrends.com\/de\/wp-json\/wp\/v2\/pages\/5428\/revisions"}],"up":[{"embeddable":true,"href":"https:\/\/pondtrends.com\/de\/wp-json\/wp\/v2\/pages\/5422"}],"wp:featuredmedia":[{"embeddable":true,"href":"https:\/\/pondtrends.com\/de\/wp-json\/wp\/v2\/media\/7665"}],"wp:attachment":[{"href":"https:\/\/pondtrends.com\/de\/wp-json\/wp\/v2\/media?parent=5428"}],"wp:term":[{"taxonomy":"category","embeddable":true,"href":"https:\/\/pondtrends.com\/de\/wp-json\/wp\/v2\/categories?post=5428"},{"taxonomy":"post_tag","embeddable":true,"href":"https:\/\/pondtrends.com\/de\/wp-json\/wp\/v2\/tags?post=5428"}],"curies":[{"name":"wp","href":"https:\/\/api.w.org\/{rel}","templated":true}]}}