{"id":5454,"date":"2021-02-16T14:23:47","date_gmt":"2021-02-16T14:23:47","guid":{"rendered":"https:\/\/pondtrends.com\/privacystatement\/"},"modified":"2023-12-12T12:33:26","modified_gmt":"2023-12-12T12:33:26","slug":"datenschutzerklaerung","status":"publish","type":"page","link":"https:\/\/pondtrends.com\/de\/datenschutzerklaerung\/","title":{"rendered":"Datenschutzerkl\u00e4rung"},"content":{"rendered":"\t\t<div data-elementor-type=\"wp-page\" data-elementor-id=\"5454\" class=\"elementor elementor-5454 elementor-3\" data-elementor-post-type=\"page\">\n\t\t\t\t\t\t<section data-particle_enable=\"false\" data-particle-mobile-disabled=\"false\" class=\"has_ae_slider elementor-section elementor-top-section elementor-element elementor-element-7a901800 elementor-section-boxed elementor-section-height-default elementor-section-height-default ae-bg-gallery-type-default\" data-id=\"7a901800\" data-element_type=\"section\" data-e-type=\"section\">\n\t\t\t\t\t\t<div class=\"elementor-container elementor-column-gap-default\">\n\t\t\t\t\t<div class=\"has_ae_slider elementor-column elementor-col-100 elementor-top-column elementor-element elementor-element-6b9c8557 ae-bg-gallery-type-default\" data-id=\"6b9c8557\" data-element_type=\"column\" data-e-type=\"column\">\n\t\t\t<div class=\"elementor-widget-wrap elementor-element-populated\">\n\t\t\t\t\t\t<div class=\"elementor-element elementor-element-c35ad26 elementor-widget elementor-widget-heading\" data-id=\"c35ad26\" data-element_type=\"widget\" data-e-type=\"widget\" data-widget_type=\"heading.default\">\n\t\t\t\t<div class=\"elementor-widget-container\">\n\t\t\t\t\t<h2 class=\"elementor-heading-title elementor-size-default\">Datenschutzerkl\u00e4rung Pondtrends<\/h2>\t\t\t\t<\/div>\n\t\t\t\t<\/div>\n\t\t\t\t<div class=\"elementor-element elementor-element-54624a4f elementor-widget elementor-widget-text-editor\" data-id=\"54624a4f\" data-element_type=\"widget\" data-e-type=\"widget\" data-widget_type=\"text-editor.default\">\n\t\t\t\t<div class=\"elementor-widget-container\">\n\t\t\t\t\t\t\t\t\t<p>Im Rahmen der Erbringung unserer Dienstleistungen verarbeiten wir Ihre personenbezogenen Daten. In dieser Datenschutzerkl\u00e4rung erl\u00e4utern wir, wie Pondtrends Ihre personenbezogenen Daten verwendet.<\/p><p><strong>Verarbeitung von personenbezogenen Daten<\/strong><\/p><p>Personenbezogene Daten sind Informationen, mit denen eine nat\u00fcrliche Person direkt oder indirekt identifiziert werden kann, wie z. B. Ihr Name, Standortdaten (IP-Adresse), E-Mail-Adresse und Telefonnummer.<\/p><p>Pondtrends verarbeitet nur die personenbezogenen Daten, die f\u00fcr den Abschluss und die Erf\u00fcllung von Vertr\u00e4gen im Zusammenhang mit den von Pondtrends angebotenen Dienstleistungen erforderlich sind, einschlie\u00dflich der Durchf\u00fchrung von Aktivit\u00e4ten zur Erweiterung des Kundenstamms. Die Grundlage f\u00fcr diese Verarbeitung ist das berechtigte Interesse von Pondtrends oder die Ausf\u00fchrung eines Vertrags. Dar\u00fcber hinaus werden personenbezogene Daten verarbeitet, um zwingenden gesetzlichen Anforderungen zu gen\u00fcgen.<\/p><p>Pondtrends erh\u00e4lt personenbezogene Daten von Ihnen, zum Beispiel die Daten, die Sie uns \u00fcber die Website, per E-Mail oder telefonisch zur Verf\u00fcgung stellen. Dar\u00fcber hinaus k\u00f6nnen wir Ihre personenbezogenen Daten im Rahmen unserer Dienstleistungen \u00fcber Dritte erhalten. Zu den personenbezogenen Daten, die wir verarbeiten, geh\u00f6ren unter anderem Vor- und Nachname, Adressangaben, Geschlecht, Telefonnummer, E-Mail-Adresse und andere personenbezogene Daten, die Sie Pondtrends zur Verf\u00fcgung stellen.Ihre personenbezogenen Daten werden nicht l\u00e4nger als n\u00f6tig aufbewahrt. Nach Beendigung des Vertrags oder der Beziehung werden personenbezogene Daten zwei Jahre lang aufbewahrt, es sei denn, eine l\u00e4ngere Aufbewahrung ist erforderlich, um einer gesetzlichen (steuerlichen) Verpflichtung nachzukommen.<br \/><br \/><\/p><p><strong>Weitergabe an Dritte<\/strong><\/p><p>Im Rahmen seiner Dienstleistungen kann Pondtrends personenbezogene Daten an Dritte weitergeben, wenn dies f\u00fcr die Dienstleistungen von Pondtrends erforderlich ist, z. B. an IKT-Lieferanten oder den Buchhalter. Schlie\u00dflich k\u00f6nnen personenbezogene Daten an Dritte weitergegeben werden, wenn Pondtrends einer gesetzlichen Verpflichtung nachkommen muss. Pondtrends wird Ihre Daten nicht an Dritte verkaufen.<\/p><p><strong>Cookies (Google Analytics)<br \/><\/strong>Pondtrends verwendet Google Analytics, um zu verfolgen, wie Sie unsere Website nutzen. Dies erm\u00f6glicht es uns zum Beispiel, unsere Website und unsere Dienstleistungen zu verbessern. Google Analytics verwendet Cookies zur Durchf\u00fchrung der Analyse und f\u00fcr den technischen Support. Wir haben mit Google einen Verarbeitungsvertrag abgeschlossen und uns entschieden, die Daten nicht f\u00fcr eigene Zwecke weiterzugeben. Der Verarbeitungsvertrag enth\u00e4lt strenge Vereinbarungen dar\u00fcber, was sie verfolgen d\u00fcrfen. Zu den erfassten Daten geh\u00f6ren Ihre IP-Adresse (wobei die letzten 3 Ziffern maskiert sind), die Anzahl der besuchten Seiten, die Uhrzeit und Dauer des Besuchs, Ihr Standort, die Herkunft des Besuchs, die Art der verwendeten Hard- und Software, die Besucherinteraktion und Ihr Suchverlauf. Die gewonnenen Informationen werden an Google \u00fcbertragen und von Google auf Servern in den Vereinigten Staaten gespeichert, einem Land, das keinen vergleichbaren Datenschutz wie die Europ\u00e4ische Union hat. Wir verwenden keine anderen Google-Dienste in Verbindung mit den Google Analytics-Cookies.<\/p><p><strong>Links<br \/><\/strong>Pondtrends kann auf dieser Website Links zu Internetseiten Dritter einf\u00fcgen. Pondtrends ist nicht verantwortlich f\u00fcr den Inhalt oder f\u00fcr die Datenschutzrichtlinien dieser Drittparteien. Pondtrends empfiehlt Ihnen, deren Richtlinien zur Verarbeitung personenbezogener Daten zur Kenntnis zu nehmen.<\/p><p><strong>Ihre Rechte<\/strong><\/p><p>Sie haben das Recht, Ihre personenbezogenen Daten einzusehen, zu korrigieren oder zu l\u00f6schen. Sie k\u00f6nnen Pondtrends auch auffordern, Ihre personenbezogenen Daten zu \u00fcbertragen oder der Verarbeitung Ihrer personenbezogenen Daten aufgrund besonderer pers\u00f6nlicher Umst\u00e4nde zu widersprechen. Sie k\u00f6nnen einen Antrag auf Einsicht, Berichtigung, L\u00f6schung, \u00dcbertragung oder Widerspruch an <span style=\"display:inline;unicode-bidi:bidi-override;direction:rtl;\" class=\"\">ln.sgnireom<span style=\"display:none;\">obfsctd-3b4e1a<\/span>&#64;ofni<\/span> senden. Pondtrends wird Ihre Anfrage so schnell wie m\u00f6glich beantworten.<\/p><p><strong>Sicherheit<\/strong><\/p><p>Pondtrends nimmt den Schutz Ihrer Daten ernst und ergreift geeignete Ma\u00dfnahmen, um Missbrauch, Verlust, unbefugten Zugriff, unerw\u00fcnschte Offenlegung und unbefugte \u00c4nderung zu verhindern. Die Pondtrends-Website verwendet ein zuverl\u00e4ssiges SSL-Zertifikat, um sicherzustellen, dass Ihre personenbezogenen Daten nicht in die falschen H\u00e4nde geraten.<br \/><br \/>Wenn Sie den Eindruck haben, dass Ihre Daten nicht ordnungsgem\u00e4\u00df gesichert sind oder es Anzeichen f\u00fcr einen Missbrauch gibt, oder wenn Sie weitere Informationen \u00fcber die Sicherheit der von Pondtrends erfassten personenbezogenen Daten w\u00fcnschen, wenden Sie sich bitte an Pondtrends unter <span style=\"display:inline;unicode-bidi:bidi-override;direction:rtl;\" class=\"\">ln.sgnireom<span style=\"display:none;\">obfsctd-336320<\/span>&#64;ofni<\/span>.\u00a0<\/p><p><strong>Pondtrends erreichen Sie folgenderma\u00dfen:<\/strong><\/p><p>Hellemonsdreef 1<br \/>4706 RD Roosendaal<br \/>Niederlande<br \/>Handelskammer: 20099522<br \/>T. +31 165 556094<br \/>E. <span style=\"display:inline;unicode-bidi:bidi-override;direction:rtl;\" class=\"\">ln.sgnireom<span style=\"display:none;\">obfsctd-6cdd30<\/span>&#64;ofni<\/span><\/p><p>Pondtrends kann diese Datenschutzerkl\u00e4rung anpassen. Neue Versionen werden immer auf der Website ver\u00f6ffentlicht. Wir empfehlen Ihnen daher, diese Erkl\u00e4rung regelm\u00e4\u00dfig zu konsultieren, um \u00fcber etwaige \u00c4nderungen informiert zu sein.<\/p>\t\t\t\t\t\t\t\t<\/div>\n\t\t\t\t<\/div>\n\t\t\t\t\t<\/div>\n\t\t<\/div>\n\t\t\t\t\t<\/div>\n\t\t<\/section>\n\t\t\t\t<\/div>\n\t\t","protected":false},"excerpt":{"rendered":"<p>Datenschutzerkl\u00e4rung Pondtrends Im Rahmen der Erbringung unserer Dienstleistungen verarbeiten wir Ihre personenbezogenen Daten. In dieser Datenschutzerkl\u00e4rung erl\u00e4utern wir, wie Pondtrends Ihre personenbezogenen Daten verwendet. Verarbeitung von personenbezogenen Daten Personenbezogene Daten sind Informationen, mit denen eine nat\u00fcrliche Person direkt oder indirekt identifiziert werden kann, wie z. B. Ihr Name, Standortdaten (IP-Adresse), E-Mail-Adresse und Telefonnummer. Pondtrends verarbeitet [&hellip;]<\/p>\n","protected":false},"author":1,"featured_media":5455,"parent":0,"menu_order":0,"comment_status":"closed","ping_status":"closed","template":"elementor_header_footer","meta":{"_acf_changed":false,"_monsterinsights_skip_tracking":false,"_monsterinsights_sitenote_active":false,"_monsterinsights_sitenote_note":"","_monsterinsights_sitenote_category":0,"_uf_show_specific_survey":0,"_uf_disable_surveys":false,"footnotes":""},"categories":[],"tags":[132],"class_list":["post-5454","page","type-page","status-publish","has-post-thumbnail","hentry","tag-seite"],"acf":[],"yoast_head":"<!-- This site is optimized with the Yoast SEO plugin v27.2 - https:\/\/yoast.com\/product\/yoast-seo-wordpress\/ -->\n<title>Datenschutzerkl\u00e4rung &#8211; Pondtrends<\/title>\n<meta name=\"robots\" content=\"index, follow, max-snippet:-1, max-image-preview:large, max-video-preview:-1\" \/>\n<link rel=\"canonical\" href=\"https:\/\/pondtrends.com\/de\/datenschutzerklaerung\/\" \/>\n<meta property=\"og:locale\" content=\"de_DE\" \/>\n<meta property=\"og:type\" content=\"article\" \/>\n<meta property=\"og:title\" content=\"Datenschutzerkl\u00e4rung &#8211; Pondtrends\" \/>\n<meta property=\"og:description\" content=\"Datenschutzerkl\u00e4rung Pondtrends Im Rahmen der Erbringung unserer Dienstleistungen verarbeiten wir Ihre personenbezogenen Daten. In dieser Datenschutzerkl\u00e4rung erl\u00e4utern wir, wie Pondtrends Ihre personenbezogenen Daten verwendet. Verarbeitung von personenbezogenen Daten Personenbezogene Daten sind Informationen, mit denen eine nat\u00fcrliche Person direkt oder indirekt identifiziert werden kann, wie z. B. Ihr Name, Standortdaten (IP-Adresse), E-Mail-Adresse und Telefonnummer. Pondtrends verarbeitet [&hellip;]\" \/>\n<meta property=\"og:url\" content=\"https:\/\/pondtrends.com\/de\/datenschutzerklaerung\/\" \/>\n<meta property=\"og:site_name\" content=\"Pondtrends\" \/>\n<meta property=\"article:modified_time\" content=\"2023-12-12T12:33:26+00:00\" \/>\n<meta property=\"og:image\" content=\"https:\/\/pondtrends.com\/wp-content\/uploads\/2020\/12\/placeholder-plant.jpg\" \/>\n\t<meta property=\"og:image:width\" content=\"300\" \/>\n\t<meta property=\"og:image:height\" content=\"300\" \/>\n\t<meta property=\"og:image:type\" content=\"image\/jpeg\" \/>\n<meta name=\"twitter:card\" content=\"summary_large_image\" \/>\n<meta name=\"twitter:label1\" content=\"Gesch\u00e4tzte Lesezeit\" \/>\n\t<meta name=\"twitter:data1\" content=\"3\u00a0Minuten\" \/>\n<script type=\"application\/ld+json\" class=\"yoast-schema-graph\">{\"@context\":\"https:\/\/schema.org\",\"@graph\":[{\"@type\":\"WebPage\",\"@id\":\"https:\/\/pondtrends.com\/de\/datenschutzerklaerung\/\",\"url\":\"https:\/\/pondtrends.com\/de\/datenschutzerklaerung\/\",\"name\":\"Datenschutzerkl\u00e4rung &#8211; Pondtrends\",\"isPartOf\":{\"@id\":\"https:\/\/pondtrends.com\/de\/#website\"},\"primaryImageOfPage\":{\"@id\":\"https:\/\/pondtrends.com\/de\/datenschutzerklaerung\/#primaryimage\"},\"image\":{\"@id\":\"https:\/\/pondtrends.com\/de\/datenschutzerklaerung\/#primaryimage\"},\"thumbnailUrl\":\"https:\/\/pondtrends.com\/wp-content\/uploads\/2020\/12\/placeholder-plant.jpg\",\"datePublished\":\"2021-02-16T14:23:47+00:00\",\"dateModified\":\"2023-12-12T12:33:26+00:00\",\"breadcrumb\":{\"@id\":\"https:\/\/pondtrends.com\/de\/datenschutzerklaerung\/#breadcrumb\"},\"inLanguage\":\"de\",\"potentialAction\":[{\"@type\":\"ReadAction\",\"target\":[\"https:\/\/pondtrends.com\/de\/datenschutzerklaerung\/\"]}]},{\"@type\":\"ImageObject\",\"inLanguage\":\"de\",\"@id\":\"https:\/\/pondtrends.com\/de\/datenschutzerklaerung\/#primaryimage\",\"url\":\"https:\/\/pondtrends.com\/wp-content\/uploads\/2020\/12\/placeholder-plant.jpg\",\"contentUrl\":\"https:\/\/pondtrends.com\/wp-content\/uploads\/2020\/12\/placeholder-plant.jpg\",\"width\":300,\"height\":300},{\"@type\":\"BreadcrumbList\",\"@id\":\"https:\/\/pondtrends.com\/de\/datenschutzerklaerung\/#breadcrumb\",\"itemListElement\":[{\"@type\":\"ListItem\",\"position\":1,\"name\":\"Home\",\"item\":\"https:\/\/pondtrends.com\/de\/\"},{\"@type\":\"ListItem\",\"position\":2,\"name\":\"Datenschutzerkl\u00e4rung\"}]},{\"@type\":\"WebSite\",\"@id\":\"https:\/\/pondtrends.com\/de\/#website\",\"url\":\"https:\/\/pondtrends.com\/de\/\",\"name\":\"Pondtrends \u2013 voor inspiratie en informatie over vijvers!\",\"description\":\"voor inspiratie en informatie over vijvers\",\"potentialAction\":[{\"@type\":\"SearchAction\",\"target\":{\"@type\":\"EntryPoint\",\"urlTemplate\":\"https:\/\/pondtrends.com\/de\/?s={search_term_string}\"},\"query-input\":{\"@type\":\"PropertyValueSpecification\",\"valueRequired\":true,\"valueName\":\"search_term_string\"}}],\"inLanguage\":\"de\"}]}<\/script>\n<!-- \/ Yoast SEO plugin. -->","yoast_head_json":{"title":"Datenschutzerkl\u00e4rung &#8211; Pondtrends","robots":{"index":"index","follow":"follow","max-snippet":"max-snippet:-1","max-image-preview":"max-image-preview:large","max-video-preview":"max-video-preview:-1"},"canonical":"https:\/\/pondtrends.com\/de\/datenschutzerklaerung\/","og_locale":"de_DE","og_type":"article","og_title":"Datenschutzerkl\u00e4rung &#8211; Pondtrends","og_description":"Datenschutzerkl\u00e4rung Pondtrends Im Rahmen der Erbringung unserer Dienstleistungen verarbeiten wir Ihre personenbezogenen Daten. In dieser Datenschutzerkl\u00e4rung erl\u00e4utern wir, wie Pondtrends Ihre personenbezogenen Daten verwendet. Verarbeitung von personenbezogenen Daten Personenbezogene Daten sind Informationen, mit denen eine nat\u00fcrliche Person direkt oder indirekt identifiziert werden kann, wie z. B. Ihr Name, Standortdaten (IP-Adresse), E-Mail-Adresse und Telefonnummer. Pondtrends verarbeitet [&hellip;]","og_url":"https:\/\/pondtrends.com\/de\/datenschutzerklaerung\/","og_site_name":"Pondtrends","article_modified_time":"2023-12-12T12:33:26+00:00","og_image":[{"width":300,"height":300,"url":"https:\/\/pondtrends.com\/wp-content\/uploads\/2020\/12\/placeholder-plant.jpg","type":"image\/jpeg"}],"twitter_card":"summary_large_image","twitter_misc":{"Gesch\u00e4tzte Lesezeit":"3\u00a0Minuten"},"schema":{"@context":"https:\/\/schema.org","@graph":[{"@type":"WebPage","@id":"https:\/\/pondtrends.com\/de\/datenschutzerklaerung\/","url":"https:\/\/pondtrends.com\/de\/datenschutzerklaerung\/","name":"Datenschutzerkl\u00e4rung &#8211; Pondtrends","isPartOf":{"@id":"https:\/\/pondtrends.com\/de\/#website"},"primaryImageOfPage":{"@id":"https:\/\/pondtrends.com\/de\/datenschutzerklaerung\/#primaryimage"},"image":{"@id":"https:\/\/pondtrends.com\/de\/datenschutzerklaerung\/#primaryimage"},"thumbnailUrl":"https:\/\/pondtrends.com\/wp-content\/uploads\/2020\/12\/placeholder-plant.jpg","datePublished":"2021-02-16T14:23:47+00:00","dateModified":"2023-12-12T12:33:26+00:00","breadcrumb":{"@id":"https:\/\/pondtrends.com\/de\/datenschutzerklaerung\/#breadcrumb"},"inLanguage":"de","potentialAction":[{"@type":"ReadAction","target":["https:\/\/pondtrends.com\/de\/datenschutzerklaerung\/"]}]},{"@type":"ImageObject","inLanguage":"de","@id":"https:\/\/pondtrends.com\/de\/datenschutzerklaerung\/#primaryimage","url":"https:\/\/pondtrends.com\/wp-content\/uploads\/2020\/12\/placeholder-plant.jpg","contentUrl":"https:\/\/pondtrends.com\/wp-content\/uploads\/2020\/12\/placeholder-plant.jpg","width":300,"height":300},{"@type":"BreadcrumbList","@id":"https:\/\/pondtrends.com\/de\/datenschutzerklaerung\/#breadcrumb","itemListElement":[{"@type":"ListItem","position":1,"name":"Home","item":"https:\/\/pondtrends.com\/de\/"},{"@type":"ListItem","position":2,"name":"Datenschutzerkl\u00e4rung"}]},{"@type":"WebSite","@id":"https:\/\/pondtrends.com\/de\/#website","url":"https:\/\/pondtrends.com\/de\/","name":"Pondtrends \u2013 voor inspiratie en informatie over vijvers!","description":"voor inspiratie en informatie over vijvers","potentialAction":[{"@type":"SearchAction","target":{"@type":"EntryPoint","urlTemplate":"https:\/\/pondtrends.com\/de\/?s={search_term_string}"},"query-input":{"@type":"PropertyValueSpecification","valueRequired":true,"valueName":"search_term_string"}}],"inLanguage":"de"}]}},"_links":{"self":[{"href":"https:\/\/pondtrends.com\/de\/wp-json\/wp\/v2\/pages\/5454","targetHints":{"allow":["GET"]}}],"collection":[{"href":"https:\/\/pondtrends.com\/de\/wp-json\/wp\/v2\/pages"}],"about":[{"href":"https:\/\/pondtrends.com\/de\/wp-json\/wp\/v2\/types\/page"}],"author":[{"embeddable":true,"href":"https:\/\/pondtrends.com\/de\/wp-json\/wp\/v2\/users\/1"}],"replies":[{"embeddable":true,"href":"https:\/\/pondtrends.com\/de\/wp-json\/wp\/v2\/comments?post=5454"}],"version-history":[{"count":0,"href":"https:\/\/pondtrends.com\/de\/wp-json\/wp\/v2\/pages\/5454\/revisions"}],"wp:featuredmedia":[{"embeddable":true,"href":"https:\/\/pondtrends.com\/de\/wp-json\/wp\/v2\/media\/5455"}],"wp:attachment":[{"href":"https:\/\/pondtrends.com\/de\/wp-json\/wp\/v2\/media?parent=5454"}],"wp:term":[{"taxonomy":"category","embeddable":true,"href":"https:\/\/pondtrends.com\/de\/wp-json\/wp\/v2\/categories?post=5454"},{"taxonomy":"post_tag","embeddable":true,"href":"https:\/\/pondtrends.com\/de\/wp-json\/wp\/v2\/tags?post=5454"}],"curies":[{"name":"wp","href":"https:\/\/api.w.org\/{rel}","templated":true}]}}