{"id":5921,"date":"2023-11-07T12:06:15","date_gmt":"2023-11-07T12:06:15","guid":{"rendered":"https:\/\/pondtrends.com\/plantes-detang-zone-6\/"},"modified":"2023-12-12T14:12:16","modified_gmt":"2023-12-12T14:12:16","slug":"plantes-detang-zone-6","status":"publish","type":"page","link":"https:\/\/pondtrends.com\/fr\/plantes-detang-zone-6\/","title":{"rendered":"Plantes d&rsquo;\u00e9tang zone 6"},"content":{"rendered":"\t\t<div data-elementor-type=\"wp-page\" data-elementor-id=\"5921\" class=\"elementor elementor-5921 elementor-494\" data-elementor-post-type=\"page\">\n\t\t\t\t\t\t<section data-particle_enable=\"false\" data-particle-mobile-disabled=\"false\" class=\"has_ae_slider elementor-section elementor-top-section elementor-element elementor-element-1b16c202 elementor-section-boxed elementor-section-height-default elementor-section-height-default ae-bg-gallery-type-default\" data-id=\"1b16c202\" data-element_type=\"section\" data-e-type=\"section\" data-settings=\"{&quot;background_background&quot;:&quot;classic&quot;}\">\n\t\t\t\t\t\t\t<div class=\"elementor-background-overlay\"><\/div>\n\t\t\t\t\t\t\t<div class=\"elementor-container elementor-column-gap-default\">\n\t\t\t\t\t<div class=\"has_ae_slider elementor-column elementor-col-100 elementor-top-column elementor-element elementor-element-21e60f1c ae-bg-gallery-type-default\" data-id=\"21e60f1c\" data-element_type=\"column\" data-e-type=\"column\">\n\t\t\t<div class=\"elementor-widget-wrap elementor-element-populated\">\n\t\t\t\t\t\t<div class=\"elementor-element elementor-element-6ff78123 elementor-widget elementor-widget-heading\" data-id=\"6ff78123\" data-element_type=\"widget\" data-e-type=\"widget\" data-widget_type=\"heading.default\">\n\t\t\t\t<div class=\"elementor-widget-container\">\n\t\t\t\t\t<h1 class=\"elementor-heading-title elementor-size-default\">Plantes d'\u00e9tang zone 6<\/h1>\t\t\t\t<\/div>\n\t\t\t\t<\/div>\n\t\t\t\t\t<\/div>\n\t\t<\/div>\n\t\t\t\t\t<\/div>\n\t\t<\/section>\n\t\t\t\t<section data-particle_enable=\"false\" data-particle-mobile-disabled=\"false\" class=\"has_ae_slider elementor-section elementor-top-section elementor-element elementor-element-d9eed24 elementor-section-boxed elementor-section-height-default elementor-section-height-default ae-bg-gallery-type-default\" data-id=\"d9eed24\" data-element_type=\"section\" data-e-type=\"section\" data-settings=\"{&quot;background_background&quot;:&quot;classic&quot;}\">\n\t\t\t\t\t\t<div class=\"elementor-container elementor-column-gap-default\">\n\t\t\t\t\t<div class=\"has_ae_slider elementor-column elementor-col-100 elementor-top-column elementor-element elementor-element-576d2ca0 ae-bg-gallery-type-default\" data-id=\"576d2ca0\" data-element_type=\"column\" data-e-type=\"column\">\n\t\t\t<div class=\"elementor-widget-wrap elementor-element-populated\">\n\t\t\t\t\t\t<section data-particle_enable=\"false\" data-particle-mobile-disabled=\"false\" class=\"has_ae_slider elementor-section elementor-inner-section elementor-element elementor-element-62cf7d60 elementor-section-boxed elementor-section-height-default elementor-section-height-default ae-bg-gallery-type-default\" data-id=\"62cf7d60\" data-element_type=\"section\" data-e-type=\"section\">\n\t\t\t\t\t\t<div class=\"elementor-container elementor-column-gap-default\">\n\t\t\t\t\t<div class=\"has_ae_slider elementor-column elementor-col-100 elementor-inner-column elementor-element elementor-element-77624b5f ae-bg-gallery-type-default\" data-id=\"77624b5f\" data-element_type=\"column\" data-e-type=\"column\">\n\t\t\t<div class=\"elementor-widget-wrap elementor-element-populated\">\n\t\t\t\t\t\t<div class=\"elementor-element elementor-element-7020f77c elementor-widget elementor-widget-heading\" data-id=\"7020f77c\" data-element_type=\"widget\" data-e-type=\"widget\" data-widget_type=\"heading.default\">\n\t\t\t\t<div class=\"elementor-widget-container\">\n\t\t\t\t\t<h2 class=\"elementor-heading-title elementor-size-default\">Plantes flottantes<\/h2>\t\t\t\t<\/div>\n\t\t\t\t<\/div>\n\t\t\t\t<div class=\"elementor-element elementor-element-224bf525 elementor-widget elementor-widget-text-editor\" data-id=\"224bf525\" data-element_type=\"widget\" data-e-type=\"widget\" data-widget_type=\"text-editor.default\">\n\t\t\t\t<div class=\"elementor-widget-container\">\n\t\t\t\t\t\t\t\t\t<p>Posez simplement des plantes flottantes sur l&rsquo;eau. Elles forment des racines pour extraire la nourriture de l&rsquo;eau et extraire le CO2 n\u00e9cessaire directement de l&rsquo;air. Les plantes flottantes jouent un r\u00f4le important dans l&rsquo;\u00e9tang. Elles fournissent beaucoup d&rsquo;ombre, ainsi les algues n&rsquo;ont aucune chance de se d\u00e9velopper. Les poissons aiment \u00e9galement s&rsquo;y cacher et elles constituent un excellent lieu de ponte pour de nombreux autres animaux de l&rsquo;\u00e9tang, comme les salamandres. Les plantes flottantes peuvent se multiplier rapidement, de sorte que votre \u00e9tang risque d&rsquo;\u00eatre envahi par la v\u00e9g\u00e9tation. Enlevez-en donc de temps en temps afin que les deux tiers de la surface de l&rsquo;eau restent toujours d\u00e9gag\u00e9s. Jetez les plantes flottantes exc\u00e9dentaires dans la poubelle et non dans le foss\u00e9.       <\/p>\n\t\t\t\t\t\t\t\t<\/div>\n\t\t\t\t<\/div>\n\t\t\t\t\t<\/div>\n\t\t<\/div>\n\t\t\t\t\t<\/div>\n\t\t<\/section>\n\t\t\t\t\t<\/div>\n\t\t<\/div>\n\t\t\t\t\t<\/div>\n\t\t<\/section>\n\t\t\t\t<section data-particle_enable=\"false\" data-particle-mobile-disabled=\"false\" class=\"has_ae_slider elementor-section elementor-top-section elementor-element elementor-element-7056d950 elementor-section-boxed elementor-section-height-default elementor-section-height-default ae-bg-gallery-type-default\" data-id=\"7056d950\" data-element_type=\"section\" data-e-type=\"section\">\n\t\t\t\t\t\t<div class=\"elementor-container elementor-column-gap-default\">\n\t\t\t\t\t<div class=\"has_ae_slider elementor-column elementor-col-100 elementor-top-column elementor-element elementor-element-397fbe2b ae-bg-gallery-type-default\" data-id=\"397fbe2b\" data-element_type=\"column\" data-e-type=\"column\">\n\t\t\t<div class=\"elementor-widget-wrap elementor-element-populated\">\n\t\t\t\t\t\t<div class=\"elementor-element elementor-element-12d2cb4 elementor-widget elementor-widget-heading\" data-id=\"12d2cb4\" data-element_type=\"widget\" data-e-type=\"widget\" data-widget_type=\"heading.default\">\n\t\t\t\t<div class=\"elementor-widget-container\">\n\t\t\t\t\t<h2 class=\"elementor-heading-title elementor-size-default\">Plantes en zone 6<\/h2>\t\t\t\t<\/div>\n\t\t\t\t<\/div>\n\t\t\t\t<div class=\"elementor-element elementor-element-62587279 elementor-grid-6 elementor-grid-tablet-6 elementor-grid-mobile-3 elementor-widget elementor-widget-portfolio\" data-id=\"62587279\" data-element_type=\"widget\" data-e-type=\"widget\" data-settings=\"{&quot;item_ratio&quot;:{&quot;unit&quot;:&quot;px&quot;,&quot;size&quot;:1,&quot;sizes&quot;:[]},&quot;columns&quot;:&quot;6&quot;,&quot;row_gap&quot;:{&quot;unit&quot;:&quot;px&quot;,&quot;size&quot;:10,&quot;sizes&quot;:[]},&quot;columns_tablet&quot;:&quot;6&quot;,&quot;columns_mobile&quot;:&quot;3&quot;,&quot;item_gap&quot;:{&quot;unit&quot;:&quot;px&quot;,&quot;size&quot;:&quot;&quot;,&quot;sizes&quot;:[]}}\" data-widget_type=\"portfolio.default\">\n\t\t\t\t<div class=\"elementor-widget-container\">\n\t\t\t\t\t\t\t<div class=\"elementor-portfolio elementor-grid elementor-posts-container\" role=\"list\">\n\t\t\t\t<article class=\"elementor-portfolio-item elementor-post  post-8990 plants type-plants status-publish has-post-thumbnail hentry tag-plantes zone-zone-6-fr plantspecies-plantes-flottantes type_of_pond-etangs-de-baignade type_of_pond-etangs-naturels\" role=\"listitem\">\n\t\t\t<a class=\"elementor-post__thumbnail__link\" href=\"https:\/\/pondtrends.com\/fr\/plantes\/trapa-natans\/\">\n\t\t\t\t<div class=\"elementor-portfolio-item__img elementor-post__thumbnail\">\n\t\t\t<img fetchpriority=\"high\" decoding=\"async\" width=\"300\" height=\"300\" src=\"https:\/\/pondtrends.com\/wp-content\/uploads\/2020\/12\/trapa-natans-300x300.jpg\" class=\"attachment-medium size-medium wp-image-7622\" alt=\"|\" srcset=\"https:\/\/pondtrends.com\/wp-content\/uploads\/2020\/12\/trapa-natans.jpg 300w, https:\/\/pondtrends.com\/wp-content\/uploads\/2020\/12\/trapa-natans-150x150.jpg 150w\" sizes=\"(max-width: 300px) 100vw, 300px\" \/>\t\t<\/div>\n\t\t\t\t<div class=\"elementor-portfolio-item__overlay\">\n\t\t\t\t<h3 class=\"elementor-portfolio-item__title\">\n\t\tTrapa natans\t\t<\/h3>\n\t\t\t\t<\/div>\n\t\t\t\t<\/a>\n\t\t<\/article>\n\t\t\t\t<article class=\"elementor-portfolio-item elementor-post  post-8970 plants type-plants status-publish has-post-thumbnail hentry tag-plantes zone-zone-6-fr plantspecies-plantes-flottantes type_of_pond-etangs-de-baignade type_of_pond-etangs-naturels\" role=\"listitem\">\n\t\t\t<a class=\"elementor-post__thumbnail__link\" href=\"https:\/\/pondtrends.com\/fr\/plantes\/salvinia-natans\/\">\n\t\t\t\t<div class=\"elementor-portfolio-item__img elementor-post__thumbnail\">\n\t\t\t<img decoding=\"async\" width=\"300\" height=\"300\" src=\"https:\/\/pondtrends.com\/wp-content\/uploads\/2020\/12\/Salvinia-natans-300x300.jpg\" class=\"attachment-medium size-medium wp-image-7508\" alt=\"|\" srcset=\"https:\/\/pondtrends.com\/wp-content\/uploads\/2020\/12\/Salvinia-natans.jpg 300w, https:\/\/pondtrends.com\/wp-content\/uploads\/2020\/12\/Salvinia-natans-150x150.jpg 150w\" sizes=\"(max-width: 300px) 100vw, 300px\" \/>\t\t<\/div>\n\t\t\t\t<div class=\"elementor-portfolio-item__overlay\">\n\t\t\t\t<h3 class=\"elementor-portfolio-item__title\">\n\t\tSalvinia natans\t\t<\/h3>\n\t\t\t\t<\/div>\n\t\t\t\t<\/a>\n\t\t<\/article>\n\t\t\t\t<article class=\"elementor-portfolio-item elementor-post  post-8947 plants type-plants status-publish has-post-thumbnail hentry tag-plantes zone-zone-6-fr plantspecies-plantes-flottantes type_of_pond-etangs-de-baignade type_of_pond-etangs-naturels\" role=\"listitem\">\n\t\t\t<a class=\"elementor-post__thumbnail__link\" href=\"https:\/\/pondtrends.com\/fr\/plantes\/pistia-stratiotes\/\">\n\t\t\t\t<div class=\"elementor-portfolio-item__img elementor-post__thumbnail\">\n\t\t\t<img decoding=\"async\" width=\"300\" height=\"300\" src=\"https:\/\/pondtrends.com\/wp-content\/uploads\/2020\/12\/Pistia-stratiotes-300x300.jpg\" class=\"attachment-medium size-medium wp-image-7480\" alt=\"|\" srcset=\"https:\/\/pondtrends.com\/wp-content\/uploads\/2020\/12\/Pistia-stratiotes.jpg 300w, https:\/\/pondtrends.com\/wp-content\/uploads\/2020\/12\/Pistia-stratiotes-150x150.jpg 150w\" sizes=\"(max-width: 300px) 100vw, 300px\" \/>\t\t<\/div>\n\t\t\t\t<div class=\"elementor-portfolio-item__overlay\">\n\t\t\t\t<h3 class=\"elementor-portfolio-item__title\">\n\t\tPistia stratiotes\t\t<\/h3>\n\t\t\t\t<\/div>\n\t\t\t\t<\/a>\n\t\t<\/article>\n\t\t\t\t<article class=\"elementor-portfolio-item elementor-post  post-8944 plants type-plants status-publish has-post-thumbnail hentry tag-plantes zone-zone-6-fr plantspecies-plantes-flottantes type_of_pond-etangs-de-baignade type_of_pond-etangs-naturels\" role=\"listitem\">\n\t\t\t<a class=\"elementor-post__thumbnail__link\" href=\"https:\/\/pondtrends.com\/fr\/plantes\/phillanthus-fusstans\/\">\n\t\t\t\t<div class=\"elementor-portfolio-item__img elementor-post__thumbnail\">\n\t\t\t<img loading=\"lazy\" decoding=\"async\" width=\"300\" height=\"300\" src=\"https:\/\/pondtrends.com\/wp-content\/uploads\/2020\/12\/Phyllanthus-fluitans-300x300.jpg\" class=\"attachment-medium size-medium wp-image-7117\" alt=\"|\" srcset=\"https:\/\/pondtrends.com\/wp-content\/uploads\/2020\/12\/Phyllanthus-fluitans.jpg 300w, https:\/\/pondtrends.com\/wp-content\/uploads\/2020\/12\/Phyllanthus-fluitans-150x150.jpg 150w\" sizes=\"(max-width: 300px) 100vw, 300px\" \/>\t\t<\/div>\n\t\t\t\t<div class=\"elementor-portfolio-item__overlay\">\n\t\t\t\t<h3 class=\"elementor-portfolio-item__title\">\n\t\tPhillanthus fusstans\t\t<\/h3>\n\t\t\t\t<\/div>\n\t\t\t\t<\/a>\n\t\t<\/article>\n\t\t\t\t<article class=\"elementor-portfolio-item elementor-post  post-8851 plants type-plants status-publish has-post-thumbnail hentry tag-plant-fr tag-plantes zone-zone-6-fr plantspecies-plantes-flottantes type_of_pond-etangs-de-baignade type_of_pond-etangs-naturels\" role=\"listitem\">\n\t\t\t<a class=\"elementor-post__thumbnail__link\" href=\"https:\/\/pondtrends.com\/fr\/plantes\/limnobium-spangia\/\">\n\t\t\t\t<div class=\"elementor-portfolio-item__img elementor-post__thumbnail\">\n\t\t\t<img loading=\"lazy\" decoding=\"async\" width=\"300\" height=\"300\" src=\"https:\/\/pondtrends.com\/wp-content\/uploads\/2020\/12\/Limnobium-spongia--300x300.jpg\" class=\"attachment-medium size-medium wp-image-7432\" alt=\"\" srcset=\"https:\/\/pondtrends.com\/wp-content\/uploads\/2020\/12\/Limnobium-spongia-.jpg 300w, https:\/\/pondtrends.com\/wp-content\/uploads\/2020\/12\/Limnobium-spongia--150x150.jpg 150w\" sizes=\"(max-width: 300px) 100vw, 300px\" \/>\t\t<\/div>\n\t\t\t\t<div class=\"elementor-portfolio-item__overlay\">\n\t\t\t\t<h3 class=\"elementor-portfolio-item__title\">\n\t\tLimnobium spangia\t\t<\/h3>\n\t\t\t\t<\/div>\n\t\t\t\t<\/a>\n\t\t<\/article>\n\t\t\t\t<article class=\"elementor-portfolio-item elementor-post  post-8827 plants type-plants status-publish has-post-thumbnail hentry tag-plantes zone-zone-6-fr plantspecies-plantes-flottantes type_of_pond-etangs-classiques type_of_pond-etangs-de-baignade type_of_pond-etangs-naturels\" role=\"listitem\">\n\t\t\t<a class=\"elementor-post__thumbnail__link\" href=\"https:\/\/pondtrends.com\/fr\/plantes\/hydrocharis-morsus-ranae\/\">\n\t\t\t\t<div class=\"elementor-portfolio-item__img elementor-post__thumbnail\">\n\t\t\t<img loading=\"lazy\" decoding=\"async\" width=\"300\" height=\"300\" src=\"https:\/\/pondtrends.com\/wp-content\/uploads\/2020\/12\/Hydrocharis-morsus-ranae-300x300.jpg\" class=\"attachment-medium size-medium wp-image-7211\" alt=\"|\" srcset=\"https:\/\/pondtrends.com\/wp-content\/uploads\/2020\/12\/Hydrocharis-morsus-ranae.jpg 300w, https:\/\/pondtrends.com\/wp-content\/uploads\/2020\/12\/Hydrocharis-morsus-ranae-150x150.jpg 150w\" sizes=\"(max-width: 300px) 100vw, 300px\" \/>\t\t<\/div>\n\t\t\t\t<div class=\"elementor-portfolio-item__overlay\">\n\t\t\t\t<h3 class=\"elementor-portfolio-item__title\">\n\t\tHydrocharis morsus-ranae\t\t<\/h3>\n\t\t\t\t<\/div>\n\t\t\t\t<\/a>\n\t\t<\/article>\n\t\t\t\t<article class=\"elementor-portfolio-item elementor-post  post-8828 plants type-plants status-publish has-post-thumbnail hentry tag-plantes zone-zone-6-fr plantspecies-plantes-flottantes type_of_pond-etangs-de-baignade type_of_pond-etangs-naturels\" role=\"listitem\">\n\t\t\t<a class=\"elementor-post__thumbnail__link\" href=\"https:\/\/pondtrends.com\/fr\/plantes\/hydrocleys-nymphoides\/\">\n\t\t\t\t<div class=\"elementor-portfolio-item__img elementor-post__thumbnail\">\n\t\t\t<img loading=\"lazy\" decoding=\"async\" width=\"300\" height=\"300\" src=\"https:\/\/pondtrends.com\/wp-content\/uploads\/2020\/12\/Hydrocleys-nymphoides-300x300.jpg\" class=\"attachment-medium size-medium wp-image-7386\" alt=\"|\" srcset=\"https:\/\/pondtrends.com\/wp-content\/uploads\/2020\/12\/Hydrocleys-nymphoides.jpg 300w, https:\/\/pondtrends.com\/wp-content\/uploads\/2020\/12\/Hydrocleys-nymphoides-150x150.jpg 150w\" sizes=\"(max-width: 300px) 100vw, 300px\" \/>\t\t<\/div>\n\t\t\t\t<div class=\"elementor-portfolio-item__overlay\">\n\t\t\t\t<h3 class=\"elementor-portfolio-item__title\">\n\t\tHydrocleys nymphoides\t\t<\/h3>\n\t\t\t\t<\/div>\n\t\t\t\t<\/a>\n\t\t<\/article>\n\t\t\t\t<\/div>\n\t\t\t\t\t\t<\/div>\n\t\t\t\t<\/div>\n\t\t\t\t\t<\/div>\n\t\t<\/div>\n\t\t\t\t\t<\/div>\n\t\t<\/section>\n\t\t\t\t<\/div>\n\t\t","protected":false},"excerpt":{"rendered":"<p>Plantes d&rsquo;\u00e9tang zone 6 Plantes flottantes Posez simplement des plantes flottantes sur l&rsquo;eau. Elles forment des racines pour extraire la nourriture de l&rsquo;eau et extraire le CO2 n\u00e9cessaire directement de l&rsquo;air. Les plantes flottantes jouent un r\u00f4le important dans l&rsquo;\u00e9tang. Elles fournissent beaucoup d&rsquo;ombre, ainsi les algues n&rsquo;ont aucune chance de se d\u00e9velopper. Les poissons [&hellip;]<\/p>\n","protected":false},"author":1,"featured_media":7016,"parent":0,"menu_order":0,"comment_status":"closed","ping_status":"closed","template":"elementor_header_footer","meta":{"_acf_changed":false,"_monsterinsights_skip_tracking":false,"_monsterinsights_sitenote_active":false,"_monsterinsights_sitenote_note":"","_monsterinsights_sitenote_category":0,"_uf_show_specific_survey":0,"_uf_disable_surveys":false,"footnotes":""},"categories":[],"tags":[143],"class_list":["post-5921","page","type-page","status-publish","has-post-thumbnail","hentry","tag-page-fr"],"acf":[],"yoast_head":"<!-- This site is optimized with the Yoast SEO plugin v27.2 - https:\/\/yoast.com\/product\/yoast-seo-wordpress\/ -->\n<title>Les plantes flottantes fournissent de l&#039;ombre dans les \u00e9tangs de la zone 6 \u2013 Pondtrends<\/title>\n<meta name=\"description\" content=\"Les plantes flottantes fournissent de l&#039;ombre qui emp\u00eache les algues de se d\u00e9velopper et les poissons aiment s&#039;y cacher. Pondtrends pour obtenir des informations et de l&#039;inspiration.\" \/>\n<meta name=\"robots\" content=\"index, follow, max-snippet:-1, max-image-preview:large, max-video-preview:-1\" \/>\n<link rel=\"canonical\" href=\"https:\/\/pondtrends.com\/fr\/plantes-detang-zone-6\/\" \/>\n<meta property=\"og:locale\" content=\"fr_FR\" \/>\n<meta property=\"og:type\" content=\"article\" \/>\n<meta property=\"og:title\" content=\"Les plantes flottantes fournissent de l&#039;ombre dans les \u00e9tangs de la zone 6 \u2013 Pondtrends\" \/>\n<meta property=\"og:description\" content=\"Les plantes flottantes fournissent de l&#039;ombre qui emp\u00eache les algues de se d\u00e9velopper et les poissons aiment s&#039;y cacher. Pondtrends pour obtenir des informations et de l&#039;inspiration.\" \/>\n<meta property=\"og:url\" content=\"https:\/\/pondtrends.com\/fr\/plantes-detang-zone-6\/\" \/>\n<meta property=\"og:site_name\" content=\"Pondtrends\" \/>\n<meta property=\"article:modified_time\" content=\"2023-12-12T14:12:16+00:00\" \/>\n<meta property=\"og:image\" content=\"https:\/\/pondtrends.com\/wp-content\/uploads\/2020\/12\/6254.253-Pondtrends-zone-6-3.jpg\" \/>\n\t<meta property=\"og:image:width\" content=\"312\" \/>\n\t<meta property=\"og:image:height\" content=\"1112\" \/>\n\t<meta property=\"og:image:type\" content=\"image\/jpeg\" \/>\n<meta name=\"twitter:card\" content=\"summary_large_image\" \/>\n<meta name=\"twitter:label1\" content=\"Dur\u00e9e de lecture estim\u00e9e\" \/>\n\t<meta name=\"twitter:data1\" content=\"1 minute\" \/>\n<script type=\"application\/ld+json\" class=\"yoast-schema-graph\">{\"@context\":\"https:\/\/schema.org\",\"@graph\":[{\"@type\":\"WebPage\",\"@id\":\"https:\/\/pondtrends.com\/fr\/plantes-detang-zone-6\/\",\"url\":\"https:\/\/pondtrends.com\/fr\/plantes-detang-zone-6\/\",\"name\":\"Les plantes flottantes fournissent de l'ombre dans les \u00e9tangs de la zone 6 \u2013 Pondtrends\",\"isPartOf\":{\"@id\":\"https:\/\/pondtrends.com\/fr\/#website\"},\"primaryImageOfPage\":{\"@id\":\"https:\/\/pondtrends.com\/fr\/plantes-detang-zone-6\/#primaryimage\"},\"image\":{\"@id\":\"https:\/\/pondtrends.com\/fr\/plantes-detang-zone-6\/#primaryimage\"},\"thumbnailUrl\":\"https:\/\/pondtrends.com\/wp-content\/uploads\/2020\/12\/6254.253-Pondtrends-zone-6-3.jpg\",\"datePublished\":\"2023-11-07T12:06:15+00:00\",\"dateModified\":\"2023-12-12T14:12:16+00:00\",\"description\":\"Les plantes flottantes fournissent de l'ombre qui emp\u00eache les algues de se d\u00e9velopper et les poissons aiment s'y cacher. Pondtrends pour obtenir des informations et de l'inspiration.\",\"breadcrumb\":{\"@id\":\"https:\/\/pondtrends.com\/fr\/plantes-detang-zone-6\/#breadcrumb\"},\"inLanguage\":\"fr-FR\",\"potentialAction\":[{\"@type\":\"ReadAction\",\"target\":[\"https:\/\/pondtrends.com\/fr\/plantes-detang-zone-6\/\"]}]},{\"@type\":\"ImageObject\",\"inLanguage\":\"fr-FR\",\"@id\":\"https:\/\/pondtrends.com\/fr\/plantes-detang-zone-6\/#primaryimage\",\"url\":\"https:\/\/pondtrends.com\/wp-content\/uploads\/2020\/12\/6254.253-Pondtrends-zone-6-3.jpg\",\"contentUrl\":\"https:\/\/pondtrends.com\/wp-content\/uploads\/2020\/12\/6254.253-Pondtrends-zone-6-3.jpg\",\"width\":312,\"height\":1112},{\"@type\":\"BreadcrumbList\",\"@id\":\"https:\/\/pondtrends.com\/fr\/plantes-detang-zone-6\/#breadcrumb\",\"itemListElement\":[{\"@type\":\"ListItem\",\"position\":1,\"name\":\"Home\",\"item\":\"https:\/\/pondtrends.com\/fr\/\"},{\"@type\":\"ListItem\",\"position\":2,\"name\":\"Plantes d&#8217;\u00e9tang zone 6\"}]},{\"@type\":\"WebSite\",\"@id\":\"https:\/\/pondtrends.com\/fr\/#website\",\"url\":\"https:\/\/pondtrends.com\/fr\/\",\"name\":\"Pondtrends \u2013 voor inspiratie en informatie over vijvers!\",\"description\":\"voor inspiratie en informatie over vijvers\",\"potentialAction\":[{\"@type\":\"SearchAction\",\"target\":{\"@type\":\"EntryPoint\",\"urlTemplate\":\"https:\/\/pondtrends.com\/fr\/?s={search_term_string}\"},\"query-input\":{\"@type\":\"PropertyValueSpecification\",\"valueRequired\":true,\"valueName\":\"search_term_string\"}}],\"inLanguage\":\"fr-FR\"}]}<\/script>\n<!-- \/ Yoast SEO plugin. -->","yoast_head_json":{"title":"Les plantes flottantes fournissent de l'ombre dans les \u00e9tangs de la zone 6 \u2013 Pondtrends","description":"Les plantes flottantes fournissent de l'ombre qui emp\u00eache les algues de se d\u00e9velopper et les poissons aiment s'y cacher. Pondtrends pour obtenir des informations et de l'inspiration.","robots":{"index":"index","follow":"follow","max-snippet":"max-snippet:-1","max-image-preview":"max-image-preview:large","max-video-preview":"max-video-preview:-1"},"canonical":"https:\/\/pondtrends.com\/fr\/plantes-detang-zone-6\/","og_locale":"fr_FR","og_type":"article","og_title":"Les plantes flottantes fournissent de l'ombre dans les \u00e9tangs de la zone 6 \u2013 Pondtrends","og_description":"Les plantes flottantes fournissent de l'ombre qui emp\u00eache les algues de se d\u00e9velopper et les poissons aiment s'y cacher. Pondtrends pour obtenir des informations et de l'inspiration.","og_url":"https:\/\/pondtrends.com\/fr\/plantes-detang-zone-6\/","og_site_name":"Pondtrends","article_modified_time":"2023-12-12T14:12:16+00:00","og_image":[{"width":312,"height":1112,"url":"https:\/\/pondtrends.com\/wp-content\/uploads\/2020\/12\/6254.253-Pondtrends-zone-6-3.jpg","type":"image\/jpeg"}],"twitter_card":"summary_large_image","twitter_misc":{"Dur\u00e9e de lecture estim\u00e9e":"1 minute"},"schema":{"@context":"https:\/\/schema.org","@graph":[{"@type":"WebPage","@id":"https:\/\/pondtrends.com\/fr\/plantes-detang-zone-6\/","url":"https:\/\/pondtrends.com\/fr\/plantes-detang-zone-6\/","name":"Les plantes flottantes fournissent de l'ombre dans les \u00e9tangs de la zone 6 \u2013 Pondtrends","isPartOf":{"@id":"https:\/\/pondtrends.com\/fr\/#website"},"primaryImageOfPage":{"@id":"https:\/\/pondtrends.com\/fr\/plantes-detang-zone-6\/#primaryimage"},"image":{"@id":"https:\/\/pondtrends.com\/fr\/plantes-detang-zone-6\/#primaryimage"},"thumbnailUrl":"https:\/\/pondtrends.com\/wp-content\/uploads\/2020\/12\/6254.253-Pondtrends-zone-6-3.jpg","datePublished":"2023-11-07T12:06:15+00:00","dateModified":"2023-12-12T14:12:16+00:00","description":"Les plantes flottantes fournissent de l'ombre qui emp\u00eache les algues de se d\u00e9velopper et les poissons aiment s'y cacher. Pondtrends pour obtenir des informations et de l'inspiration.","breadcrumb":{"@id":"https:\/\/pondtrends.com\/fr\/plantes-detang-zone-6\/#breadcrumb"},"inLanguage":"fr-FR","potentialAction":[{"@type":"ReadAction","target":["https:\/\/pondtrends.com\/fr\/plantes-detang-zone-6\/"]}]},{"@type":"ImageObject","inLanguage":"fr-FR","@id":"https:\/\/pondtrends.com\/fr\/plantes-detang-zone-6\/#primaryimage","url":"https:\/\/pondtrends.com\/wp-content\/uploads\/2020\/12\/6254.253-Pondtrends-zone-6-3.jpg","contentUrl":"https:\/\/pondtrends.com\/wp-content\/uploads\/2020\/12\/6254.253-Pondtrends-zone-6-3.jpg","width":312,"height":1112},{"@type":"BreadcrumbList","@id":"https:\/\/pondtrends.com\/fr\/plantes-detang-zone-6\/#breadcrumb","itemListElement":[{"@type":"ListItem","position":1,"name":"Home","item":"https:\/\/pondtrends.com\/fr\/"},{"@type":"ListItem","position":2,"name":"Plantes d&#8217;\u00e9tang zone 6"}]},{"@type":"WebSite","@id":"https:\/\/pondtrends.com\/fr\/#website","url":"https:\/\/pondtrends.com\/fr\/","name":"Pondtrends \u2013 voor inspiratie en informatie over vijvers!","description":"voor inspiratie en informatie over vijvers","potentialAction":[{"@type":"SearchAction","target":{"@type":"EntryPoint","urlTemplate":"https:\/\/pondtrends.com\/fr\/?s={search_term_string}"},"query-input":{"@type":"PropertyValueSpecification","valueRequired":true,"valueName":"search_term_string"}}],"inLanguage":"fr-FR"}]}},"_links":{"self":[{"href":"https:\/\/pondtrends.com\/fr\/wp-json\/wp\/v2\/pages\/5921","targetHints":{"allow":["GET"]}}],"collection":[{"href":"https:\/\/pondtrends.com\/fr\/wp-json\/wp\/v2\/pages"}],"about":[{"href":"https:\/\/pondtrends.com\/fr\/wp-json\/wp\/v2\/types\/page"}],"author":[{"embeddable":true,"href":"https:\/\/pondtrends.com\/fr\/wp-json\/wp\/v2\/users\/1"}],"replies":[{"embeddable":true,"href":"https:\/\/pondtrends.com\/fr\/wp-json\/wp\/v2\/comments?post=5921"}],"version-history":[{"count":0,"href":"https:\/\/pondtrends.com\/fr\/wp-json\/wp\/v2\/pages\/5921\/revisions"}],"wp:featuredmedia":[{"embeddable":true,"href":"https:\/\/pondtrends.com\/fr\/wp-json\/wp\/v2\/media\/7016"}],"wp:attachment":[{"href":"https:\/\/pondtrends.com\/fr\/wp-json\/wp\/v2\/media?parent=5921"}],"wp:term":[{"taxonomy":"category","embeddable":true,"href":"https:\/\/pondtrends.com\/fr\/wp-json\/wp\/v2\/categories?post=5921"},{"taxonomy":"post_tag","embeddable":true,"href":"https:\/\/pondtrends.com\/fr\/wp-json\/wp\/v2\/tags?post=5921"}],"curies":[{"name":"wp","href":"https:\/\/api.w.org\/{rel}","templated":true}]}}