{"id":5923,"date":"2023-11-07T12:13:42","date_gmt":"2023-11-07T12:13:42","guid":{"rendered":"https:\/\/pondtrends.com\/clause-de-non-responsabilite\/"},"modified":"2023-12-12T14:09:22","modified_gmt":"2023-12-12T14:09:22","slug":"clause-de-non-responsabilite","status":"publish","type":"page","link":"https:\/\/pondtrends.com\/fr\/clause-de-non-responsabilite\/","title":{"rendered":"Clause de non-responsabilit\u00e9"},"content":{"rendered":"\t\t<div data-elementor-type=\"wp-page\" data-elementor-id=\"5923\" class=\"elementor elementor-5923 elementor-1910\" data-elementor-post-type=\"page\">\n\t\t\t\t\t\t<section data-particle_enable=\"false\" data-particle-mobile-disabled=\"false\" class=\"has_ae_slider elementor-section elementor-top-section elementor-element elementor-element-7a901800 elementor-section-boxed elementor-section-height-default elementor-section-height-default ae-bg-gallery-type-default\" data-id=\"7a901800\" data-element_type=\"section\" data-e-type=\"section\">\n\t\t\t\t\t\t<div class=\"elementor-container elementor-column-gap-default\">\n\t\t\t\t\t<div class=\"has_ae_slider elementor-column elementor-col-100 elementor-top-column elementor-element elementor-element-6b9c8557 ae-bg-gallery-type-default\" data-id=\"6b9c8557\" data-element_type=\"column\" data-e-type=\"column\">\n\t\t\t<div class=\"elementor-widget-wrap elementor-element-populated\">\n\t\t\t\t\t\t<div class=\"elementor-element elementor-element-c35ad26 elementor-widget elementor-widget-heading\" data-id=\"c35ad26\" data-element_type=\"widget\" data-e-type=\"widget\" data-widget_type=\"heading.default\">\n\t\t\t\t<div class=\"elementor-widget-container\">\n\t\t\t\t\t<h2 class=\"elementor-heading-title elementor-size-default\">Clause de non-responsabilit\u00e9 Pondtrends<\/h2>\t\t\t\t<\/div>\n\t\t\t\t<\/div>\n\t\t\t\t<div class=\"elementor-element elementor-element-54624a4f elementor-widget elementor-widget-text-editor\" data-id=\"54624a4f\" data-element_type=\"widget\" data-e-type=\"widget\" data-widget_type=\"text-editor.default\">\n\t\t\t\t<div class=\"elementor-widget-container\">\n\t\t\t\t\t\t\t\t\t\n          <p>Cette clause de non-responsabilit\u00e9 s&rsquo;applique au site web www.pondtrends.com<\/p>\n          \n\n          <p><strong>Informations sur ce site web<\/strong><br>Nous nous effor\u00e7ons de maintenir les informations sur ce site web \u00e0 jour, mais il est possible que les informations sur ce site web soient incompl\u00e8tes ou obsol\u00e8tes. Nous fournissons les informations sur ce site web sans aucune garantie. Aucun droit ne peut \u00eatre tir\u00e9 des informations contenues dans ce site web. Nous ne pouvons \u00eatre tenus pour responsables des cons\u00e9quences qui r\u00e9sulteraient du suivi ou de l&rsquo;application des informations obtenues par le biais de ce site web.   <\/p>\n          \n\n          <p><strong>Donn\u00e9es<\/strong><br>Vous \u00eates responsable des donn\u00e9es que vous nous fournissez et de leur mise \u00e0 jour. En outre, le traitement de vos donn\u00e9es est soumis \u00e0 notre d\u00e9claration de confidentialit\u00e9. <\/p>\n          \n\n          <p><strong>Droits de propri\u00e9t\u00e9 intellectuelle<\/strong><br>Tous les contenus, y compris les textes, les images, les sons et les vid\u00e9os, sont soumis \u00e0 des droits de propri\u00e9t\u00e9 intellectuelle. Pondtrends est le propri\u00e9taire de ces contenus, ou du moins nous disposons d&rsquo;une licence d&rsquo;utilisation l\u00e9galement valable. Le contenu de ce site web ne peut \u00eatre reproduit, copi\u00e9, modifi\u00e9, distribu\u00e9 ou publi\u00e9 sans notre autorisation, sauf exception l\u00e9gale.  <\/p>\n          \n\n          <p><strong>Tiers<\/strong><br>Nous ne sommes pas responsables du contenu publi\u00e9 par des tiers sur ce site web.<\/p>\n          \n\n          <p><strong>Modifications<\/strong><br>En cas de modification de cette clause de non-responsabilit\u00e9, vous trouverez la version la plus r\u00e9cente de ladite clause sur cette page.<\/p>\n        \t\t\t\t\t\t\t\t<\/div>\n\t\t\t\t<\/div>\n\t\t\t\t\t<\/div>\n\t\t<\/div>\n\t\t\t\t\t<\/div>\n\t\t<\/section>\n\t\t\t\t<\/div>\n\t\t","protected":false},"excerpt":{"rendered":"<p>Clause de non-responsabilit\u00e9 Pondtrends Cette clause de non-responsabilit\u00e9 s&rsquo;applique au site web www.pondtrends.com Informations sur ce site web Nous nous effor\u00e7ons de maintenir les informations sur ce site web \u00e0 jour, mais il est possible que les informations sur ce site web soient incompl\u00e8tes ou obsol\u00e8tes. Nous fournissons les informations sur ce site web sans [&hellip;]<\/p>\n","protected":false},"author":1,"featured_media":5929,"parent":0,"menu_order":0,"comment_status":"closed","ping_status":"closed","template":"elementor_header_footer","meta":{"_acf_changed":false,"_monsterinsights_skip_tracking":false,"_monsterinsights_sitenote_active":false,"_monsterinsights_sitenote_note":"","_monsterinsights_sitenote_category":0,"_uf_show_specific_survey":0,"_uf_disable_surveys":false,"footnotes":""},"categories":[],"tags":[143],"class_list":["post-5923","page","type-page","status-publish","has-post-thumbnail","hentry","tag-page-fr"],"acf":[],"yoast_head":"<!-- This site is optimized with the Yoast SEO plugin v27.2 - https:\/\/yoast.com\/product\/yoast-seo-wordpress\/ -->\n<title>Clause de non-responsabilit\u00e9 &#8211; Pondtrends<\/title>\n<meta name=\"robots\" content=\"index, follow, max-snippet:-1, max-image-preview:large, max-video-preview:-1\" \/>\n<link rel=\"canonical\" href=\"https:\/\/pondtrends.com\/fr\/clause-de-non-responsabilite\/\" \/>\n<meta property=\"og:locale\" content=\"fr_FR\" \/>\n<meta property=\"og:type\" content=\"article\" \/>\n<meta property=\"og:title\" content=\"Clause de non-responsabilit\u00e9 &#8211; Pondtrends\" \/>\n<meta property=\"og:description\" content=\"Clause de non-responsabilit\u00e9 Pondtrends Cette clause de non-responsabilit\u00e9 s&rsquo;applique au site web www.pondtrends.com Informations sur ce site web Nous nous effor\u00e7ons de maintenir les informations sur ce site web \u00e0 jour, mais il est possible que les informations sur ce site web soient incompl\u00e8tes ou obsol\u00e8tes. Nous fournissons les informations sur ce site web sans [&hellip;]\" \/>\n<meta property=\"og:url\" content=\"https:\/\/pondtrends.com\/fr\/clause-de-non-responsabilite\/\" \/>\n<meta property=\"og:site_name\" content=\"Pondtrends\" \/>\n<meta property=\"article:modified_time\" content=\"2023-12-12T14:09:22+00:00\" \/>\n<meta property=\"og:image\" content=\"https:\/\/pondtrends.com\/wp-content\/uploads\/2020\/12\/placeholder-plant.jpg\" \/>\n\t<meta property=\"og:image:width\" content=\"300\" \/>\n\t<meta property=\"og:image:height\" content=\"300\" \/>\n\t<meta property=\"og:image:type\" content=\"image\/jpeg\" \/>\n<meta name=\"twitter:card\" content=\"summary_large_image\" \/>\n<meta name=\"twitter:label1\" content=\"Dur\u00e9e de lecture estim\u00e9e\" \/>\n\t<meta name=\"twitter:data1\" content=\"2 minutes\" \/>\n<script type=\"application\/ld+json\" class=\"yoast-schema-graph\">{\"@context\":\"https:\/\/schema.org\",\"@graph\":[{\"@type\":\"WebPage\",\"@id\":\"https:\/\/pondtrends.com\/fr\/clause-de-non-responsabilite\/\",\"url\":\"https:\/\/pondtrends.com\/fr\/clause-de-non-responsabilite\/\",\"name\":\"Clause de non-responsabilit\u00e9 &#8211; Pondtrends\",\"isPartOf\":{\"@id\":\"https:\/\/pondtrends.com\/fr\/#website\"},\"primaryImageOfPage\":{\"@id\":\"https:\/\/pondtrends.com\/fr\/clause-de-non-responsabilite\/#primaryimage\"},\"image\":{\"@id\":\"https:\/\/pondtrends.com\/fr\/clause-de-non-responsabilite\/#primaryimage\"},\"thumbnailUrl\":\"https:\/\/pondtrends.com\/wp-content\/uploads\/2020\/12\/placeholder-plant.jpg\",\"datePublished\":\"2023-11-07T12:13:42+00:00\",\"dateModified\":\"2023-12-12T14:09:22+00:00\",\"breadcrumb\":{\"@id\":\"https:\/\/pondtrends.com\/fr\/clause-de-non-responsabilite\/#breadcrumb\"},\"inLanguage\":\"fr-FR\",\"potentialAction\":[{\"@type\":\"ReadAction\",\"target\":[\"https:\/\/pondtrends.com\/fr\/clause-de-non-responsabilite\/\"]}]},{\"@type\":\"ImageObject\",\"inLanguage\":\"fr-FR\",\"@id\":\"https:\/\/pondtrends.com\/fr\/clause-de-non-responsabilite\/#primaryimage\",\"url\":\"https:\/\/pondtrends.com\/wp-content\/uploads\/2020\/12\/placeholder-plant.jpg\",\"contentUrl\":\"https:\/\/pondtrends.com\/wp-content\/uploads\/2020\/12\/placeholder-plant.jpg\",\"width\":300,\"height\":300},{\"@type\":\"BreadcrumbList\",\"@id\":\"https:\/\/pondtrends.com\/fr\/clause-de-non-responsabilite\/#breadcrumb\",\"itemListElement\":[{\"@type\":\"ListItem\",\"position\":1,\"name\":\"Home\",\"item\":\"https:\/\/pondtrends.com\/fr\/\"},{\"@type\":\"ListItem\",\"position\":2,\"name\":\"Clause de non-responsabilit\u00e9\"}]},{\"@type\":\"WebSite\",\"@id\":\"https:\/\/pondtrends.com\/fr\/#website\",\"url\":\"https:\/\/pondtrends.com\/fr\/\",\"name\":\"Pondtrends \u2013 voor inspiratie en informatie over vijvers!\",\"description\":\"voor inspiratie en informatie over vijvers\",\"potentialAction\":[{\"@type\":\"SearchAction\",\"target\":{\"@type\":\"EntryPoint\",\"urlTemplate\":\"https:\/\/pondtrends.com\/fr\/?s={search_term_string}\"},\"query-input\":{\"@type\":\"PropertyValueSpecification\",\"valueRequired\":true,\"valueName\":\"search_term_string\"}}],\"inLanguage\":\"fr-FR\"}]}<\/script>\n<!-- \/ Yoast SEO plugin. -->","yoast_head_json":{"title":"Clause de non-responsabilit\u00e9 &#8211; Pondtrends","robots":{"index":"index","follow":"follow","max-snippet":"max-snippet:-1","max-image-preview":"max-image-preview:large","max-video-preview":"max-video-preview:-1"},"canonical":"https:\/\/pondtrends.com\/fr\/clause-de-non-responsabilite\/","og_locale":"fr_FR","og_type":"article","og_title":"Clause de non-responsabilit\u00e9 &#8211; Pondtrends","og_description":"Clause de non-responsabilit\u00e9 Pondtrends Cette clause de non-responsabilit\u00e9 s&rsquo;applique au site web www.pondtrends.com Informations sur ce site web Nous nous effor\u00e7ons de maintenir les informations sur ce site web \u00e0 jour, mais il est possible que les informations sur ce site web soient incompl\u00e8tes ou obsol\u00e8tes. Nous fournissons les informations sur ce site web sans [&hellip;]","og_url":"https:\/\/pondtrends.com\/fr\/clause-de-non-responsabilite\/","og_site_name":"Pondtrends","article_modified_time":"2023-12-12T14:09:22+00:00","og_image":[{"width":300,"height":300,"url":"https:\/\/pondtrends.com\/wp-content\/uploads\/2020\/12\/placeholder-plant.jpg","type":"image\/jpeg"}],"twitter_card":"summary_large_image","twitter_misc":{"Dur\u00e9e de lecture estim\u00e9e":"2 minutes"},"schema":{"@context":"https:\/\/schema.org","@graph":[{"@type":"WebPage","@id":"https:\/\/pondtrends.com\/fr\/clause-de-non-responsabilite\/","url":"https:\/\/pondtrends.com\/fr\/clause-de-non-responsabilite\/","name":"Clause de non-responsabilit\u00e9 &#8211; Pondtrends","isPartOf":{"@id":"https:\/\/pondtrends.com\/fr\/#website"},"primaryImageOfPage":{"@id":"https:\/\/pondtrends.com\/fr\/clause-de-non-responsabilite\/#primaryimage"},"image":{"@id":"https:\/\/pondtrends.com\/fr\/clause-de-non-responsabilite\/#primaryimage"},"thumbnailUrl":"https:\/\/pondtrends.com\/wp-content\/uploads\/2020\/12\/placeholder-plant.jpg","datePublished":"2023-11-07T12:13:42+00:00","dateModified":"2023-12-12T14:09:22+00:00","breadcrumb":{"@id":"https:\/\/pondtrends.com\/fr\/clause-de-non-responsabilite\/#breadcrumb"},"inLanguage":"fr-FR","potentialAction":[{"@type":"ReadAction","target":["https:\/\/pondtrends.com\/fr\/clause-de-non-responsabilite\/"]}]},{"@type":"ImageObject","inLanguage":"fr-FR","@id":"https:\/\/pondtrends.com\/fr\/clause-de-non-responsabilite\/#primaryimage","url":"https:\/\/pondtrends.com\/wp-content\/uploads\/2020\/12\/placeholder-plant.jpg","contentUrl":"https:\/\/pondtrends.com\/wp-content\/uploads\/2020\/12\/placeholder-plant.jpg","width":300,"height":300},{"@type":"BreadcrumbList","@id":"https:\/\/pondtrends.com\/fr\/clause-de-non-responsabilite\/#breadcrumb","itemListElement":[{"@type":"ListItem","position":1,"name":"Home","item":"https:\/\/pondtrends.com\/fr\/"},{"@type":"ListItem","position":2,"name":"Clause de non-responsabilit\u00e9"}]},{"@type":"WebSite","@id":"https:\/\/pondtrends.com\/fr\/#website","url":"https:\/\/pondtrends.com\/fr\/","name":"Pondtrends \u2013 voor inspiratie en informatie over vijvers!","description":"voor inspiratie en informatie over vijvers","potentialAction":[{"@type":"SearchAction","target":{"@type":"EntryPoint","urlTemplate":"https:\/\/pondtrends.com\/fr\/?s={search_term_string}"},"query-input":{"@type":"PropertyValueSpecification","valueRequired":true,"valueName":"search_term_string"}}],"inLanguage":"fr-FR"}]}},"_links":{"self":[{"href":"https:\/\/pondtrends.com\/fr\/wp-json\/wp\/v2\/pages\/5923","targetHints":{"allow":["GET"]}}],"collection":[{"href":"https:\/\/pondtrends.com\/fr\/wp-json\/wp\/v2\/pages"}],"about":[{"href":"https:\/\/pondtrends.com\/fr\/wp-json\/wp\/v2\/types\/page"}],"author":[{"embeddable":true,"href":"https:\/\/pondtrends.com\/fr\/wp-json\/wp\/v2\/users\/1"}],"replies":[{"embeddable":true,"href":"https:\/\/pondtrends.com\/fr\/wp-json\/wp\/v2\/comments?post=5923"}],"version-history":[{"count":0,"href":"https:\/\/pondtrends.com\/fr\/wp-json\/wp\/v2\/pages\/5923\/revisions"}],"wp:featuredmedia":[{"embeddable":true,"href":"https:\/\/pondtrends.com\/fr\/wp-json\/wp\/v2\/media\/5929"}],"wp:attachment":[{"href":"https:\/\/pondtrends.com\/fr\/wp-json\/wp\/v2\/media?parent=5923"}],"wp:term":[{"taxonomy":"category","embeddable":true,"href":"https:\/\/pondtrends.com\/fr\/wp-json\/wp\/v2\/categories?post=5923"},{"taxonomy":"post_tag","embeddable":true,"href":"https:\/\/pondtrends.com\/fr\/wp-json\/wp\/v2\/tags?post=5923"}],"curies":[{"name":"wp","href":"https:\/\/api.w.org\/{rel}","templated":true}]}}