{"id":5928,"date":"2020-10-06T09:10:06","date_gmt":"2020-10-06T09:10:06","guid":{"rendered":"https:\/\/pondtrends.com\/privacybeleid\/"},"modified":"2023-12-12T14:12:21","modified_gmt":"2023-12-12T14:12:21","slug":"politique-de-confidentialite","status":"publish","type":"page","link":"https:\/\/pondtrends.com\/fr\/politique-de-confidentialite\/","title":{"rendered":"Politique de confidentialit\u00e9"},"content":{"rendered":"\t\t<div data-elementor-type=\"wp-page\" data-elementor-id=\"5928\" class=\"elementor elementor-5928 elementor-3\" data-elementor-post-type=\"page\">\n\t\t\t\t\t\t<section data-particle_enable=\"false\" data-particle-mobile-disabled=\"false\" class=\"has_ae_slider elementor-section elementor-top-section elementor-element elementor-element-7a901800 elementor-section-boxed elementor-section-height-default elementor-section-height-default ae-bg-gallery-type-default\" data-id=\"7a901800\" data-element_type=\"section\" data-e-type=\"section\">\n\t\t\t\t\t\t<div class=\"elementor-container elementor-column-gap-default\">\n\t\t\t\t\t<div class=\"has_ae_slider elementor-column elementor-col-100 elementor-top-column elementor-element elementor-element-6b9c8557 ae-bg-gallery-type-default\" data-id=\"6b9c8557\" data-element_type=\"column\" data-e-type=\"column\">\n\t\t\t<div class=\"elementor-widget-wrap elementor-element-populated\">\n\t\t\t\t\t\t<div class=\"elementor-element elementor-element-c35ad26 elementor-widget elementor-widget-heading\" data-id=\"c35ad26\" data-element_type=\"widget\" data-e-type=\"widget\" data-widget_type=\"heading.default\">\n\t\t\t\t<div class=\"elementor-widget-container\">\n\t\t\t\t\t<h2 class=\"elementor-heading-title elementor-size-default\">D\u00e9claration de confidentialit\u00e9 Pondtrends<\/h2>\t\t\t\t<\/div>\n\t\t\t\t<\/div>\n\t\t\t\t<div class=\"elementor-element elementor-element-54624a4f elementor-widget elementor-widget-text-editor\" data-id=\"54624a4f\" data-element_type=\"widget\" data-e-type=\"widget\" data-widget_type=\"text-editor.default\">\n\t\t\t\t<div class=\"elementor-widget-container\">\n\t\t\t\t\t\t\t\t\t<p>Dans le cadre de la fourniture de nos services, nous traitons vos donn\u00e9es \u00e0 caract\u00e8re personnel. Dans cette d\u00e9claration de confidentialit\u00e9, nous expliquons comment Pondtrends utilise vos donn\u00e9es \u00e0 caract\u00e8re personnel.<\/p>\n<p><strong>Traitement des donn\u00e9es \u00e0 caract\u00e8re personnels<br>\n<\/strong>Les donn\u00e9es \u00e0 caract\u00e8re personnel sont des informations qui permettent d&rsquo;identifier directement ou indirectement une personne physique, comme par exemple votre nom, vos donn\u00e9es de localisation (adresse IP), votre adresse e-mail et votre num\u00e9ro de t\u00e9l\u00e9phone.<\/p>\n<p>Pondtrends ne traite que les donn\u00e9es \u00e0 caract\u00e8re personnel qui sont n\u00e9cessaires \u00e0 la conclusion et \u00e0 l&rsquo;ex\u00e9cution de contrats relatifs aux services fournis par Pondtrends, y compris la r\u00e9alisation d&rsquo;activit\u00e9s visant \u00e0 accro\u00eetre sa client\u00e8le. La base de ce traitement est l&rsquo;int\u00e9r\u00eat l\u00e9gitime de Pondtrends ou l&rsquo;ex\u00e9cution d&rsquo;un contrat. En outre, les donn\u00e9es \u00e0 caract\u00e8re personnel sont trait\u00e9es afin de se conformer aux exigences l\u00e9gales obligatoires.<\/p>\n<p>Pondtrends obtient des donn\u00e9es \u00e0 caract\u00e8re personnel de votre part, par exemple les donn\u00e9es que vous nous fournissez par le biais du site web, du courrier \u00e9lectronique ou du t\u00e9l\u00e9phone. En outre, nous pouvons obtenir vos donn\u00e9es \u00e0 caract\u00e8re personnel par l&rsquo;interm\u00e9diaire de tiers dans le cadre de nos services. Les donn\u00e9es \u00e0 caract\u00e8re personnel que nous traitons comprennent, sans s&rsquo;y limiter, le nom et le pr\u00e9nom, l&rsquo;adresse, le sexe, le num\u00e9ro de t\u00e9l\u00e9phone, l&rsquo;adresse \u00e9lectronique et d&rsquo;autres donn\u00e9es \u00e0 caract\u00e8re personnel fournies \u00e0 Pondtrends.<\/p>\n<p>Vos donn\u00e9es \u00e0 caract\u00e8re personnel ne seront pas conserv\u00e9es plus longtemps que n\u00e9cessaire. Apr\u00e8s la fin du contrat ou de la relation, les donn\u00e9es \u00e0 caract\u00e8re personnel seront conserv\u00e9es pendant deux ans, \u00e0 moins qu&rsquo;une conservation plus longue ne soit n\u00e9cessaire pour se conformer \u00e0 une obligation l\u00e9gale (fiscale).<\/p>\n<p><strong>Mise \u00e0 disposition de tiers<br>\n<\/strong>Dans le cadre de la prestation de ses services, Pondtrends peut fournir des donn\u00e9es \u00e0 caract\u00e8re personnel \u00e0 des tiers lorsque c&rsquo;est n\u00e9cessaire pour les services de Pondtrends, tels que les fournisseurs de TIC ou le comptable. Enfin, des donn\u00e9es \u00e0 caract\u00e8re personnel peuvent \u00eatre communiqu\u00e9es \u00e0 des tiers lorsque Pondtrends doit se conformer \u00e0 une obligation l\u00e9gale. Pondtrends ne vendra pas vos donn\u00e9es \u00e0 des tiers.<\/p>\n<p><strong>Cookies (Google Analytics)<br>\n<\/strong>Pondtrends utilise Google Analytics pour suivre la mani\u00e8re dont vous utilisez notre site web. Cela nous permet, par exemple, d&rsquo;am\u00e9liorer notre site web et nos services. Google Analytics utilise des cookies pour effectuer l&rsquo;analyse et pour l&rsquo;assistance technique. Nous avons conclu un accord de sous-traitance avec Google et avons fait le choix de ne pas partager les donn\u00e9es avec eux pour leurs propres besoins. Le contrat de sous-traitance contient des dispositions strictes sur ce qu&rsquo;ils sont autoris\u00e9s \u00e0 suivre. Les donn\u00e9es saisies comprennent votre adresse IP (les trois derniers chiffres \u00e9tant masqu\u00e9s), le nombre de pages visit\u00e9es, l&rsquo;heure et la dur\u00e9e de la visite, votre localisation, l&rsquo;origine de la visite, le type de mat\u00e9riel et de logiciel utilis\u00e9, l&rsquo;interaction avec le visiteur et l&rsquo;historique de vos recherches. Les informations obtenues sont transf\u00e9r\u00e9es \u00e0 Google et stock\u00e9es par Google sur des serveurs situ\u00e9s aux \u00c9tats-Unis, un pays qui ne dispose pas d&rsquo;une protection de la vie priv\u00e9e similaire \u00e0 celle de l&rsquo;Union europ\u00e9enne. Nous n&rsquo;utilisons pas d&rsquo;autres services de Google en conjonction avec les cookies de Google Analytics.<\/p>\n<p><strong>Liens<br>\n<\/strong>Pondtrends peut inclure sur ce site des liens vers des sites Internet de tiers. Pondtrends n&rsquo;est pas responsable du contenu ou de la politique de confidentialit\u00e9 de ces tiers. Pondtrends vous encourage \u00e0 prendre connaissance de leurs politiques en mati\u00e8re de traitement des donn\u00e9es personnelles.<\/p>\n<p><strong>Vos droits<br>\n<\/strong>Vous avez le droit d&rsquo;acc\u00e9der \u00e0 vos donn\u00e9es \u00e0 caract\u00e8re personnel, de les corriger ou de les supprimer. Vous pouvez \u00e9galement demander \u00e0 Pondtrends de transf\u00e9rer vos donn\u00e9es \u00e0 caract\u00e8re personnel ou de vous opposer au traitement de vos donn\u00e9es \u00e0 caract\u00e8re personnel en raison de circonstances personnelles particuli\u00e8res. Vous pouvez envoyer une demande de consultation, de correction, de suppression, de transfert ou d&rsquo;opposition \u00e0 <span style=\"display:inline;unicode-bidi:bidi-override;direction:rtl;\" class=\"\">ln.sgnireom<span style=\"display:none;\">obfsctd-7cf474<\/span>&#64;ofni<\/span>. Pondtrends r\u00e9pondra \u00e0 votre demande dans les meilleurs d\u00e9lais.<\/p>\n<p><strong>S\u00e9curit\u00e9<br>\n<\/strong>Pondtrends prend au s\u00e9rieux la protection de vos donn\u00e9es et prend des mesures appropri\u00e9es pour emp\u00eacher toute utilisation abusive, perte, acc\u00e8s non autoris\u00e9, divulgation non d\u00e9sir\u00e9e et modification non autoris\u00e9e. Le site web de Pondtrends utilise un certificat SSL fiable pour garantir que vos donn\u00e9es \u00e0 caract\u00e8re personnel ne tombent pas entre de mauvaises mains.<\/p>\n<p>Si vous avez l&rsquo;impression que vos donn\u00e9es ne sont pas correctement s\u00e9curis\u00e9es ou qu&rsquo;il existe des indices d&rsquo;utilisation abusive, ou si vous souhaitez obtenir de plus amples informations sur la s\u00e9curit\u00e9 des donn\u00e9es \u00e0 caract\u00e8re personnel collect\u00e9es par Pondtrends, veuillez contacter Pondtrends \u00e0 l&rsquo;adresse suivante : <span style=\"display:inline;unicode-bidi:bidi-override;direction:rtl;\" class=\"\">ln.sgnireom<span style=\"display:none;\">obfsctd-716a07<\/span>&#64;ofni<\/span>. <\/p>\n<p><strong>Pondtrends est joignable comme suit :<\/strong><\/p>\n<p>Hellemonsdreef 1<br>\n4706 RD Roosendaal<br>\nPays-Bas<br>\nChambre de commerce : 20099522<br>\nT. +31 165 556094<br>\nE. <span style=\"display:inline;unicode-bidi:bidi-override;direction:rtl;\" class=\"\">ln.sgnireom<span style=\"display:none;\">obfsctd-79ea63<\/span>&#64;ofni<\/span><\/p>\n<p>Pondtrends peut modifier cette d\u00e9claration de confidentialit\u00e9. Les nouvelles versions sont toujours publi\u00e9es sur le site web. Nous vous recommandons donc de consulter r\u00e9guli\u00e8rement cette d\u00e9claration afin de rester inform\u00e9 des modifications.<\/p>\t\t\t\t\t\t\t\t<\/div>\n\t\t\t\t<\/div>\n\t\t\t\t\t<\/div>\n\t\t<\/div>\n\t\t\t\t\t<\/div>\n\t\t<\/section>\n\t\t\t\t<\/div>\n\t\t","protected":false},"excerpt":{"rendered":"<p>D\u00e9claration de confidentialit\u00e9 Pondtrends Dans le cadre de la fourniture de nos services, nous traitons vos donn\u00e9es \u00e0 caract\u00e8re personnel. Dans cette d\u00e9claration de confidentialit\u00e9, nous expliquons comment Pondtrends utilise vos donn\u00e9es \u00e0 caract\u00e8re personnel. Traitement des donn\u00e9es \u00e0 caract\u00e8re personnels Les donn\u00e9es \u00e0 caract\u00e8re personnel sont des informations qui permettent d&rsquo;identifier directement ou indirectement [&hellip;]<\/p>\n","protected":false},"author":1,"featured_media":5929,"parent":0,"menu_order":0,"comment_status":"closed","ping_status":"closed","template":"elementor_header_footer","meta":{"_acf_changed":false,"_monsterinsights_skip_tracking":false,"_monsterinsights_sitenote_active":false,"_monsterinsights_sitenote_note":"","_monsterinsights_sitenote_category":0,"_uf_show_specific_survey":0,"_uf_disable_surveys":false,"footnotes":""},"categories":[],"tags":[143],"class_list":["post-5928","page","type-page","status-publish","has-post-thumbnail","hentry","tag-page-fr"],"acf":[],"yoast_head":"<!-- This site is optimized with the Yoast SEO plugin v27.2 - https:\/\/yoast.com\/product\/yoast-seo-wordpress\/ -->\n<title>Politique de confidentialit\u00e9 &#8211; Pondtrends<\/title>\n<meta name=\"robots\" content=\"index, follow, max-snippet:-1, max-image-preview:large, max-video-preview:-1\" \/>\n<link rel=\"canonical\" href=\"https:\/\/pondtrends.com\/fr\/politique-de-confidentialite\/\" \/>\n<meta property=\"og:locale\" content=\"fr_FR\" \/>\n<meta property=\"og:type\" content=\"article\" \/>\n<meta property=\"og:title\" content=\"Politique de confidentialit\u00e9 &#8211; Pondtrends\" \/>\n<meta property=\"og:description\" content=\"D\u00e9claration de confidentialit\u00e9 Pondtrends Dans le cadre de la fourniture de nos services, nous traitons vos donn\u00e9es \u00e0 caract\u00e8re personnel. Dans cette d\u00e9claration de confidentialit\u00e9, nous expliquons comment Pondtrends utilise vos donn\u00e9es \u00e0 caract\u00e8re personnel. Traitement des donn\u00e9es \u00e0 caract\u00e8re personnels Les donn\u00e9es \u00e0 caract\u00e8re personnel sont des informations qui permettent d&rsquo;identifier directement ou indirectement [&hellip;]\" \/>\n<meta property=\"og:url\" content=\"https:\/\/pondtrends.com\/fr\/politique-de-confidentialite\/\" \/>\n<meta property=\"og:site_name\" content=\"Pondtrends\" \/>\n<meta property=\"article:modified_time\" content=\"2023-12-12T14:12:21+00:00\" \/>\n<meta property=\"og:image\" content=\"https:\/\/pondtrends.com\/wp-content\/uploads\/2020\/12\/placeholder-plant.jpg\" \/>\n\t<meta property=\"og:image:width\" content=\"300\" \/>\n\t<meta property=\"og:image:height\" content=\"300\" \/>\n\t<meta property=\"og:image:type\" content=\"image\/jpeg\" \/>\n<meta name=\"twitter:card\" content=\"summary_large_image\" \/>\n<meta name=\"twitter:label1\" content=\"Dur\u00e9e de lecture estim\u00e9e\" \/>\n\t<meta name=\"twitter:data1\" content=\"4 minutes\" \/>\n<script type=\"application\/ld+json\" class=\"yoast-schema-graph\">{\"@context\":\"https:\/\/schema.org\",\"@graph\":[{\"@type\":\"WebPage\",\"@id\":\"https:\/\/pondtrends.com\/fr\/politique-de-confidentialite\/\",\"url\":\"https:\/\/pondtrends.com\/fr\/politique-de-confidentialite\/\",\"name\":\"Politique de confidentialit\u00e9 &#8211; Pondtrends\",\"isPartOf\":{\"@id\":\"https:\/\/pondtrends.com\/fr\/#website\"},\"primaryImageOfPage\":{\"@id\":\"https:\/\/pondtrends.com\/fr\/politique-de-confidentialite\/#primaryimage\"},\"image\":{\"@id\":\"https:\/\/pondtrends.com\/fr\/politique-de-confidentialite\/#primaryimage\"},\"thumbnailUrl\":\"https:\/\/pondtrends.com\/wp-content\/uploads\/2020\/12\/placeholder-plant.jpg\",\"datePublished\":\"2020-10-06T09:10:06+00:00\",\"dateModified\":\"2023-12-12T14:12:21+00:00\",\"breadcrumb\":{\"@id\":\"https:\/\/pondtrends.com\/fr\/politique-de-confidentialite\/#breadcrumb\"},\"inLanguage\":\"fr-FR\",\"potentialAction\":[{\"@type\":\"ReadAction\",\"target\":[\"https:\/\/pondtrends.com\/fr\/politique-de-confidentialite\/\"]}]},{\"@type\":\"ImageObject\",\"inLanguage\":\"fr-FR\",\"@id\":\"https:\/\/pondtrends.com\/fr\/politique-de-confidentialite\/#primaryimage\",\"url\":\"https:\/\/pondtrends.com\/wp-content\/uploads\/2020\/12\/placeholder-plant.jpg\",\"contentUrl\":\"https:\/\/pondtrends.com\/wp-content\/uploads\/2020\/12\/placeholder-plant.jpg\",\"width\":300,\"height\":300},{\"@type\":\"BreadcrumbList\",\"@id\":\"https:\/\/pondtrends.com\/fr\/politique-de-confidentialite\/#breadcrumb\",\"itemListElement\":[{\"@type\":\"ListItem\",\"position\":1,\"name\":\"Home\",\"item\":\"https:\/\/pondtrends.com\/fr\/\"},{\"@type\":\"ListItem\",\"position\":2,\"name\":\"Politique de confidentialit\u00e9\"}]},{\"@type\":\"WebSite\",\"@id\":\"https:\/\/pondtrends.com\/fr\/#website\",\"url\":\"https:\/\/pondtrends.com\/fr\/\",\"name\":\"Pondtrends \u2013 voor inspiratie en informatie over vijvers!\",\"description\":\"voor inspiratie en informatie over vijvers\",\"potentialAction\":[{\"@type\":\"SearchAction\",\"target\":{\"@type\":\"EntryPoint\",\"urlTemplate\":\"https:\/\/pondtrends.com\/fr\/?s={search_term_string}\"},\"query-input\":{\"@type\":\"PropertyValueSpecification\",\"valueRequired\":true,\"valueName\":\"search_term_string\"}}],\"inLanguage\":\"fr-FR\"}]}<\/script>\n<!-- \/ Yoast SEO plugin. -->","yoast_head_json":{"title":"Politique de confidentialit\u00e9 &#8211; Pondtrends","robots":{"index":"index","follow":"follow","max-snippet":"max-snippet:-1","max-image-preview":"max-image-preview:large","max-video-preview":"max-video-preview:-1"},"canonical":"https:\/\/pondtrends.com\/fr\/politique-de-confidentialite\/","og_locale":"fr_FR","og_type":"article","og_title":"Politique de confidentialit\u00e9 &#8211; Pondtrends","og_description":"D\u00e9claration de confidentialit\u00e9 Pondtrends Dans le cadre de la fourniture de nos services, nous traitons vos donn\u00e9es \u00e0 caract\u00e8re personnel. Dans cette d\u00e9claration de confidentialit\u00e9, nous expliquons comment Pondtrends utilise vos donn\u00e9es \u00e0 caract\u00e8re personnel. Traitement des donn\u00e9es \u00e0 caract\u00e8re personnels Les donn\u00e9es \u00e0 caract\u00e8re personnel sont des informations qui permettent d&rsquo;identifier directement ou indirectement [&hellip;]","og_url":"https:\/\/pondtrends.com\/fr\/politique-de-confidentialite\/","og_site_name":"Pondtrends","article_modified_time":"2023-12-12T14:12:21+00:00","og_image":[{"width":300,"height":300,"url":"https:\/\/pondtrends.com\/wp-content\/uploads\/2020\/12\/placeholder-plant.jpg","type":"image\/jpeg"}],"twitter_card":"summary_large_image","twitter_misc":{"Dur\u00e9e de lecture estim\u00e9e":"4 minutes"},"schema":{"@context":"https:\/\/schema.org","@graph":[{"@type":"WebPage","@id":"https:\/\/pondtrends.com\/fr\/politique-de-confidentialite\/","url":"https:\/\/pondtrends.com\/fr\/politique-de-confidentialite\/","name":"Politique de confidentialit\u00e9 &#8211; Pondtrends","isPartOf":{"@id":"https:\/\/pondtrends.com\/fr\/#website"},"primaryImageOfPage":{"@id":"https:\/\/pondtrends.com\/fr\/politique-de-confidentialite\/#primaryimage"},"image":{"@id":"https:\/\/pondtrends.com\/fr\/politique-de-confidentialite\/#primaryimage"},"thumbnailUrl":"https:\/\/pondtrends.com\/wp-content\/uploads\/2020\/12\/placeholder-plant.jpg","datePublished":"2020-10-06T09:10:06+00:00","dateModified":"2023-12-12T14:12:21+00:00","breadcrumb":{"@id":"https:\/\/pondtrends.com\/fr\/politique-de-confidentialite\/#breadcrumb"},"inLanguage":"fr-FR","potentialAction":[{"@type":"ReadAction","target":["https:\/\/pondtrends.com\/fr\/politique-de-confidentialite\/"]}]},{"@type":"ImageObject","inLanguage":"fr-FR","@id":"https:\/\/pondtrends.com\/fr\/politique-de-confidentialite\/#primaryimage","url":"https:\/\/pondtrends.com\/wp-content\/uploads\/2020\/12\/placeholder-plant.jpg","contentUrl":"https:\/\/pondtrends.com\/wp-content\/uploads\/2020\/12\/placeholder-plant.jpg","width":300,"height":300},{"@type":"BreadcrumbList","@id":"https:\/\/pondtrends.com\/fr\/politique-de-confidentialite\/#breadcrumb","itemListElement":[{"@type":"ListItem","position":1,"name":"Home","item":"https:\/\/pondtrends.com\/fr\/"},{"@type":"ListItem","position":2,"name":"Politique de confidentialit\u00e9"}]},{"@type":"WebSite","@id":"https:\/\/pondtrends.com\/fr\/#website","url":"https:\/\/pondtrends.com\/fr\/","name":"Pondtrends \u2013 voor inspiratie en informatie over vijvers!","description":"voor inspiratie en informatie over vijvers","potentialAction":[{"@type":"SearchAction","target":{"@type":"EntryPoint","urlTemplate":"https:\/\/pondtrends.com\/fr\/?s={search_term_string}"},"query-input":{"@type":"PropertyValueSpecification","valueRequired":true,"valueName":"search_term_string"}}],"inLanguage":"fr-FR"}]}},"_links":{"self":[{"href":"https:\/\/pondtrends.com\/fr\/wp-json\/wp\/v2\/pages\/5928","targetHints":{"allow":["GET"]}}],"collection":[{"href":"https:\/\/pondtrends.com\/fr\/wp-json\/wp\/v2\/pages"}],"about":[{"href":"https:\/\/pondtrends.com\/fr\/wp-json\/wp\/v2\/types\/page"}],"author":[{"embeddable":true,"href":"https:\/\/pondtrends.com\/fr\/wp-json\/wp\/v2\/users\/1"}],"replies":[{"embeddable":true,"href":"https:\/\/pondtrends.com\/fr\/wp-json\/wp\/v2\/comments?post=5928"}],"version-history":[{"count":0,"href":"https:\/\/pondtrends.com\/fr\/wp-json\/wp\/v2\/pages\/5928\/revisions"}],"wp:featuredmedia":[{"embeddable":true,"href":"https:\/\/pondtrends.com\/fr\/wp-json\/wp\/v2\/media\/5929"}],"wp:attachment":[{"href":"https:\/\/pondtrends.com\/fr\/wp-json\/wp\/v2\/media?parent=5928"}],"wp:term":[{"taxonomy":"category","embeddable":true,"href":"https:\/\/pondtrends.com\/fr\/wp-json\/wp\/v2\/categories?post=5928"},{"taxonomy":"post_tag","embeddable":true,"href":"https:\/\/pondtrends.com\/fr\/wp-json\/wp\/v2\/tags?post=5928"}],"curies":[{"name":"wp","href":"https:\/\/api.w.org\/{rel}","templated":true}]}}