{"id":5941,"date":"2023-11-07T13:08:32","date_gmt":"2023-11-07T13:08:32","guid":{"rendered":"https:\/\/pondtrends.com\/?page_id=5941"},"modified":"2024-01-23T13:27:00","modified_gmt":"2024-01-23T13:27:00","slug":"etangs-de-baignade","status":"publish","type":"page","link":"https:\/\/pondtrends.com\/fr\/inspiration\/etangs-de-baignade\/","title":{"rendered":"\u00c9tangs de baignade"},"content":{"rendered":"\t\t<div data-elementor-type=\"wp-page\" data-elementor-id=\"5941\" class=\"elementor elementor-5941 elementor-1129\" data-elementor-post-type=\"page\">\n\t\t\t\t\t\t<section data-particle_enable=\"false\" data-particle-mobile-disabled=\"false\" class=\"has_ae_slider elementor-section elementor-top-section elementor-element elementor-element-3276d8d4 elementor-section-boxed elementor-section-height-default elementor-section-height-default ae-bg-gallery-type-default\" data-id=\"3276d8d4\" data-element_type=\"section\" data-e-type=\"section\" data-settings=\"{&quot;background_background&quot;:&quot;classic&quot;}\">\n\t\t\t\t\t\t\t<div class=\"elementor-background-overlay\"><\/div>\n\t\t\t\t\t\t\t<div class=\"elementor-container elementor-column-gap-default\">\n\t\t\t\t\t<div class=\"has_ae_slider elementor-column elementor-col-100 elementor-top-column elementor-element elementor-element-3c176416 ae-bg-gallery-type-default\" data-id=\"3c176416\" data-element_type=\"column\" data-e-type=\"column\">\n\t\t\t<div class=\"elementor-widget-wrap elementor-element-populated\">\n\t\t\t\t\t\t<div class=\"elementor-element elementor-element-6e30d4e3 elementor-widget elementor-widget-heading\" data-id=\"6e30d4e3\" data-element_type=\"widget\" data-e-type=\"widget\" data-widget_type=\"heading.default\">\n\t\t\t\t<div class=\"elementor-widget-container\">\n\t\t\t\t\t<h1 class=\"elementor-heading-title elementor-size-default\">\u00c9tangs de baignade<\/h1>\t\t\t\t<\/div>\n\t\t\t\t<\/div>\n\t\t\t\t\t<\/div>\n\t\t<\/div>\n\t\t\t\t\t<\/div>\n\t\t<\/section>\n\t\t\t\t<section data-particle_enable=\"false\" data-particle-mobile-disabled=\"false\" class=\"has_ae_slider elementor-section elementor-top-section elementor-element elementor-element-58883f5f elementor-section-boxed elementor-section-height-default elementor-section-height-default ae-bg-gallery-type-default\" data-id=\"58883f5f\" data-element_type=\"section\" data-e-type=\"section\" data-settings=\"{&quot;background_background&quot;:&quot;classic&quot;}\">\n\t\t\t\t\t\t<div class=\"elementor-container elementor-column-gap-default\">\n\t\t\t\t\t<div class=\"has_ae_slider elementor-column elementor-col-100 elementor-top-column elementor-element elementor-element-72891291 ae-bg-gallery-type-default\" data-id=\"72891291\" data-element_type=\"column\" data-e-type=\"column\">\n\t\t\t<div class=\"elementor-widget-wrap elementor-element-populated\">\n\t\t\t\t\t\t<section data-particle_enable=\"false\" data-particle-mobile-disabled=\"false\" class=\"has_ae_slider elementor-section elementor-inner-section elementor-element elementor-element-377b17e6 elementor-section-boxed elementor-section-height-default elementor-section-height-default ae-bg-gallery-type-default\" data-id=\"377b17e6\" data-element_type=\"section\" data-e-type=\"section\">\n\t\t\t\t\t\t<div class=\"elementor-container elementor-column-gap-default\">\n\t\t\t\t\t<div class=\"has_ae_slider elementor-column elementor-col-100 elementor-inner-column elementor-element elementor-element-47e739fc ae-bg-gallery-type-default\" data-id=\"47e739fc\" data-element_type=\"column\" data-e-type=\"column\">\n\t\t\t<div class=\"elementor-widget-wrap elementor-element-populated\">\n\t\t\t\t\t\t<div class=\"elementor-element elementor-element-2449fb9f elementor-widget elementor-widget-text-editor\" data-id=\"2449fb9f\" data-element_type=\"widget\" data-e-type=\"widget\" data-widget_type=\"text-editor.default\">\n\t\t\t\t<div class=\"elementor-widget-container\">\n\t\t\t\t\t\t\t\t\t<p>Un \u00e9tang de baignade est destin\u00e9 \u00e0 la baignade, mais il ne s&rsquo;agit pas d&rsquo;une piscine entour\u00e9e de plantes. Un v\u00e9ritable \u00e9tang de baignade doit donner l&rsquo;impression de nager dans un lac naturel. L&rsquo;environnement doit de pr\u00e9f\u00e9rence \u00eatre naturel, mais il peut aussi \u00eatre lisse, avec des plantes riveraines et \u00e9ventuellement une frange de roseaux. Dans un \u00e9tang de baignade, on n&rsquo;utilise pas de plongeoir, mais plut\u00f4t une terrasse ou une jet\u00e9e pour plonger. Les \u00e9tangs de baignade peuvent avoir toutes sortes de formes, de l&rsquo;aspect tr\u00e8s paysager au design \u00e9pur\u00e9, tout comme les jardins peuvent avoir des formes totalement diff\u00e9rentes.&nbsp;<\/p>\n<p>Un \u00e9tang de baignade a une profondeur suffisante pour permettre de nager et de plonger en toute s\u00e9curit\u00e9, mais entre-temps, il y a aussi des poissons qui nagent et d&rsquo;autres formes de vie aquatique. C&rsquo;est pourquoi on n&rsquo;utilise pas de produits d&rsquo;entretien chimiques dans ce type d&rsquo;\u00e9tang. L&rsquo;entretien se fait sur la base d&rsquo;un <span style=\"color: #009dd0;\"><a style=\"color: #009dd0;\" href=\"https:\/\/pondtrends.com\/fr\/entretien-de-letang\/produits\/\"><strong>mani\u00e8re naturelle<\/strong><\/a><\/span>.<\/p>\n<p>Un v\u00e9ritable \u00e9tang de baignade est donc une entit\u00e9 \u00e9cologiquement saine dans laquelle vous pouvez vous baigner en \u00e9t\u00e9 et sur laquelle vous pouvez peut-\u00eatre m\u00eame patiner en hiver. Les \u00e9tangs de natation sont de plus en plus souvent pr\u00e9f\u00e9r\u00e9s aux piscines. En effet, un \u00e9tang de natation bien con\u00e7u a une eau claire, mais sans chlore. Les enfants \u00e0 la peau sensible peuvent donc y jouer. L&rsquo;eau est autonettoyante car des plantes sp\u00e9cialement s\u00e9lectionn\u00e9es poussent le long des bords ou dans une zone s\u00e9par\u00e9e pour purifier l&rsquo;eau. C&rsquo;est ce qu&rsquo;on appelle un filtre \u00e0 h\u00e9lophytes. Parfois, une purification m\u00e9canique suppl\u00e9mentaire est \u00e9galement appliqu\u00e9e, mais avec une bonne conception, cela n&rsquo;est pas n\u00e9cessaire.<\/p>\t\t\t\t\t\t\t\t<\/div>\n\t\t\t\t<\/div>\n\t\t\t\t\t<\/div>\n\t\t<\/div>\n\t\t\t\t\t<\/div>\n\t\t<\/section>\n\t\t\t\t\t<\/div>\n\t\t<\/div>\n\t\t\t\t\t<\/div>\n\t\t<\/section>\n\t\t\t\t<section data-particle_enable=\"false\" data-particle-mobile-disabled=\"false\" class=\"has_ae_slider elementor-section elementor-top-section elementor-element elementor-element-538a9a93 elementor-section-boxed elementor-section-height-default elementor-section-height-default ae-bg-gallery-type-default\" data-id=\"538a9a93\" data-element_type=\"section\" data-e-type=\"section\">\n\t\t\t\t\t\t<div class=\"elementor-container elementor-column-gap-default\">\n\t\t\t\t\t<div class=\"has_ae_slider elementor-column elementor-col-100 elementor-top-column elementor-element elementor-element-196d1127 ae-bg-gallery-type-default\" data-id=\"196d1127\" data-element_type=\"column\" data-e-type=\"column\">\n\t\t\t<div class=\"elementor-widget-wrap elementor-element-populated\">\n\t\t\t\t\t\t<div class=\"elementor-element elementor-element-1952349e elementor-widget elementor-widget-heading\" data-id=\"1952349e\" data-element_type=\"widget\" data-e-type=\"widget\" data-widget_type=\"heading.default\">\n\t\t\t\t<div class=\"elementor-widget-container\">\n\t\t\t\t\t<h1 class=\"elementor-heading-title elementor-size-default\">Plus d'\u00e9tangs de baignade<\/h1>\t\t\t\t<\/div>\n\t\t\t\t<\/div>\n\t\t\t\t<div class=\"elementor-element elementor-element-afbee3a elementor-grid-3 elementor-grid-tablet-2 elementor-grid-mobile-1 elementor-widget elementor-widget-portfolio\" data-id=\"afbee3a\" data-element_type=\"widget\" data-e-type=\"widget\" data-settings=\"{&quot;row_gap&quot;:{&quot;unit&quot;:&quot;px&quot;,&quot;size&quot;:20,&quot;sizes&quot;:[]},&quot;columns&quot;:&quot;3&quot;,&quot;columns_tablet&quot;:&quot;2&quot;,&quot;columns_mobile&quot;:&quot;1&quot;,&quot;item_ratio&quot;:{&quot;unit&quot;:&quot;px&quot;,&quot;size&quot;:0.66,&quot;sizes&quot;:[]},&quot;item_gap&quot;:{&quot;unit&quot;:&quot;px&quot;,&quot;size&quot;:&quot;&quot;,&quot;sizes&quot;:[]}}\" data-widget_type=\"portfolio.default\">\n\t\t\t\t<div class=\"elementor-widget-container\">\n\t\t\t\t\t\t\t<div class=\"elementor-portfolio elementor-grid elementor-posts-container\" role=\"list\">\n\t\t\t\t<article class=\"elementor-portfolio-item elementor-post  post-6153 inspirationpond type-inspirationpond status-publish has-post-thumbnail hentry tag-etang-dinspiration pondtype-etangs-de-natation\" role=\"listitem\">\n\t\t\t<a class=\"elementor-post__thumbnail__link\" href=\"https:\/\/pondtrends.com\/fr\/inspirationpond\/etang-de-natation-1\/\">\n\t\t\t\t<div class=\"elementor-portfolio-item__img elementor-post__thumbnail\">\n\t\t\t<img fetchpriority=\"high\" decoding=\"async\" width=\"800\" height=\"345\" src=\"https:\/\/pondtrends.com\/wp-content\/uploads\/2021\/02\/inspiratie-header-zwemvijver-1-1-1024x442.jpg\" class=\"attachment-large size-large wp-image-6154\" alt=\"\" srcset=\"https:\/\/pondtrends.com\/wp-content\/uploads\/2021\/02\/inspiratie-header-zwemvijver-1-1-1024x442.jpg 1024w, https:\/\/pondtrends.com\/wp-content\/uploads\/2021\/02\/inspiratie-header-zwemvijver-1-1-300x129.jpg 300w, https:\/\/pondtrends.com\/wp-content\/uploads\/2021\/02\/inspiratie-header-zwemvijver-1-1-768x331.jpg 768w, https:\/\/pondtrends.com\/wp-content\/uploads\/2021\/02\/inspiratie-header-zwemvijver-1-1-1536x663.jpg 1536w, https:\/\/pondtrends.com\/wp-content\/uploads\/2021\/02\/inspiratie-header-zwemvijver-1-1-scaled.jpg 2048w\" sizes=\"(max-width: 800px) 100vw, 800px\" \/>\t\t<\/div>\n\t\t\t\t<div class=\"elementor-portfolio-item__overlay\">\n\t\t\t\t<h3 class=\"elementor-portfolio-item__title\">\n\t\t\u00c9tang de natation 1\t\t<\/h3>\n\t\t\t\t<\/div>\n\t\t\t\t<\/a>\n\t\t<\/article>\n\t\t\t\t<article class=\"elementor-portfolio-item elementor-post  post-6150 inspirationpond type-inspirationpond status-publish has-post-thumbnail hentry tag-etang-dinspiration pondtype-etangs-de-natation\" role=\"listitem\">\n\t\t\t<a class=\"elementor-post__thumbnail__link\" href=\"https:\/\/pondtrends.com\/fr\/inspirationpond\/etang-de-natation-2\/\">\n\t\t\t\t<div class=\"elementor-portfolio-item__img elementor-post__thumbnail\">\n\t\t\t<img decoding=\"async\" width=\"800\" height=\"345\" src=\"https:\/\/pondtrends.com\/wp-content\/uploads\/2021\/02\/inspiratie-header-zwemvijver-2-1024x442.jpg\" class=\"attachment-large size-large wp-image-6151\" alt=\"\" srcset=\"https:\/\/pondtrends.com\/wp-content\/uploads\/2021\/02\/inspiratie-header-zwemvijver-2-1024x442.jpg 1024w, https:\/\/pondtrends.com\/wp-content\/uploads\/2021\/02\/inspiratie-header-zwemvijver-2-300x129.jpg 300w, https:\/\/pondtrends.com\/wp-content\/uploads\/2021\/02\/inspiratie-header-zwemvijver-2-768x332.jpg 768w, https:\/\/pondtrends.com\/wp-content\/uploads\/2021\/02\/inspiratie-header-zwemvijver-2-1536x663.jpg 1536w, https:\/\/pondtrends.com\/wp-content\/uploads\/2021\/02\/inspiratie-header-zwemvijver-2.jpg 2048w\" sizes=\"(max-width: 800px) 100vw, 800px\" \/>\t\t<\/div>\n\t\t\t\t<div class=\"elementor-portfolio-item__overlay\">\n\t\t\t\t<h3 class=\"elementor-portfolio-item__title\">\n\t\t\u00c9tang de natation 2\t\t<\/h3>\n\t\t\t\t<\/div>\n\t\t\t\t<\/a>\n\t\t<\/article>\n\t\t\t\t<article class=\"elementor-portfolio-item elementor-post  post-6147 inspirationpond type-inspirationpond status-publish has-post-thumbnail hentry tag-etang-dinspiration pondtype-etangs-de-natation\" role=\"listitem\">\n\t\t\t<a class=\"elementor-post__thumbnail__link\" href=\"https:\/\/pondtrends.com\/fr\/inspirationpond\/etang-de-natation-3\/\">\n\t\t\t\t<div class=\"elementor-portfolio-item__img elementor-post__thumbnail\">\n\t\t\t<img decoding=\"async\" width=\"800\" height=\"345\" src=\"https:\/\/pondtrends.com\/wp-content\/uploads\/2021\/02\/inspiratie-header-zwemvijver-3-1024x442.jpg\" class=\"attachment-large size-large wp-image-6148\" alt=\"\" srcset=\"https:\/\/pondtrends.com\/wp-content\/uploads\/2021\/02\/inspiratie-header-zwemvijver-3-1024x442.jpg 1024w, https:\/\/pondtrends.com\/wp-content\/uploads\/2021\/02\/inspiratie-header-zwemvijver-3-300x129.jpg 300w, https:\/\/pondtrends.com\/wp-content\/uploads\/2021\/02\/inspiratie-header-zwemvijver-3-768x332.jpg 768w, https:\/\/pondtrends.com\/wp-content\/uploads\/2021\/02\/inspiratie-header-zwemvijver-3-1536x663.jpg 1536w, https:\/\/pondtrends.com\/wp-content\/uploads\/2021\/02\/inspiratie-header-zwemvijver-3.jpg 2048w\" sizes=\"(max-width: 800px) 100vw, 800px\" \/>\t\t<\/div>\n\t\t\t\t<div class=\"elementor-portfolio-item__overlay\">\n\t\t\t\t<h3 class=\"elementor-portfolio-item__title\">\n\t\t\u00c9tang de natation 3\t\t<\/h3>\n\t\t\t\t<\/div>\n\t\t\t\t<\/a>\n\t\t<\/article>\n\t\t\t\t<\/div>\n\t\t\t\t\t\t<\/div>\n\t\t\t\t<\/div>\n\t\t\t\t\t<\/div>\n\t\t<\/div>\n\t\t\t\t\t<\/div>\n\t\t<\/section>\n\t\t\t\t<\/div>\n\t\t","protected":false},"excerpt":{"rendered":"<p>\u00c9tangs de baignade Un \u00e9tang de baignade est destin\u00e9 \u00e0 la baignade, mais il ne s&rsquo;agit pas d&rsquo;une piscine entour\u00e9e de plantes. Un v\u00e9ritable \u00e9tang de baignade doit donner l&rsquo;impression de nager dans un lac naturel. L&rsquo;environnement doit de pr\u00e9f\u00e9rence \u00eatre naturel, mais il peut aussi \u00eatre lisse, avec des plantes riveraines et \u00e9ventuellement une [&hellip;]<\/p>\n","protected":false},"author":1,"featured_media":7652,"parent":5935,"menu_order":0,"comment_status":"closed","ping_status":"closed","template":"elementor_header_footer","meta":{"_acf_changed":false,"_monsterinsights_skip_tracking":false,"_monsterinsights_sitenote_active":false,"_monsterinsights_sitenote_note":"","_monsterinsights_sitenote_category":0,"_uf_show_specific_survey":0,"_uf_disable_surveys":false,"footnotes":""},"categories":[],"tags":[143],"class_list":["post-5941","page","type-page","status-publish","has-post-thumbnail","hentry","tag-page-fr"],"acf":[],"yoast_head":"<!-- This site is optimized with the Yoast SEO plugin v27.2 - https:\/\/yoast.com\/product\/yoast-seo-wordpress\/ -->\n<title>Construire un \u00e9tang de baignade ? Pondtrends - Pour l&#039;inspiration et l&#039;information<\/title>\n<meta name=\"description\" content=\"Un \u00e9tang de baignade est une entit\u00e9 \u00e9cologique dans laquelle on peut se baigner en \u00e9t\u00e9 et sur laquelle on peut \u00e9ventuellement faire du patin \u00e0 glace en hiver.\" \/>\n<meta name=\"robots\" content=\"index, follow, max-snippet:-1, max-image-preview:large, max-video-preview:-1\" \/>\n<link rel=\"canonical\" href=\"https:\/\/pondtrends.com\/fr\/inspiration\/etangs-de-baignade\/\" \/>\n<meta property=\"og:locale\" content=\"fr_FR\" \/>\n<meta property=\"og:type\" content=\"article\" \/>\n<meta property=\"og:title\" content=\"Construire un \u00e9tang de baignade ? Pondtrends - Pour l&#039;inspiration et l&#039;information\" \/>\n<meta property=\"og:description\" content=\"Un \u00e9tang de baignade est une entit\u00e9 \u00e9cologique dans laquelle on peut se baigner en \u00e9t\u00e9 et sur laquelle on peut \u00e9ventuellement faire du patin \u00e0 glace en hiver.\" \/>\n<meta property=\"og:url\" content=\"https:\/\/pondtrends.com\/fr\/inspiration\/etangs-de-baignade\/\" \/>\n<meta property=\"og:site_name\" content=\"Pondtrends\" \/>\n<meta property=\"article:modified_time\" content=\"2024-01-23T13:27:00+00:00\" \/>\n<meta property=\"og:image\" content=\"https:\/\/pondtrends.com\/wp-content\/uploads\/2021\/01\/inspiratie-header-zwemvijver-1.jpg\" \/>\n\t<meta property=\"og:image:width\" content=\"2500\" \/>\n\t<meta property=\"og:image:height\" content=\"1079\" \/>\n\t<meta property=\"og:image:type\" content=\"image\/jpeg\" \/>\n<meta name=\"twitter:card\" content=\"summary_large_image\" \/>\n<meta name=\"twitter:label1\" content=\"Dur\u00e9e de lecture estim\u00e9e\" \/>\n\t<meta name=\"twitter:data1\" content=\"3 minutes\" \/>\n<script type=\"application\/ld+json\" class=\"yoast-schema-graph\">{\"@context\":\"https:\/\/schema.org\",\"@graph\":[{\"@type\":\"WebPage\",\"@id\":\"https:\/\/pondtrends.com\/fr\/inspiration\/etangs-de-baignade\/\",\"url\":\"https:\/\/pondtrends.com\/fr\/inspiration\/etangs-de-baignade\/\",\"name\":\"Construire un \u00e9tang de baignade ? Pondtrends - Pour l'inspiration et l'information\",\"isPartOf\":{\"@id\":\"https:\/\/pondtrends.com\/fr\/#website\"},\"primaryImageOfPage\":{\"@id\":\"https:\/\/pondtrends.com\/fr\/inspiration\/etangs-de-baignade\/#primaryimage\"},\"image\":{\"@id\":\"https:\/\/pondtrends.com\/fr\/inspiration\/etangs-de-baignade\/#primaryimage\"},\"thumbnailUrl\":\"https:\/\/pondtrends.com\/wp-content\/uploads\/2021\/01\/inspiratie-header-zwemvijver-1.jpg\",\"datePublished\":\"2023-11-07T13:08:32+00:00\",\"dateModified\":\"2024-01-23T13:27:00+00:00\",\"description\":\"Un \u00e9tang de baignade est une entit\u00e9 \u00e9cologique dans laquelle on peut se baigner en \u00e9t\u00e9 et sur laquelle on peut \u00e9ventuellement faire du patin \u00e0 glace en hiver.\",\"breadcrumb\":{\"@id\":\"https:\/\/pondtrends.com\/fr\/inspiration\/etangs-de-baignade\/#breadcrumb\"},\"inLanguage\":\"fr-FR\",\"potentialAction\":[{\"@type\":\"ReadAction\",\"target\":[\"https:\/\/pondtrends.com\/fr\/inspiration\/etangs-de-baignade\/\"]}]},{\"@type\":\"ImageObject\",\"inLanguage\":\"fr-FR\",\"@id\":\"https:\/\/pondtrends.com\/fr\/inspiration\/etangs-de-baignade\/#primaryimage\",\"url\":\"https:\/\/pondtrends.com\/wp-content\/uploads\/2021\/01\/inspiratie-header-zwemvijver-1.jpg\",\"contentUrl\":\"https:\/\/pondtrends.com\/wp-content\/uploads\/2021\/01\/inspiratie-header-zwemvijver-1.jpg\",\"width\":2500,\"height\":1079},{\"@type\":\"BreadcrumbList\",\"@id\":\"https:\/\/pondtrends.com\/fr\/inspiration\/etangs-de-baignade\/#breadcrumb\",\"itemListElement\":[{\"@type\":\"ListItem\",\"position\":1,\"name\":\"Home\",\"item\":\"https:\/\/pondtrends.com\/fr\/\"},{\"@type\":\"ListItem\",\"position\":2,\"name\":\"inspiration\",\"item\":\"https:\/\/pondtrends.com\/fr\/inspiration\/\"},{\"@type\":\"ListItem\",\"position\":3,\"name\":\"\u00c9tangs de baignade\"}]},{\"@type\":\"WebSite\",\"@id\":\"https:\/\/pondtrends.com\/fr\/#website\",\"url\":\"https:\/\/pondtrends.com\/fr\/\",\"name\":\"Pondtrends \u2013 voor inspiratie en informatie over vijvers!\",\"description\":\"voor inspiratie en informatie over vijvers\",\"potentialAction\":[{\"@type\":\"SearchAction\",\"target\":{\"@type\":\"EntryPoint\",\"urlTemplate\":\"https:\/\/pondtrends.com\/fr\/?s={search_term_string}\"},\"query-input\":{\"@type\":\"PropertyValueSpecification\",\"valueRequired\":true,\"valueName\":\"search_term_string\"}}],\"inLanguage\":\"fr-FR\"}]}<\/script>\n<!-- \/ Yoast SEO plugin. -->","yoast_head_json":{"title":"Construire un \u00e9tang de baignade ? Pondtrends - Pour l'inspiration et l'information","description":"Un \u00e9tang de baignade est une entit\u00e9 \u00e9cologique dans laquelle on peut se baigner en \u00e9t\u00e9 et sur laquelle on peut \u00e9ventuellement faire du patin \u00e0 glace en hiver.","robots":{"index":"index","follow":"follow","max-snippet":"max-snippet:-1","max-image-preview":"max-image-preview:large","max-video-preview":"max-video-preview:-1"},"canonical":"https:\/\/pondtrends.com\/fr\/inspiration\/etangs-de-baignade\/","og_locale":"fr_FR","og_type":"article","og_title":"Construire un \u00e9tang de baignade ? Pondtrends - Pour l'inspiration et l'information","og_description":"Un \u00e9tang de baignade est une entit\u00e9 \u00e9cologique dans laquelle on peut se baigner en \u00e9t\u00e9 et sur laquelle on peut \u00e9ventuellement faire du patin \u00e0 glace en hiver.","og_url":"https:\/\/pondtrends.com\/fr\/inspiration\/etangs-de-baignade\/","og_site_name":"Pondtrends","article_modified_time":"2024-01-23T13:27:00+00:00","og_image":[{"width":2500,"height":1079,"url":"https:\/\/pondtrends.com\/wp-content\/uploads\/2021\/01\/inspiratie-header-zwemvijver-1.jpg","type":"image\/jpeg"}],"twitter_card":"summary_large_image","twitter_misc":{"Dur\u00e9e de lecture estim\u00e9e":"3 minutes"},"schema":{"@context":"https:\/\/schema.org","@graph":[{"@type":"WebPage","@id":"https:\/\/pondtrends.com\/fr\/inspiration\/etangs-de-baignade\/","url":"https:\/\/pondtrends.com\/fr\/inspiration\/etangs-de-baignade\/","name":"Construire un \u00e9tang de baignade ? Pondtrends - Pour l'inspiration et l'information","isPartOf":{"@id":"https:\/\/pondtrends.com\/fr\/#website"},"primaryImageOfPage":{"@id":"https:\/\/pondtrends.com\/fr\/inspiration\/etangs-de-baignade\/#primaryimage"},"image":{"@id":"https:\/\/pondtrends.com\/fr\/inspiration\/etangs-de-baignade\/#primaryimage"},"thumbnailUrl":"https:\/\/pondtrends.com\/wp-content\/uploads\/2021\/01\/inspiratie-header-zwemvijver-1.jpg","datePublished":"2023-11-07T13:08:32+00:00","dateModified":"2024-01-23T13:27:00+00:00","description":"Un \u00e9tang de baignade est une entit\u00e9 \u00e9cologique dans laquelle on peut se baigner en \u00e9t\u00e9 et sur laquelle on peut \u00e9ventuellement faire du patin \u00e0 glace en hiver.","breadcrumb":{"@id":"https:\/\/pondtrends.com\/fr\/inspiration\/etangs-de-baignade\/#breadcrumb"},"inLanguage":"fr-FR","potentialAction":[{"@type":"ReadAction","target":["https:\/\/pondtrends.com\/fr\/inspiration\/etangs-de-baignade\/"]}]},{"@type":"ImageObject","inLanguage":"fr-FR","@id":"https:\/\/pondtrends.com\/fr\/inspiration\/etangs-de-baignade\/#primaryimage","url":"https:\/\/pondtrends.com\/wp-content\/uploads\/2021\/01\/inspiratie-header-zwemvijver-1.jpg","contentUrl":"https:\/\/pondtrends.com\/wp-content\/uploads\/2021\/01\/inspiratie-header-zwemvijver-1.jpg","width":2500,"height":1079},{"@type":"BreadcrumbList","@id":"https:\/\/pondtrends.com\/fr\/inspiration\/etangs-de-baignade\/#breadcrumb","itemListElement":[{"@type":"ListItem","position":1,"name":"Home","item":"https:\/\/pondtrends.com\/fr\/"},{"@type":"ListItem","position":2,"name":"inspiration","item":"https:\/\/pondtrends.com\/fr\/inspiration\/"},{"@type":"ListItem","position":3,"name":"\u00c9tangs de baignade"}]},{"@type":"WebSite","@id":"https:\/\/pondtrends.com\/fr\/#website","url":"https:\/\/pondtrends.com\/fr\/","name":"Pondtrends \u2013 voor inspiratie en informatie over vijvers!","description":"voor inspiratie en informatie over vijvers","potentialAction":[{"@type":"SearchAction","target":{"@type":"EntryPoint","urlTemplate":"https:\/\/pondtrends.com\/fr\/?s={search_term_string}"},"query-input":{"@type":"PropertyValueSpecification","valueRequired":true,"valueName":"search_term_string"}}],"inLanguage":"fr-FR"}]}},"_links":{"self":[{"href":"https:\/\/pondtrends.com\/fr\/wp-json\/wp\/v2\/pages\/5941","targetHints":{"allow":["GET"]}}],"collection":[{"href":"https:\/\/pondtrends.com\/fr\/wp-json\/wp\/v2\/pages"}],"about":[{"href":"https:\/\/pondtrends.com\/fr\/wp-json\/wp\/v2\/types\/page"}],"author":[{"embeddable":true,"href":"https:\/\/pondtrends.com\/fr\/wp-json\/wp\/v2\/users\/1"}],"replies":[{"embeddable":true,"href":"https:\/\/pondtrends.com\/fr\/wp-json\/wp\/v2\/comments?post=5941"}],"version-history":[{"count":3,"href":"https:\/\/pondtrends.com\/fr\/wp-json\/wp\/v2\/pages\/5941\/revisions"}],"predecessor-version":[{"id":9510,"href":"https:\/\/pondtrends.com\/fr\/wp-json\/wp\/v2\/pages\/5941\/revisions\/9510"}],"up":[{"embeddable":true,"href":"https:\/\/pondtrends.com\/fr\/wp-json\/wp\/v2\/pages\/5935"}],"wp:featuredmedia":[{"embeddable":true,"href":"https:\/\/pondtrends.com\/fr\/wp-json\/wp\/v2\/media\/7652"}],"wp:attachment":[{"href":"https:\/\/pondtrends.com\/fr\/wp-json\/wp\/v2\/media?parent=5941"}],"wp:term":[{"taxonomy":"category","embeddable":true,"href":"https:\/\/pondtrends.com\/fr\/wp-json\/wp\/v2\/categories?post=5941"},{"taxonomy":"post_tag","embeddable":true,"href":"https:\/\/pondtrends.com\/fr\/wp-json\/wp\/v2\/tags?post=5941"}],"curies":[{"name":"wp","href":"https:\/\/api.w.org\/{rel}","templated":true}]}}