{"id":5952,"date":"2023-11-07T13:18:09","date_gmt":"2023-11-07T13:18:09","guid":{"rendered":"https:\/\/pondtrends.com\/?page_id=5952"},"modified":"2023-12-12T14:09:48","modified_gmt":"2023-12-12T14:09:48","slug":"cascades-et-ruisseaux","status":"publish","type":"page","link":"https:\/\/pondtrends.com\/fr\/inspiration\/cascades-et-ruisseaux\/","title":{"rendered":"Cascades et ruisseaux"},"content":{"rendered":"\t\t<div data-elementor-type=\"wp-page\" data-elementor-id=\"5952\" class=\"elementor elementor-5952 elementor-1124\" data-elementor-post-type=\"page\">\n\t\t\t\t\t\t<section data-particle_enable=\"false\" data-particle-mobile-disabled=\"false\" class=\"has_ae_slider elementor-section elementor-top-section elementor-element elementor-element-50440852 elementor-section-boxed elementor-section-height-default elementor-section-height-default ae-bg-gallery-type-default\" data-id=\"50440852\" data-element_type=\"section\" data-e-type=\"section\" data-settings=\"{&quot;background_background&quot;:&quot;classic&quot;}\">\n\t\t\t\t\t\t\t<div class=\"elementor-background-overlay\"><\/div>\n\t\t\t\t\t\t\t<div class=\"elementor-container elementor-column-gap-default\">\n\t\t\t\t\t<div class=\"has_ae_slider elementor-column elementor-col-100 elementor-top-column elementor-element elementor-element-1c0c8b65 ae-bg-gallery-type-default\" data-id=\"1c0c8b65\" data-element_type=\"column\" data-e-type=\"column\">\n\t\t\t<div class=\"elementor-widget-wrap elementor-element-populated\">\n\t\t\t\t\t\t<div class=\"elementor-element elementor-element-1ba51f1c elementor-widget elementor-widget-heading\" data-id=\"1ba51f1c\" data-element_type=\"widget\" data-e-type=\"widget\" data-widget_type=\"heading.default\">\n\t\t\t\t<div class=\"elementor-widget-container\">\n\t\t\t\t\t<h1 class=\"elementor-heading-title elementor-size-default\">Cascades et ruisseaux<\/h1>\t\t\t\t<\/div>\n\t\t\t\t<\/div>\n\t\t\t\t\t<\/div>\n\t\t<\/div>\n\t\t\t\t\t<\/div>\n\t\t<\/section>\n\t\t\t\t<section data-particle_enable=\"false\" data-particle-mobile-disabled=\"false\" class=\"has_ae_slider elementor-section elementor-top-section elementor-element elementor-element-468572fd elementor-section-boxed elementor-section-height-default elementor-section-height-default ae-bg-gallery-type-default\" data-id=\"468572fd\" data-element_type=\"section\" data-e-type=\"section\" data-settings=\"{&quot;background_background&quot;:&quot;classic&quot;}\">\n\t\t\t\t\t\t<div class=\"elementor-container elementor-column-gap-default\">\n\t\t\t\t\t<div class=\"has_ae_slider elementor-column elementor-col-100 elementor-top-column elementor-element elementor-element-16a601e ae-bg-gallery-type-default\" data-id=\"16a601e\" data-element_type=\"column\" data-e-type=\"column\">\n\t\t\t<div class=\"elementor-widget-wrap elementor-element-populated\">\n\t\t\t\t\t\t<section data-particle_enable=\"false\" data-particle-mobile-disabled=\"false\" class=\"has_ae_slider elementor-section elementor-inner-section elementor-element elementor-element-613e00b9 elementor-section-boxed elementor-section-height-default elementor-section-height-default ae-bg-gallery-type-default\" data-id=\"613e00b9\" data-element_type=\"section\" data-e-type=\"section\">\n\t\t\t\t\t\t<div class=\"elementor-container elementor-column-gap-default\">\n\t\t\t\t\t<div class=\"has_ae_slider elementor-column elementor-col-100 elementor-inner-column elementor-element elementor-element-6358e5d9 ae-bg-gallery-type-default\" data-id=\"6358e5d9\" data-element_type=\"column\" data-e-type=\"column\">\n\t\t\t<div class=\"elementor-widget-wrap elementor-element-populated\">\n\t\t\t\t\t\t<div class=\"elementor-element elementor-element-4ec60769 elementor-widget elementor-widget-text-editor\" data-id=\"4ec60769\" data-element_type=\"widget\" data-e-type=\"widget\" data-widget_type=\"text-editor.default\">\n\t\t\t\t<div class=\"elementor-widget-container\">\n\t\t\t\t\t\t\t\t\t<p>Une cascade ou un ruisseau dans le jardin est g\u00e9n\u00e9ralement actionn\u00e9 par une pompe \u00e0 eau qui puise l&rsquo;eau dans l&rsquo;\u00e9tang ou dans un bassin. Si vous cr\u00e9ez des courbes et des variations de profondeur dans un ruisseau, cela produit des diff\u00e9rences locales de vitesse d&rsquo;\u00e9coulement. Les plantes et les animaux appr\u00e9cient ce ph\u00e9nom\u00e8ne. Vous pouvez \u00e9galement cr\u00e9er une cascade multiple \u00e0 partir de sections en forme de cuvette. L&rsquo;eau peut y rester lorsque la cascade ne coule pas, ce qui offre \u00e9galement des possibilit\u00e9s de survie aux plantes et aux animaux aquatiques. Si un ruisseau n&rsquo;est utilis\u00e9 que comme une source d&rsquo;eau p\u00e9riodique &#8211; par exemple, par le d\u00e9bordement d&rsquo;un tonneau d&rsquo;eau de pluie ou d&rsquo;une goutti\u00e8re &#8211; il s&rsquo;ass\u00e8chera r\u00e9guli\u00e8rement. Par cons\u00e9quent, les formes en cuvette peuvent rendre la vie aquatique permanente.<\/p><p>Un ruisseau de largeur et de profondeur variables (entre 10 et 50 cm), avec des pierres dans le cours d&rsquo;eau et des berges sablonneuses ou rocheuses, est agr\u00e9able \u00e0 regarder. L&rsquo;ondulation de l&rsquo;eau cr\u00e9e un effet tr\u00e8s apaisant. Une diff\u00e9rence de hauteur de 1 \u00e0 2 cm par m\u00e8tre de longueur suffit \u00e0 faire couler l&rsquo;eau. Une cascade au bord d&rsquo;un \u00e9tang est souvent aliment\u00e9e par l&rsquo;eau de cet \u00e9tang. Veillez toutefois \u00e0 ce que le mouvement de l&rsquo;eau dans l&rsquo;\u00e9tang ne soit pas trop important. Cela perturbe les zones de temp\u00e9rature naturelles de l&rsquo;\u00e9tang. \u00c9tant donn\u00e9 que peu de plantes aquatiques veulent pousser dans une eau \u00e0 d\u00e9bit rapide, la plantation se limite g\u00e9n\u00e9ralement \u00e0 <span style=\"color: #009dd0;\"><a style=\"color: #009dd0;\" href=\"https:\/\/pondtrends.com\/fr\/plantes-detang-zone-1\/\"><strong>des plantes de berge s\u00e8ches<\/strong><\/a><\/span> \u00e0 proximit\u00e9 du cours d&rsquo;eau.<\/p>\t\t\t\t\t\t\t\t<\/div>\n\t\t\t\t<\/div>\n\t\t\t\t\t<\/div>\n\t\t<\/div>\n\t\t\t\t\t<\/div>\n\t\t<\/section>\n\t\t\t\t\t<\/div>\n\t\t<\/div>\n\t\t\t\t\t<\/div>\n\t\t<\/section>\n\t\t\t\t<section data-particle_enable=\"false\" data-particle-mobile-disabled=\"false\" class=\"has_ae_slider elementor-section elementor-top-section elementor-element elementor-element-15ca3467 elementor-section-boxed elementor-section-height-default elementor-section-height-default ae-bg-gallery-type-default\" data-id=\"15ca3467\" data-element_type=\"section\" data-e-type=\"section\">\n\t\t\t\t\t\t<div class=\"elementor-container elementor-column-gap-default\">\n\t\t\t\t\t<div class=\"has_ae_slider elementor-column elementor-col-100 elementor-top-column elementor-element elementor-element-244a8811 ae-bg-gallery-type-default\" data-id=\"244a8811\" data-element_type=\"column\" data-e-type=\"column\">\n\t\t\t<div class=\"elementor-widget-wrap elementor-element-populated\">\n\t\t\t\t\t\t<div class=\"elementor-element elementor-element-743221e8 elementor-widget elementor-widget-heading\" data-id=\"743221e8\" data-element_type=\"widget\" data-e-type=\"widget\" data-widget_type=\"heading.default\">\n\t\t\t\t<div class=\"elementor-widget-container\">\n\t\t\t\t\t<h1 class=\"elementor-heading-title elementor-size-default\">Plus de cascades et de ruisseaux<\/h1>\t\t\t\t<\/div>\n\t\t\t\t<\/div>\n\t\t\t\t<div class=\"elementor-element elementor-element-4bc311c3 elementor-grid-3 elementor-grid-tablet-2 elementor-grid-mobile-1 elementor-widget elementor-widget-portfolio\" data-id=\"4bc311c3\" data-element_type=\"widget\" data-e-type=\"widget\" data-settings=\"{&quot;row_gap&quot;:{&quot;unit&quot;:&quot;px&quot;,&quot;size&quot;:20,&quot;sizes&quot;:[]},&quot;columns&quot;:&quot;3&quot;,&quot;columns_tablet&quot;:&quot;2&quot;,&quot;columns_mobile&quot;:&quot;1&quot;,&quot;item_ratio&quot;:{&quot;unit&quot;:&quot;px&quot;,&quot;size&quot;:0.66,&quot;sizes&quot;:[]},&quot;item_gap&quot;:{&quot;unit&quot;:&quot;px&quot;,&quot;size&quot;:&quot;&quot;,&quot;sizes&quot;:[]}}\" data-widget_type=\"portfolio.default\">\n\t\t\t\t<div class=\"elementor-widget-container\">\n\t\t\t\t\t\t\t<div class=\"elementor-portfolio elementor-grid elementor-posts-container\" role=\"list\">\n\t\t\t\t<article class=\"elementor-portfolio-item elementor-post  post-6126 inspirationpond type-inspirationpond status-publish has-post-thumbnail hentry tag-etang-dinspiration pondtype-cascades-et-ruisseaux\" role=\"listitem\">\n\t\t\t<a class=\"elementor-post__thumbnail__link\" href=\"https:\/\/pondtrends.com\/fr\/inspirationpond\/chute-deau-2\/\">\n\t\t\t\t<div class=\"elementor-portfolio-item__img elementor-post__thumbnail\">\n\t\t\t<img fetchpriority=\"high\" decoding=\"async\" width=\"800\" height=\"345\" src=\"https:\/\/pondtrends.com\/wp-content\/uploads\/2021\/02\/inspiratie-header-waterval-2-1024x442.jpg\" class=\"attachment-large size-large wp-image-6127\" alt=\"\" srcset=\"https:\/\/pondtrends.com\/wp-content\/uploads\/2021\/02\/inspiratie-header-waterval-2-1024x442.jpg 1024w, https:\/\/pondtrends.com\/wp-content\/uploads\/2021\/02\/inspiratie-header-waterval-2-300x129.jpg 300w, https:\/\/pondtrends.com\/wp-content\/uploads\/2021\/02\/inspiratie-header-waterval-2-768x332.jpg 768w, https:\/\/pondtrends.com\/wp-content\/uploads\/2021\/02\/inspiratie-header-waterval-2-1536x663.jpg 1536w, https:\/\/pondtrends.com\/wp-content\/uploads\/2021\/02\/inspiratie-header-waterval-2.jpg 2048w\" sizes=\"(max-width: 800px) 100vw, 800px\" \/>\t\t<\/div>\n\t\t\t\t<div class=\"elementor-portfolio-item__overlay\">\n\t\t\t\t<h3 class=\"elementor-portfolio-item__title\">\n\t\tChute d&rsquo;eau 2\t\t<\/h3>\n\t\t\t\t<\/div>\n\t\t\t\t<\/a>\n\t\t<\/article>\n\t\t\t\t<article class=\"elementor-portfolio-item elementor-post  post-6121 inspirationpond type-inspirationpond status-publish has-post-thumbnail hentry tag-etang-dinspiration pondtype-cascades-et-ruisseaux\" role=\"listitem\">\n\t\t\t<a class=\"elementor-post__thumbnail__link\" href=\"https:\/\/pondtrends.com\/fr\/inspirationpond\/chute-deau-1\/\">\n\t\t\t\t<div class=\"elementor-portfolio-item__img elementor-post__thumbnail\">\n\t\t\t<img decoding=\"async\" width=\"800\" height=\"345\" src=\"https:\/\/pondtrends.com\/wp-content\/uploads\/2021\/02\/inspiratie-header-waterval-1-1024x442.jpg\" class=\"attachment-large size-large wp-image-6122\" alt=\"\" srcset=\"https:\/\/pondtrends.com\/wp-content\/uploads\/2021\/02\/inspiratie-header-waterval-1-1024x442.jpg 1024w, https:\/\/pondtrends.com\/wp-content\/uploads\/2021\/02\/inspiratie-header-waterval-1-300x129.jpg 300w, https:\/\/pondtrends.com\/wp-content\/uploads\/2021\/02\/inspiratie-header-waterval-1-768x331.jpg 768w, https:\/\/pondtrends.com\/wp-content\/uploads\/2021\/02\/inspiratie-header-waterval-1-1536x663.jpg 1536w, https:\/\/pondtrends.com\/wp-content\/uploads\/2021\/02\/inspiratie-header-waterval-1-scaled.jpg 2048w\" sizes=\"(max-width: 800px) 100vw, 800px\" \/>\t\t<\/div>\n\t\t\t\t<div class=\"elementor-portfolio-item__overlay\">\n\t\t\t\t<h3 class=\"elementor-portfolio-item__title\">\n\t\tChute d&rsquo;eau 1\t\t<\/h3>\n\t\t\t\t<\/div>\n\t\t\t\t<\/a>\n\t\t<\/article>\n\t\t\t\t<\/div>\n\t\t\t\t\t\t<\/div>\n\t\t\t\t<\/div>\n\t\t\t\t\t<\/div>\n\t\t<\/div>\n\t\t\t\t\t<\/div>\n\t\t<\/section>\n\t\t\t\t<\/div>\n\t\t","protected":false},"excerpt":{"rendered":"<p>Cascades et ruisseaux Une cascade ou un ruisseau dans le jardin est g\u00e9n\u00e9ralement actionn\u00e9 par une pompe \u00e0 eau qui puise l&rsquo;eau dans l&rsquo;\u00e9tang ou dans un bassin. Si vous cr\u00e9ez des courbes et des variations de profondeur dans un ruisseau, cela produit des diff\u00e9rences locales de vitesse d&rsquo;\u00e9coulement. Les plantes et les animaux appr\u00e9cient [&hellip;]<\/p>\n","protected":false},"author":1,"featured_media":7650,"parent":5935,"menu_order":0,"comment_status":"closed","ping_status":"closed","template":"elementor_header_footer","meta":{"_acf_changed":false,"_monsterinsights_skip_tracking":false,"_monsterinsights_sitenote_active":false,"_monsterinsights_sitenote_note":"","_monsterinsights_sitenote_category":0,"_uf_show_specific_survey":0,"_uf_disable_surveys":false,"footnotes":""},"categories":[],"tags":[],"class_list":["post-5952","page","type-page","status-publish","has-post-thumbnail","hentry"],"acf":[],"yoast_head":"<!-- This site is optimized with the Yoast SEO plugin v27.2 - https:\/\/yoast.com\/product\/yoast-seo-wordpress\/ -->\n<title>Cascades et ruisseaux &#8211; Pondtrends<\/title>\n<meta name=\"robots\" content=\"index, follow, max-snippet:-1, max-image-preview:large, max-video-preview:-1\" \/>\n<link rel=\"canonical\" href=\"https:\/\/pondtrends.com\/fr\/inspiration\/cascades-et-ruisseaux\/\" \/>\n<meta property=\"og:locale\" content=\"fr_FR\" \/>\n<meta property=\"og:type\" content=\"article\" \/>\n<meta property=\"og:title\" content=\"Cascades et ruisseaux &#8211; Pondtrends\" \/>\n<meta property=\"og:description\" content=\"Cascades et ruisseaux Une cascade ou un ruisseau dans le jardin est g\u00e9n\u00e9ralement actionn\u00e9 par une pompe \u00e0 eau qui puise l&rsquo;eau dans l&rsquo;\u00e9tang ou dans un bassin. Si vous cr\u00e9ez des courbes et des variations de profondeur dans un ruisseau, cela produit des diff\u00e9rences locales de vitesse d&rsquo;\u00e9coulement. Les plantes et les animaux appr\u00e9cient [&hellip;]\" \/>\n<meta property=\"og:url\" content=\"https:\/\/pondtrends.com\/fr\/inspiration\/cascades-et-ruisseaux\/\" \/>\n<meta property=\"og:site_name\" content=\"Pondtrends\" \/>\n<meta property=\"article:modified_time\" content=\"2023-12-12T14:09:48+00:00\" \/>\n<meta property=\"og:image\" content=\"https:\/\/pondtrends.com\/wp-content\/uploads\/2021\/01\/inspiratie-header-waterval-2.jpg\" \/>\n\t<meta property=\"og:image:width\" content=\"2048\" \/>\n\t<meta property=\"og:image:height\" content=\"884\" \/>\n\t<meta property=\"og:image:type\" content=\"image\/jpeg\" \/>\n<meta name=\"twitter:card\" content=\"summary_large_image\" \/>\n<meta name=\"twitter:label1\" content=\"Dur\u00e9e de lecture estim\u00e9e\" \/>\n\t<meta name=\"twitter:data1\" content=\"2 minutes\" \/>\n<script type=\"application\/ld+json\" class=\"yoast-schema-graph\">{\"@context\":\"https:\/\/schema.org\",\"@graph\":[{\"@type\":\"WebPage\",\"@id\":\"https:\/\/pondtrends.com\/fr\/inspiration\/cascades-et-ruisseaux\/\",\"url\":\"https:\/\/pondtrends.com\/fr\/inspiration\/cascades-et-ruisseaux\/\",\"name\":\"Cascades et ruisseaux &#8211; Pondtrends\",\"isPartOf\":{\"@id\":\"https:\/\/pondtrends.com\/fr\/#website\"},\"primaryImageOfPage\":{\"@id\":\"https:\/\/pondtrends.com\/fr\/inspiration\/cascades-et-ruisseaux\/#primaryimage\"},\"image\":{\"@id\":\"https:\/\/pondtrends.com\/fr\/inspiration\/cascades-et-ruisseaux\/#primaryimage\"},\"thumbnailUrl\":\"https:\/\/pondtrends.com\/wp-content\/uploads\/2021\/01\/inspiratie-header-waterval-2.jpg\",\"datePublished\":\"2023-11-07T13:18:09+00:00\",\"dateModified\":\"2023-12-12T14:09:48+00:00\",\"breadcrumb\":{\"@id\":\"https:\/\/pondtrends.com\/fr\/inspiration\/cascades-et-ruisseaux\/#breadcrumb\"},\"inLanguage\":\"fr-FR\",\"potentialAction\":[{\"@type\":\"ReadAction\",\"target\":[\"https:\/\/pondtrends.com\/fr\/inspiration\/cascades-et-ruisseaux\/\"]}]},{\"@type\":\"ImageObject\",\"inLanguage\":\"fr-FR\",\"@id\":\"https:\/\/pondtrends.com\/fr\/inspiration\/cascades-et-ruisseaux\/#primaryimage\",\"url\":\"https:\/\/pondtrends.com\/wp-content\/uploads\/2021\/01\/inspiratie-header-waterval-2.jpg\",\"contentUrl\":\"https:\/\/pondtrends.com\/wp-content\/uploads\/2021\/01\/inspiratie-header-waterval-2.jpg\",\"width\":2048,\"height\":884},{\"@type\":\"BreadcrumbList\",\"@id\":\"https:\/\/pondtrends.com\/fr\/inspiration\/cascades-et-ruisseaux\/#breadcrumb\",\"itemListElement\":[{\"@type\":\"ListItem\",\"position\":1,\"name\":\"Home\",\"item\":\"https:\/\/pondtrends.com\/fr\/\"},{\"@type\":\"ListItem\",\"position\":2,\"name\":\"inspiration\",\"item\":\"https:\/\/pondtrends.com\/fr\/inspiration\/\"},{\"@type\":\"ListItem\",\"position\":3,\"name\":\"Cascades et ruisseaux\"}]},{\"@type\":\"WebSite\",\"@id\":\"https:\/\/pondtrends.com\/fr\/#website\",\"url\":\"https:\/\/pondtrends.com\/fr\/\",\"name\":\"Pondtrends \u2013 voor inspiratie en informatie over vijvers!\",\"description\":\"voor inspiratie en informatie over vijvers\",\"potentialAction\":[{\"@type\":\"SearchAction\",\"target\":{\"@type\":\"EntryPoint\",\"urlTemplate\":\"https:\/\/pondtrends.com\/fr\/?s={search_term_string}\"},\"query-input\":{\"@type\":\"PropertyValueSpecification\",\"valueRequired\":true,\"valueName\":\"search_term_string\"}}],\"inLanguage\":\"fr-FR\"}]}<\/script>\n<!-- \/ Yoast SEO plugin. -->","yoast_head_json":{"title":"Cascades et ruisseaux &#8211; Pondtrends","robots":{"index":"index","follow":"follow","max-snippet":"max-snippet:-1","max-image-preview":"max-image-preview:large","max-video-preview":"max-video-preview:-1"},"canonical":"https:\/\/pondtrends.com\/fr\/inspiration\/cascades-et-ruisseaux\/","og_locale":"fr_FR","og_type":"article","og_title":"Cascades et ruisseaux &#8211; Pondtrends","og_description":"Cascades et ruisseaux Une cascade ou un ruisseau dans le jardin est g\u00e9n\u00e9ralement actionn\u00e9 par une pompe \u00e0 eau qui puise l&rsquo;eau dans l&rsquo;\u00e9tang ou dans un bassin. Si vous cr\u00e9ez des courbes et des variations de profondeur dans un ruisseau, cela produit des diff\u00e9rences locales de vitesse d&rsquo;\u00e9coulement. Les plantes et les animaux appr\u00e9cient [&hellip;]","og_url":"https:\/\/pondtrends.com\/fr\/inspiration\/cascades-et-ruisseaux\/","og_site_name":"Pondtrends","article_modified_time":"2023-12-12T14:09:48+00:00","og_image":[{"width":2048,"height":884,"url":"https:\/\/pondtrends.com\/wp-content\/uploads\/2021\/01\/inspiratie-header-waterval-2.jpg","type":"image\/jpeg"}],"twitter_card":"summary_large_image","twitter_misc":{"Dur\u00e9e de lecture estim\u00e9e":"2 minutes"},"schema":{"@context":"https:\/\/schema.org","@graph":[{"@type":"WebPage","@id":"https:\/\/pondtrends.com\/fr\/inspiration\/cascades-et-ruisseaux\/","url":"https:\/\/pondtrends.com\/fr\/inspiration\/cascades-et-ruisseaux\/","name":"Cascades et ruisseaux &#8211; Pondtrends","isPartOf":{"@id":"https:\/\/pondtrends.com\/fr\/#website"},"primaryImageOfPage":{"@id":"https:\/\/pondtrends.com\/fr\/inspiration\/cascades-et-ruisseaux\/#primaryimage"},"image":{"@id":"https:\/\/pondtrends.com\/fr\/inspiration\/cascades-et-ruisseaux\/#primaryimage"},"thumbnailUrl":"https:\/\/pondtrends.com\/wp-content\/uploads\/2021\/01\/inspiratie-header-waterval-2.jpg","datePublished":"2023-11-07T13:18:09+00:00","dateModified":"2023-12-12T14:09:48+00:00","breadcrumb":{"@id":"https:\/\/pondtrends.com\/fr\/inspiration\/cascades-et-ruisseaux\/#breadcrumb"},"inLanguage":"fr-FR","potentialAction":[{"@type":"ReadAction","target":["https:\/\/pondtrends.com\/fr\/inspiration\/cascades-et-ruisseaux\/"]}]},{"@type":"ImageObject","inLanguage":"fr-FR","@id":"https:\/\/pondtrends.com\/fr\/inspiration\/cascades-et-ruisseaux\/#primaryimage","url":"https:\/\/pondtrends.com\/wp-content\/uploads\/2021\/01\/inspiratie-header-waterval-2.jpg","contentUrl":"https:\/\/pondtrends.com\/wp-content\/uploads\/2021\/01\/inspiratie-header-waterval-2.jpg","width":2048,"height":884},{"@type":"BreadcrumbList","@id":"https:\/\/pondtrends.com\/fr\/inspiration\/cascades-et-ruisseaux\/#breadcrumb","itemListElement":[{"@type":"ListItem","position":1,"name":"Home","item":"https:\/\/pondtrends.com\/fr\/"},{"@type":"ListItem","position":2,"name":"inspiration","item":"https:\/\/pondtrends.com\/fr\/inspiration\/"},{"@type":"ListItem","position":3,"name":"Cascades et ruisseaux"}]},{"@type":"WebSite","@id":"https:\/\/pondtrends.com\/fr\/#website","url":"https:\/\/pondtrends.com\/fr\/","name":"Pondtrends \u2013 voor inspiratie en informatie over vijvers!","description":"voor inspiratie en informatie over vijvers","potentialAction":[{"@type":"SearchAction","target":{"@type":"EntryPoint","urlTemplate":"https:\/\/pondtrends.com\/fr\/?s={search_term_string}"},"query-input":{"@type":"PropertyValueSpecification","valueRequired":true,"valueName":"search_term_string"}}],"inLanguage":"fr-FR"}]}},"_links":{"self":[{"href":"https:\/\/pondtrends.com\/fr\/wp-json\/wp\/v2\/pages\/5952","targetHints":{"allow":["GET"]}}],"collection":[{"href":"https:\/\/pondtrends.com\/fr\/wp-json\/wp\/v2\/pages"}],"about":[{"href":"https:\/\/pondtrends.com\/fr\/wp-json\/wp\/v2\/types\/page"}],"author":[{"embeddable":true,"href":"https:\/\/pondtrends.com\/fr\/wp-json\/wp\/v2\/users\/1"}],"replies":[{"embeddable":true,"href":"https:\/\/pondtrends.com\/fr\/wp-json\/wp\/v2\/comments?post=5952"}],"version-history":[{"count":0,"href":"https:\/\/pondtrends.com\/fr\/wp-json\/wp\/v2\/pages\/5952\/revisions"}],"up":[{"embeddable":true,"href":"https:\/\/pondtrends.com\/fr\/wp-json\/wp\/v2\/pages\/5935"}],"wp:featuredmedia":[{"embeddable":true,"href":"https:\/\/pondtrends.com\/fr\/wp-json\/wp\/v2\/media\/7650"}],"wp:attachment":[{"href":"https:\/\/pondtrends.com\/fr\/wp-json\/wp\/v2\/media?parent=5952"}],"wp:term":[{"taxonomy":"category","embeddable":true,"href":"https:\/\/pondtrends.com\/fr\/wp-json\/wp\/v2\/categories?post=5952"},{"taxonomy":"post_tag","embeddable":true,"href":"https:\/\/pondtrends.com\/fr\/wp-json\/wp\/v2\/tags?post=5952"}],"curies":[{"name":"wp","href":"https:\/\/api.w.org\/{rel}","templated":true}]}}