{"id":5983,"date":"2023-11-07T13:49:17","date_gmt":"2023-11-07T13:49:17","guid":{"rendered":"https:\/\/pondtrends.com\/?page_id=5983"},"modified":"2023-12-12T14:11:23","modified_gmt":"2023-12-12T14:11:23","slug":"etangs-naturels","status":"publish","type":"page","link":"https:\/\/pondtrends.com\/fr\/inspiration\/etangs-naturels\/","title":{"rendered":"\u00c9tangs naturels"},"content":{"rendered":"\t\t<div data-elementor-type=\"wp-page\" data-elementor-id=\"5983\" class=\"elementor elementor-5983 elementor-1081\" data-elementor-post-type=\"page\">\n\t\t\t\t\t\t<section data-particle_enable=\"false\" data-particle-mobile-disabled=\"false\" class=\"has_ae_slider elementor-section elementor-top-section elementor-element elementor-element-38409324 elementor-section-boxed elementor-section-height-default elementor-section-height-default ae-bg-gallery-type-default\" data-id=\"38409324\" data-element_type=\"section\" data-e-type=\"section\" data-settings=\"{&quot;background_background&quot;:&quot;classic&quot;}\">\n\t\t\t\t\t\t\t<div class=\"elementor-background-overlay\"><\/div>\n\t\t\t\t\t\t\t<div class=\"elementor-container elementor-column-gap-default\">\n\t\t\t\t\t<div class=\"has_ae_slider elementor-column elementor-col-100 elementor-top-column elementor-element elementor-element-32158c4a ae-bg-gallery-type-default\" data-id=\"32158c4a\" data-element_type=\"column\" data-e-type=\"column\">\n\t\t\t<div class=\"elementor-widget-wrap elementor-element-populated\">\n\t\t\t\t\t\t<div class=\"elementor-element elementor-element-48914af elementor-widget elementor-widget-heading\" data-id=\"48914af\" data-element_type=\"widget\" data-e-type=\"widget\" data-widget_type=\"heading.default\">\n\t\t\t\t<div class=\"elementor-widget-container\">\n\t\t\t\t\t<h1 class=\"elementor-heading-title elementor-size-default\">\u00c9tangs naturels<\/h1>\t\t\t\t<\/div>\n\t\t\t\t<\/div>\n\t\t\t\t\t<\/div>\n\t\t<\/div>\n\t\t\t\t\t<\/div>\n\t\t<\/section>\n\t\t\t\t<section data-particle_enable=\"false\" data-particle-mobile-disabled=\"false\" class=\"has_ae_slider elementor-section elementor-top-section elementor-element elementor-element-6dd9e3b2 elementor-section-boxed elementor-section-height-default elementor-section-height-default ae-bg-gallery-type-default\" data-id=\"6dd9e3b2\" data-element_type=\"section\" data-e-type=\"section\" data-settings=\"{&quot;background_background&quot;:&quot;classic&quot;}\">\n\t\t\t\t\t\t<div class=\"elementor-container elementor-column-gap-default\">\n\t\t\t\t\t<div class=\"has_ae_slider elementor-column elementor-col-100 elementor-top-column elementor-element elementor-element-5e6aa52b ae-bg-gallery-type-default\" data-id=\"5e6aa52b\" data-element_type=\"column\" data-e-type=\"column\">\n\t\t\t<div class=\"elementor-widget-wrap elementor-element-populated\">\n\t\t\t\t\t\t<section data-particle_enable=\"false\" data-particle-mobile-disabled=\"false\" class=\"has_ae_slider elementor-section elementor-inner-section elementor-element elementor-element-27121782 elementor-section-boxed elementor-section-height-default elementor-section-height-default ae-bg-gallery-type-default\" data-id=\"27121782\" data-element_type=\"section\" data-e-type=\"section\">\n\t\t\t\t\t\t<div class=\"elementor-container elementor-column-gap-default\">\n\t\t\t\t\t<div class=\"has_ae_slider elementor-column elementor-col-100 elementor-inner-column elementor-element elementor-element-40abbc3b ae-bg-gallery-type-default\" data-id=\"40abbc3b\" data-element_type=\"column\" data-e-type=\"column\">\n\t\t\t<div class=\"elementor-widget-wrap elementor-element-populated\">\n\t\t\t\t\t\t<div class=\"elementor-element elementor-element-74e70c51 elementor-widget elementor-widget-text-editor\" data-id=\"74e70c51\" data-element_type=\"widget\" data-e-type=\"widget\" data-widget_type=\"text-editor.default\">\n\t\t\t\t<div class=\"elementor-widget-container\">\n\t\t\t\t\t\t\t\t\t<p>Un \u00e9tang naturel est id\u00e9al pour les vrais amoureux de la nature. C&rsquo;est un endroit s\u00fbr pour les esp\u00e8ces v\u00e9g\u00e9tales et animales indig\u00e8nes (en voie de disparition). La construction d&rsquo;un tel \u00e9tang est similaire \u00e0 celle d&rsquo;un \u00e9tang ornemental, mais seules les plantes et les animaux indig\u00e8nes y vivent. C&rsquo;est pourquoi, apr\u00e8s la construction, certains propri\u00e9taires d&rsquo;\u00e9tangs naturels attendent simplement de voir ce qui se d\u00e9veloppe naturellement dans l&rsquo;\u00e9tang.<\/p><p>Vous n&rsquo;avez pas autant de patience ? Cherchez alors des plantes aquatiques indig\u00e8nes dans votre magasin sp\u00e9cialis\u00e9 en \u00e9tangs ou dans votre jardinerie. La diversit\u00e9 des formes et des couleurs <span style=\"color: #009dd0;\"><a style=\"color: #009dd0;\" href=\"https:\/\/pondtrends.com\/fr\/plantes-detang-zone-3\/\"><strong>des plantes aquatiques<\/strong><\/a><\/span> et <span style=\"color: #009dd0;\"><a style=\"color: #009dd0;\" href=\"https:\/\/pondtrends.com\/fr\/plantes-detang-zone-1\/\"><strong>de berge sauvages<\/strong><\/a><\/span> est telle qu&rsquo;un v\u00e9ritable \u00e9tang naturel n&rsquo;est jamais ennuyeux, bien au contraire ! Gr\u00e2ce \u00e0 la vie animale riche et vari\u00e9e qui l&rsquo;habite, il se passe toujours quelque chose dans et autour d&rsquo;un \u00e9tang naturel. D&rsquo;ailleurs, ce type d&rsquo;\u00e9tang ne n\u00e9cessite que tr\u00e8s peu d&rsquo;\u00e9quipement technique. Les berges inclin\u00e9es offrent aux plantes et aux animaux un environnement agr\u00e9able et de nombreuses cachettes. Installez-vous tranquillement \u00e0 quelques m\u00e8tres pour profiter de ce qui se passe. L&rsquo;entretien se limite \u00e0 l&rsquo;\u00e9claircissement des plantes exc\u00e9dentaires et, en automne ou au printemps, \u00e0 un petit nettoyage. Pour le reste, vous laissez la nature suivre son cours. Il s&rsquo;agit en effet d&rsquo;un \u00e9tang naturel.<\/p>\t\t\t\t\t\t\t\t<\/div>\n\t\t\t\t<\/div>\n\t\t\t\t\t<\/div>\n\t\t<\/div>\n\t\t\t\t\t<\/div>\n\t\t<\/section>\n\t\t\t\t\t<\/div>\n\t\t<\/div>\n\t\t\t\t\t<\/div>\n\t\t<\/section>\n\t\t\t\t<section data-particle_enable=\"false\" data-particle-mobile-disabled=\"false\" class=\"has_ae_slider elementor-section elementor-top-section elementor-element elementor-element-5bef6bc3 elementor-section-boxed elementor-section-height-default elementor-section-height-default ae-bg-gallery-type-default\" data-id=\"5bef6bc3\" data-element_type=\"section\" data-e-type=\"section\">\n\t\t\t\t\t\t<div class=\"elementor-container elementor-column-gap-default\">\n\t\t\t\t\t<div class=\"has_ae_slider elementor-column elementor-col-100 elementor-top-column elementor-element elementor-element-2e58e12c ae-bg-gallery-type-default\" data-id=\"2e58e12c\" data-element_type=\"column\" data-e-type=\"column\">\n\t\t\t<div class=\"elementor-widget-wrap elementor-element-populated\">\n\t\t\t\t\t\t<div class=\"elementor-element elementor-element-1e72eafd elementor-widget elementor-widget-heading\" data-id=\"1e72eafd\" data-element_type=\"widget\" data-e-type=\"widget\" data-widget_type=\"heading.default\">\n\t\t\t\t<div class=\"elementor-widget-container\">\n\t\t\t\t\t<h1 class=\"elementor-heading-title elementor-size-default\">Plus d'\u00e9tangs naturels<\/h1>\t\t\t\t<\/div>\n\t\t\t\t<\/div>\n\t\t\t\t<div class=\"elementor-element elementor-element-50feb9f4 elementor-grid-3 elementor-grid-tablet-2 elementor-grid-mobile-1 elementor-widget elementor-widget-portfolio\" data-id=\"50feb9f4\" data-element_type=\"widget\" data-e-type=\"widget\" data-settings=\"{&quot;row_gap&quot;:{&quot;unit&quot;:&quot;px&quot;,&quot;size&quot;:20,&quot;sizes&quot;:[]},&quot;columns&quot;:&quot;3&quot;,&quot;columns_tablet&quot;:&quot;2&quot;,&quot;columns_mobile&quot;:&quot;1&quot;,&quot;item_ratio&quot;:{&quot;unit&quot;:&quot;px&quot;,&quot;size&quot;:0.66,&quot;sizes&quot;:[]},&quot;item_gap&quot;:{&quot;unit&quot;:&quot;px&quot;,&quot;size&quot;:&quot;&quot;,&quot;sizes&quot;:[]}}\" data-widget_type=\"portfolio.default\">\n\t\t\t\t<div class=\"elementor-widget-container\">\n\t\t\t\t\t\t\t<div class=\"elementor-portfolio elementor-grid elementor-posts-container\" role=\"list\">\n\t\t\t\t<article class=\"elementor-portfolio-item elementor-post  post-6174 inspirationpond type-inspirationpond status-publish has-post-thumbnail hentry tag-etang-dinspiration pondtype-etangs-naturels\" role=\"listitem\">\n\t\t\t<a class=\"elementor-post__thumbnail__link\" href=\"https:\/\/pondtrends.com\/fr\/inspirationpond\/nature-etang-indigene-5\/\">\n\t\t\t\t<div class=\"elementor-portfolio-item__img elementor-post__thumbnail\">\n\t\t\t<img fetchpriority=\"high\" decoding=\"async\" width=\"800\" height=\"345\" src=\"https:\/\/pondtrends.com\/wp-content\/uploads\/2021\/02\/inspiratie-header-natuurvijver-6-1024x442.jpg\" class=\"attachment-large size-large wp-image-6175\" alt=\"\" srcset=\"https:\/\/pondtrends.com\/wp-content\/uploads\/2021\/02\/inspiratie-header-natuurvijver-6-1024x442.jpg 1024w, https:\/\/pondtrends.com\/wp-content\/uploads\/2021\/02\/inspiratie-header-natuurvijver-6-300x129.jpg 300w, https:\/\/pondtrends.com\/wp-content\/uploads\/2021\/02\/inspiratie-header-natuurvijver-6-768x332.jpg 768w, https:\/\/pondtrends.com\/wp-content\/uploads\/2021\/02\/inspiratie-header-natuurvijver-6-1536x663.jpg 1536w, https:\/\/pondtrends.com\/wp-content\/uploads\/2021\/02\/inspiratie-header-natuurvijver-6.jpg 2048w\" sizes=\"(max-width: 800px) 100vw, 800px\" \/>\t\t<\/div>\n\t\t\t\t<div class=\"elementor-portfolio-item__overlay\">\n\t\t\t\t<h3 class=\"elementor-portfolio-item__title\">\n\t\tNature \/ \u00c9tang indig\u00e8ne 5\t\t<\/h3>\n\t\t\t\t<\/div>\n\t\t\t\t<\/a>\n\t\t<\/article>\n\t\t\t\t<article class=\"elementor-portfolio-item elementor-post  post-6171 inspirationpond type-inspirationpond status-publish has-post-thumbnail hentry tag-etang-dinspiration pondtype-etangs-naturels\" role=\"listitem\">\n\t\t\t<a class=\"elementor-post__thumbnail__link\" href=\"https:\/\/pondtrends.com\/fr\/inspirationpond\/nature-etang-indigene-4\/\">\n\t\t\t\t<div class=\"elementor-portfolio-item__img elementor-post__thumbnail\">\n\t\t\t<img decoding=\"async\" width=\"800\" height=\"345\" src=\"https:\/\/pondtrends.com\/wp-content\/uploads\/2021\/02\/inspiratie-header-natuurvijver-5-1024x442.jpg\" class=\"attachment-large size-large wp-image-6172\" alt=\"\" srcset=\"https:\/\/pondtrends.com\/wp-content\/uploads\/2021\/02\/inspiratie-header-natuurvijver-5-1024x442.jpg 1024w, https:\/\/pondtrends.com\/wp-content\/uploads\/2021\/02\/inspiratie-header-natuurvijver-5-300x129.jpg 300w, https:\/\/pondtrends.com\/wp-content\/uploads\/2021\/02\/inspiratie-header-natuurvijver-5-768x331.jpg 768w, https:\/\/pondtrends.com\/wp-content\/uploads\/2021\/02\/inspiratie-header-natuurvijver-5-1536x663.jpg 1536w, https:\/\/pondtrends.com\/wp-content\/uploads\/2021\/02\/inspiratie-header-natuurvijver-5-scaled.jpg 2048w\" sizes=\"(max-width: 800px) 100vw, 800px\" \/>\t\t<\/div>\n\t\t\t\t<div class=\"elementor-portfolio-item__overlay\">\n\t\t\t\t<h3 class=\"elementor-portfolio-item__title\">\n\t\tNature \/ \u00c9tang indig\u00e8ne 4\t\t<\/h3>\n\t\t\t\t<\/div>\n\t\t\t\t<\/a>\n\t\t<\/article>\n\t\t\t\t<article class=\"elementor-portfolio-item elementor-post  post-6168 inspirationpond type-inspirationpond status-publish has-post-thumbnail hentry tag-etang-dinspiration pondtype-etangs-naturels\" role=\"listitem\">\n\t\t\t<a class=\"elementor-post__thumbnail__link\" href=\"https:\/\/pondtrends.com\/fr\/inspirationpond\/nature-etang-indigene-3\/\">\n\t\t\t\t<div class=\"elementor-portfolio-item__img elementor-post__thumbnail\">\n\t\t\t<img decoding=\"async\" width=\"800\" height=\"345\" src=\"https:\/\/pondtrends.com\/wp-content\/uploads\/2021\/02\/inspiratie-header-natuurvijver-4-1024x442.jpg\" class=\"attachment-large size-large wp-image-6169\" alt=\"\" srcset=\"https:\/\/pondtrends.com\/wp-content\/uploads\/2021\/02\/inspiratie-header-natuurvijver-4-1024x442.jpg 1024w, https:\/\/pondtrends.com\/wp-content\/uploads\/2021\/02\/inspiratie-header-natuurvijver-4-300x129.jpg 300w, https:\/\/pondtrends.com\/wp-content\/uploads\/2021\/02\/inspiratie-header-natuurvijver-4-768x332.jpg 768w, https:\/\/pondtrends.com\/wp-content\/uploads\/2021\/02\/inspiratie-header-natuurvijver-4-1536x663.jpg 1536w, https:\/\/pondtrends.com\/wp-content\/uploads\/2021\/02\/inspiratie-header-natuurvijver-4.jpg 2048w\" sizes=\"(max-width: 800px) 100vw, 800px\" \/>\t\t<\/div>\n\t\t\t\t<div class=\"elementor-portfolio-item__overlay\">\n\t\t\t\t<h3 class=\"elementor-portfolio-item__title\">\n\t\tNature \/ \u00c9tang indig\u00e8ne 3\t\t<\/h3>\n\t\t\t\t<\/div>\n\t\t\t\t<\/a>\n\t\t<\/article>\n\t\t\t\t<article class=\"elementor-portfolio-item elementor-post  post-6165 inspirationpond type-inspirationpond status-publish has-post-thumbnail hentry tag-etang-dinspiration pondtype-etangs-naturels\" role=\"listitem\">\n\t\t\t<a class=\"elementor-post__thumbnail__link\" href=\"https:\/\/pondtrends.com\/fr\/inspirationpond\/nature-etang-indigene-2\/\">\n\t\t\t\t<div class=\"elementor-portfolio-item__img elementor-post__thumbnail\">\n\t\t\t<img loading=\"lazy\" decoding=\"async\" width=\"800\" height=\"345\" src=\"https:\/\/pondtrends.com\/wp-content\/uploads\/2021\/02\/inspiratie-header-natuurvijver-3-1024x442.jpg\" class=\"attachment-large size-large wp-image-6166\" alt=\"\" srcset=\"https:\/\/pondtrends.com\/wp-content\/uploads\/2021\/02\/inspiratie-header-natuurvijver-3-1024x442.jpg 1024w, https:\/\/pondtrends.com\/wp-content\/uploads\/2021\/02\/inspiratie-header-natuurvijver-3-300x129.jpg 300w, https:\/\/pondtrends.com\/wp-content\/uploads\/2021\/02\/inspiratie-header-natuurvijver-3-768x332.jpg 768w, https:\/\/pondtrends.com\/wp-content\/uploads\/2021\/02\/inspiratie-header-natuurvijver-3-1536x663.jpg 1536w, https:\/\/pondtrends.com\/wp-content\/uploads\/2021\/02\/inspiratie-header-natuurvijver-3.jpg 2048w\" sizes=\"(max-width: 800px) 100vw, 800px\" \/>\t\t<\/div>\n\t\t\t\t<div class=\"elementor-portfolio-item__overlay\">\n\t\t\t\t<h3 class=\"elementor-portfolio-item__title\">\n\t\tNature \/ \u00c9tang indig\u00e8ne 2\t\t<\/h3>\n\t\t\t\t<\/div>\n\t\t\t\t<\/a>\n\t\t<\/article>\n\t\t\t\t<article class=\"elementor-portfolio-item elementor-post  post-6162 inspirationpond type-inspirationpond status-publish has-post-thumbnail hentry tag-etang-dinspiration pondtype-etangs-naturels\" role=\"listitem\">\n\t\t\t<a class=\"elementor-post__thumbnail__link\" href=\"https:\/\/pondtrends.com\/fr\/inspirationpond\/nature-etang-indigene-1\/\">\n\t\t\t\t<div class=\"elementor-portfolio-item__img elementor-post__thumbnail\">\n\t\t\t<img loading=\"lazy\" decoding=\"async\" width=\"800\" height=\"345\" src=\"https:\/\/pondtrends.com\/wp-content\/uploads\/2021\/02\/inspiratie-header-natuurvijver-2-1024x442.jpg\" class=\"attachment-large size-large wp-image-6163\" alt=\"\" srcset=\"https:\/\/pondtrends.com\/wp-content\/uploads\/2021\/02\/inspiratie-header-natuurvijver-2-1024x442.jpg 1024w, https:\/\/pondtrends.com\/wp-content\/uploads\/2021\/02\/inspiratie-header-natuurvijver-2-300x129.jpg 300w, https:\/\/pondtrends.com\/wp-content\/uploads\/2021\/02\/inspiratie-header-natuurvijver-2-768x331.jpg 768w, https:\/\/pondtrends.com\/wp-content\/uploads\/2021\/02\/inspiratie-header-natuurvijver-2-1536x663.jpg 1536w, https:\/\/pondtrends.com\/wp-content\/uploads\/2021\/02\/inspiratie-header-natuurvijver-2-scaled.jpg 2048w\" sizes=\"(max-width: 800px) 100vw, 800px\" \/>\t\t<\/div>\n\t\t\t\t<div class=\"elementor-portfolio-item__overlay\">\n\t\t\t\t<h3 class=\"elementor-portfolio-item__title\">\n\t\tNature \/ \u00c9tang indig\u00e8ne 1\t\t<\/h3>\n\t\t\t\t<\/div>\n\t\t\t\t<\/a>\n\t\t<\/article>\n\t\t\t\t<article class=\"elementor-portfolio-item elementor-post  post-6159 inspirationpond type-inspirationpond status-publish has-post-thumbnail hentry tag-etang-dinspiration pondtype-etangs-naturels\" role=\"listitem\">\n\t\t\t<a class=\"elementor-post__thumbnail__link\" href=\"https:\/\/pondtrends.com\/fr\/inspirationpond\/etang-naturel-1\/\">\n\t\t\t\t<div class=\"elementor-portfolio-item__img elementor-post__thumbnail\">\n\t\t\t<img loading=\"lazy\" decoding=\"async\" width=\"800\" height=\"345\" src=\"https:\/\/pondtrends.com\/wp-content\/uploads\/2021\/02\/inspiratie-header-natuurvijver-1-1024x442.jpg\" class=\"attachment-large size-large wp-image-6160\" alt=\"\" srcset=\"https:\/\/pondtrends.com\/wp-content\/uploads\/2021\/02\/inspiratie-header-natuurvijver-1-1024x442.jpg 1024w, https:\/\/pondtrends.com\/wp-content\/uploads\/2021\/02\/inspiratie-header-natuurvijver-1-300x129.jpg 300w, https:\/\/pondtrends.com\/wp-content\/uploads\/2021\/02\/inspiratie-header-natuurvijver-1-768x331.jpg 768w, https:\/\/pondtrends.com\/wp-content\/uploads\/2021\/02\/inspiratie-header-natuurvijver-1-1536x663.jpg 1536w, https:\/\/pondtrends.com\/wp-content\/uploads\/2021\/02\/inspiratie-header-natuurvijver-1-scaled.jpg 2048w\" sizes=\"(max-width: 800px) 100vw, 800px\" \/>\t\t<\/div>\n\t\t\t\t<div class=\"elementor-portfolio-item__overlay\">\n\t\t\t\t<h3 class=\"elementor-portfolio-item__title\">\n\t\t\u00c9tang naturel 1\t\t<\/h3>\n\t\t\t\t<\/div>\n\t\t\t\t<\/a>\n\t\t<\/article>\n\t\t\t\t<\/div>\n\t\t\t\t\t\t<\/div>\n\t\t\t\t<\/div>\n\t\t\t\t\t<\/div>\n\t\t<\/div>\n\t\t\t\t\t<\/div>\n\t\t<\/section>\n\t\t\t\t<\/div>\n\t\t","protected":false},"excerpt":{"rendered":"<p>\u00c9tangs naturels Un \u00e9tang naturel est id\u00e9al pour les vrais amoureux de la nature. C&rsquo;est un endroit s\u00fbr pour les esp\u00e8ces v\u00e9g\u00e9tales et animales indig\u00e8nes (en voie de disparition). La construction d&rsquo;un tel \u00e9tang est similaire \u00e0 celle d&rsquo;un \u00e9tang ornemental, mais seules les plantes et les animaux indig\u00e8nes y vivent. C&rsquo;est pourquoi, apr\u00e8s la [&hellip;]<\/p>\n","protected":false},"author":1,"featured_media":7280,"parent":5935,"menu_order":0,"comment_status":"closed","ping_status":"closed","template":"elementor_header_footer","meta":{"_acf_changed":false,"_monsterinsights_skip_tracking":false,"_monsterinsights_sitenote_active":false,"_monsterinsights_sitenote_note":"","_monsterinsights_sitenote_category":0,"_uf_show_specific_survey":0,"_uf_disable_surveys":false,"footnotes":""},"categories":[],"tags":[143],"class_list":["post-5983","page","type-page","status-publish","has-post-thumbnail","hentry","tag-page-fr"],"acf":[],"yoast_head":"<!-- This site is optimized with the Yoast SEO plugin v27.2 - https:\/\/yoast.com\/product\/yoast-seo-wordpress\/ -->\n<title>\u00c9tangs naturels &#8211; Pondtrends<\/title>\n<meta name=\"robots\" content=\"index, follow, max-snippet:-1, max-image-preview:large, max-video-preview:-1\" \/>\n<link rel=\"canonical\" href=\"https:\/\/pondtrends.com\/fr\/inspiration\/etangs-naturels\/\" \/>\n<meta property=\"og:locale\" content=\"fr_FR\" \/>\n<meta property=\"og:type\" content=\"article\" \/>\n<meta property=\"og:title\" content=\"\u00c9tangs naturels &#8211; Pondtrends\" \/>\n<meta property=\"og:description\" content=\"\u00c9tangs naturels Un \u00e9tang naturel est id\u00e9al pour les vrais amoureux de la nature. C&rsquo;est un endroit s\u00fbr pour les esp\u00e8ces v\u00e9g\u00e9tales et animales indig\u00e8nes (en voie de disparition). La construction d&rsquo;un tel \u00e9tang est similaire \u00e0 celle d&rsquo;un \u00e9tang ornemental, mais seules les plantes et les animaux indig\u00e8nes y vivent. C&rsquo;est pourquoi, apr\u00e8s la [&hellip;]\" \/>\n<meta property=\"og:url\" content=\"https:\/\/pondtrends.com\/fr\/inspiration\/etangs-naturels\/\" \/>\n<meta property=\"og:site_name\" content=\"Pondtrends\" \/>\n<meta property=\"article:modified_time\" content=\"2023-12-12T14:11:23+00:00\" \/>\n<meta property=\"og:image\" content=\"https:\/\/pondtrends.com\/wp-content\/uploads\/2020\/12\/inspiratie-header-natuurvijver-1.jpg\" \/>\n\t<meta property=\"og:image:width\" content=\"2500\" \/>\n\t<meta property=\"og:image:height\" content=\"1079\" \/>\n\t<meta property=\"og:image:type\" content=\"image\/jpeg\" \/>\n<meta name=\"twitter:card\" content=\"summary_large_image\" \/>\n<meta name=\"twitter:label1\" content=\"Dur\u00e9e de lecture estim\u00e9e\" \/>\n\t<meta name=\"twitter:data1\" content=\"1 minute\" \/>\n<script type=\"application\/ld+json\" class=\"yoast-schema-graph\">{\"@context\":\"https:\/\/schema.org\",\"@graph\":[{\"@type\":\"WebPage\",\"@id\":\"https:\/\/pondtrends.com\/fr\/inspiration\/etangs-naturels\/\",\"url\":\"https:\/\/pondtrends.com\/fr\/inspiration\/etangs-naturels\/\",\"name\":\"\u00c9tangs naturels &#8211; Pondtrends\",\"isPartOf\":{\"@id\":\"https:\/\/pondtrends.com\/fr\/#website\"},\"primaryImageOfPage\":{\"@id\":\"https:\/\/pondtrends.com\/fr\/inspiration\/etangs-naturels\/#primaryimage\"},\"image\":{\"@id\":\"https:\/\/pondtrends.com\/fr\/inspiration\/etangs-naturels\/#primaryimage\"},\"thumbnailUrl\":\"https:\/\/pondtrends.com\/wp-content\/uploads\/2020\/12\/inspiratie-header-natuurvijver-1.jpg\",\"datePublished\":\"2023-11-07T13:49:17+00:00\",\"dateModified\":\"2023-12-12T14:11:23+00:00\",\"breadcrumb\":{\"@id\":\"https:\/\/pondtrends.com\/fr\/inspiration\/etangs-naturels\/#breadcrumb\"},\"inLanguage\":\"fr-FR\",\"potentialAction\":[{\"@type\":\"ReadAction\",\"target\":[\"https:\/\/pondtrends.com\/fr\/inspiration\/etangs-naturels\/\"]}]},{\"@type\":\"ImageObject\",\"inLanguage\":\"fr-FR\",\"@id\":\"https:\/\/pondtrends.com\/fr\/inspiration\/etangs-naturels\/#primaryimage\",\"url\":\"https:\/\/pondtrends.com\/wp-content\/uploads\/2020\/12\/inspiratie-header-natuurvijver-1.jpg\",\"contentUrl\":\"https:\/\/pondtrends.com\/wp-content\/uploads\/2020\/12\/inspiratie-header-natuurvijver-1.jpg\",\"width\":2500,\"height\":1079},{\"@type\":\"BreadcrumbList\",\"@id\":\"https:\/\/pondtrends.com\/fr\/inspiration\/etangs-naturels\/#breadcrumb\",\"itemListElement\":[{\"@type\":\"ListItem\",\"position\":1,\"name\":\"Home\",\"item\":\"https:\/\/pondtrends.com\/fr\/\"},{\"@type\":\"ListItem\",\"position\":2,\"name\":\"inspiration\",\"item\":\"https:\/\/pondtrends.com\/fr\/inspiration\/\"},{\"@type\":\"ListItem\",\"position\":3,\"name\":\"\u00c9tangs naturels\"}]},{\"@type\":\"WebSite\",\"@id\":\"https:\/\/pondtrends.com\/fr\/#website\",\"url\":\"https:\/\/pondtrends.com\/fr\/\",\"name\":\"Pondtrends \u2013 voor inspiratie en informatie over vijvers!\",\"description\":\"voor inspiratie en informatie over vijvers\",\"potentialAction\":[{\"@type\":\"SearchAction\",\"target\":{\"@type\":\"EntryPoint\",\"urlTemplate\":\"https:\/\/pondtrends.com\/fr\/?s={search_term_string}\"},\"query-input\":{\"@type\":\"PropertyValueSpecification\",\"valueRequired\":true,\"valueName\":\"search_term_string\"}}],\"inLanguage\":\"fr-FR\"}]}<\/script>\n<!-- \/ Yoast SEO plugin. -->","yoast_head_json":{"title":"\u00c9tangs naturels &#8211; Pondtrends","robots":{"index":"index","follow":"follow","max-snippet":"max-snippet:-1","max-image-preview":"max-image-preview:large","max-video-preview":"max-video-preview:-1"},"canonical":"https:\/\/pondtrends.com\/fr\/inspiration\/etangs-naturels\/","og_locale":"fr_FR","og_type":"article","og_title":"\u00c9tangs naturels &#8211; Pondtrends","og_description":"\u00c9tangs naturels Un \u00e9tang naturel est id\u00e9al pour les vrais amoureux de la nature. C&rsquo;est un endroit s\u00fbr pour les esp\u00e8ces v\u00e9g\u00e9tales et animales indig\u00e8nes (en voie de disparition). La construction d&rsquo;un tel \u00e9tang est similaire \u00e0 celle d&rsquo;un \u00e9tang ornemental, mais seules les plantes et les animaux indig\u00e8nes y vivent. C&rsquo;est pourquoi, apr\u00e8s la [&hellip;]","og_url":"https:\/\/pondtrends.com\/fr\/inspiration\/etangs-naturels\/","og_site_name":"Pondtrends","article_modified_time":"2023-12-12T14:11:23+00:00","og_image":[{"width":2500,"height":1079,"url":"https:\/\/pondtrends.com\/wp-content\/uploads\/2020\/12\/inspiratie-header-natuurvijver-1.jpg","type":"image\/jpeg"}],"twitter_card":"summary_large_image","twitter_misc":{"Dur\u00e9e de lecture estim\u00e9e":"1 minute"},"schema":{"@context":"https:\/\/schema.org","@graph":[{"@type":"WebPage","@id":"https:\/\/pondtrends.com\/fr\/inspiration\/etangs-naturels\/","url":"https:\/\/pondtrends.com\/fr\/inspiration\/etangs-naturels\/","name":"\u00c9tangs naturels &#8211; Pondtrends","isPartOf":{"@id":"https:\/\/pondtrends.com\/fr\/#website"},"primaryImageOfPage":{"@id":"https:\/\/pondtrends.com\/fr\/inspiration\/etangs-naturels\/#primaryimage"},"image":{"@id":"https:\/\/pondtrends.com\/fr\/inspiration\/etangs-naturels\/#primaryimage"},"thumbnailUrl":"https:\/\/pondtrends.com\/wp-content\/uploads\/2020\/12\/inspiratie-header-natuurvijver-1.jpg","datePublished":"2023-11-07T13:49:17+00:00","dateModified":"2023-12-12T14:11:23+00:00","breadcrumb":{"@id":"https:\/\/pondtrends.com\/fr\/inspiration\/etangs-naturels\/#breadcrumb"},"inLanguage":"fr-FR","potentialAction":[{"@type":"ReadAction","target":["https:\/\/pondtrends.com\/fr\/inspiration\/etangs-naturels\/"]}]},{"@type":"ImageObject","inLanguage":"fr-FR","@id":"https:\/\/pondtrends.com\/fr\/inspiration\/etangs-naturels\/#primaryimage","url":"https:\/\/pondtrends.com\/wp-content\/uploads\/2020\/12\/inspiratie-header-natuurvijver-1.jpg","contentUrl":"https:\/\/pondtrends.com\/wp-content\/uploads\/2020\/12\/inspiratie-header-natuurvijver-1.jpg","width":2500,"height":1079},{"@type":"BreadcrumbList","@id":"https:\/\/pondtrends.com\/fr\/inspiration\/etangs-naturels\/#breadcrumb","itemListElement":[{"@type":"ListItem","position":1,"name":"Home","item":"https:\/\/pondtrends.com\/fr\/"},{"@type":"ListItem","position":2,"name":"inspiration","item":"https:\/\/pondtrends.com\/fr\/inspiration\/"},{"@type":"ListItem","position":3,"name":"\u00c9tangs naturels"}]},{"@type":"WebSite","@id":"https:\/\/pondtrends.com\/fr\/#website","url":"https:\/\/pondtrends.com\/fr\/","name":"Pondtrends \u2013 voor inspiratie en informatie over vijvers!","description":"voor inspiratie en informatie over vijvers","potentialAction":[{"@type":"SearchAction","target":{"@type":"EntryPoint","urlTemplate":"https:\/\/pondtrends.com\/fr\/?s={search_term_string}"},"query-input":{"@type":"PropertyValueSpecification","valueRequired":true,"valueName":"search_term_string"}}],"inLanguage":"fr-FR"}]}},"_links":{"self":[{"href":"https:\/\/pondtrends.com\/fr\/wp-json\/wp\/v2\/pages\/5983","targetHints":{"allow":["GET"]}}],"collection":[{"href":"https:\/\/pondtrends.com\/fr\/wp-json\/wp\/v2\/pages"}],"about":[{"href":"https:\/\/pondtrends.com\/fr\/wp-json\/wp\/v2\/types\/page"}],"author":[{"embeddable":true,"href":"https:\/\/pondtrends.com\/fr\/wp-json\/wp\/v2\/users\/1"}],"replies":[{"embeddable":true,"href":"https:\/\/pondtrends.com\/fr\/wp-json\/wp\/v2\/comments?post=5983"}],"version-history":[{"count":0,"href":"https:\/\/pondtrends.com\/fr\/wp-json\/wp\/v2\/pages\/5983\/revisions"}],"up":[{"embeddable":true,"href":"https:\/\/pondtrends.com\/fr\/wp-json\/wp\/v2\/pages\/5935"}],"wp:featuredmedia":[{"embeddable":true,"href":"https:\/\/pondtrends.com\/fr\/wp-json\/wp\/v2\/media\/7280"}],"wp:attachment":[{"href":"https:\/\/pondtrends.com\/fr\/wp-json\/wp\/v2\/media?parent=5983"}],"wp:term":[{"taxonomy":"category","embeddable":true,"href":"https:\/\/pondtrends.com\/fr\/wp-json\/wp\/v2\/categories?post=5983"},{"taxonomy":"post_tag","embeddable":true,"href":"https:\/\/pondtrends.com\/fr\/wp-json\/wp\/v2\/tags?post=5983"}],"curies":[{"name":"wp","href":"https:\/\/api.w.org\/{rel}","templated":true}]}}