{"id":5990,"date":"2023-11-07T13:57:50","date_gmt":"2023-11-07T13:57:50","guid":{"rendered":"https:\/\/pondtrends.com\/?page_id=5990"},"modified":"2023-12-12T14:09:59","modified_gmt":"2023-12-12T14:09:59","slug":"etangs-classiques","status":"publish","type":"page","link":"https:\/\/pondtrends.com\/fr\/inspiration\/etangs-classiques\/","title":{"rendered":"\u00c9tangs classiques"},"content":{"rendered":"\t\t<div data-elementor-type=\"wp-page\" data-elementor-id=\"5990\" class=\"elementor elementor-5990 elementor-1096\" data-elementor-post-type=\"page\">\n\t\t\t\t\t\t<section data-particle_enable=\"false\" data-particle-mobile-disabled=\"false\" class=\"has_ae_slider elementor-section elementor-top-section elementor-element elementor-element-56bad0fe elementor-section-boxed elementor-section-height-default elementor-section-height-default ae-bg-gallery-type-default\" data-id=\"56bad0fe\" data-element_type=\"section\" data-e-type=\"section\" data-settings=\"{&quot;background_background&quot;:&quot;classic&quot;}\">\n\t\t\t\t\t\t\t<div class=\"elementor-background-overlay\"><\/div>\n\t\t\t\t\t\t\t<div class=\"elementor-container elementor-column-gap-default\">\n\t\t\t\t\t<div class=\"has_ae_slider elementor-column elementor-col-100 elementor-top-column elementor-element elementor-element-586ef43a ae-bg-gallery-type-default\" data-id=\"586ef43a\" data-element_type=\"column\" data-e-type=\"column\">\n\t\t\t<div class=\"elementor-widget-wrap elementor-element-populated\">\n\t\t\t\t\t\t<div class=\"elementor-element elementor-element-ad16fc9 elementor-widget elementor-widget-heading\" data-id=\"ad16fc9\" data-element_type=\"widget\" data-e-type=\"widget\" data-widget_type=\"heading.default\">\n\t\t\t\t<div class=\"elementor-widget-container\">\n\t\t\t\t\t<h1 class=\"elementor-heading-title elementor-size-default\">Etangs classiques<\/h1>\t\t\t\t<\/div>\n\t\t\t\t<\/div>\n\t\t\t\t\t<\/div>\n\t\t<\/div>\n\t\t\t\t\t<\/div>\n\t\t<\/section>\n\t\t\t\t<section data-particle_enable=\"false\" data-particle-mobile-disabled=\"false\" class=\"has_ae_slider elementor-section elementor-top-section elementor-element elementor-element-50e752e4 elementor-section-boxed elementor-section-height-default elementor-section-height-default ae-bg-gallery-type-default\" data-id=\"50e752e4\" data-element_type=\"section\" data-e-type=\"section\" data-settings=\"{&quot;background_background&quot;:&quot;classic&quot;}\">\n\t\t\t\t\t\t<div class=\"elementor-container elementor-column-gap-default\">\n\t\t\t\t\t<div class=\"has_ae_slider elementor-column elementor-col-100 elementor-top-column elementor-element elementor-element-17c7479e ae-bg-gallery-type-default\" data-id=\"17c7479e\" data-element_type=\"column\" data-e-type=\"column\">\n\t\t\t<div class=\"elementor-widget-wrap elementor-element-populated\">\n\t\t\t\t\t\t<section data-particle_enable=\"false\" data-particle-mobile-disabled=\"false\" class=\"has_ae_slider elementor-section elementor-inner-section elementor-element elementor-element-4f729b2f elementor-section-boxed elementor-section-height-default elementor-section-height-default ae-bg-gallery-type-default\" data-id=\"4f729b2f\" data-element_type=\"section\" data-e-type=\"section\">\n\t\t\t\t\t\t<div class=\"elementor-container elementor-column-gap-default\">\n\t\t\t\t\t<div class=\"has_ae_slider elementor-column elementor-col-100 elementor-inner-column elementor-element elementor-element-1c813420 ae-bg-gallery-type-default\" data-id=\"1c813420\" data-element_type=\"column\" data-e-type=\"column\">\n\t\t\t<div class=\"elementor-widget-wrap elementor-element-populated\">\n\t\t\t\t\t\t<div class=\"elementor-element elementor-element-4331c957 elementor-widget elementor-widget-text-editor\" data-id=\"4331c957\" data-element_type=\"widget\" data-e-type=\"widget\" data-widget_type=\"text-editor.default\">\n\t\t\t\t<div class=\"elementor-widget-container\">\n\t\t\t\t\t\t\t\t\t<p>Un \u00e9tang classique a des formes qui se r\u00e9f\u00e8rent \u00e0 des styles plus anciens, tels que la Renaissance et le Baroque, ou \u00e0 des jardins romains, \u00e9gyptiens ou m\u00eame persans. Ce type d&rsquo;\u00e9tang a toujours une forme nette et sym\u00e9trique. Il peut \u00eatre rond ou carr\u00e9, mais il est g\u00e9n\u00e9ralement rectangulaire et allong\u00e9. Il peut \u00e9galement s&rsquo;agir d&rsquo;un bassin sur\u00e9lev\u00e9, au-dessus du niveau du sol. En g\u00e9n\u00e9ral, un \u00e9tang classique a un bord en pierre bien d\u00e9fini, parfaitement plat, et vous pouvez en faire le tour par un chemin pav\u00e9.<\/p><p>De l&rsquo;autre c\u00f4t\u00e9 de ce chemin poussent alors des bordures de plantes, souvent avec des plantations qui s&rsquo;\u00e9l\u00e8vent vers l&rsquo;arri\u00e8re devant un mur ou une haie bien taill\u00e9e. Une fontaine ou une s\u00e9rie de jets d&rsquo;eau est bien entendu indispensable, mais cela n&rsquo;est pas sans cons\u00e9quences pour les plantations. Les n\u00e9nuphars, par exemple, n&rsquo;aiment pas les \u00e9claboussures d&rsquo;eau continues sur leurs feuilles flottantes. Les poissons color\u00e9s, tels que les poissons rouges et les l\u00e9vriers, n&rsquo;aiment pas non plus trop d&rsquo;eau agit\u00e9e. Souvent, un \u00e9tang classique n&rsquo;est pas plant\u00e9 du tout, mais ce sont plut\u00f4t des ornements aquatiques jaillissants, tournoyants, gargouillants ou babillants qui dominent. Dans l&rsquo;Antiquit\u00e9, on savait d\u00e9j\u00e0 que les algues ne poussent pratiquement pas dans l&rsquo;eau agit\u00e9e et fluide. Un bel \u00e9tang classique n&rsquo;a donc pas de mousse ni d&rsquo;algues, mais une eau claire et des bords d&rsquo;\u00e9tang propres et nets. Si vous avez encore du mal \u00e0 garder votre \u00e9tang propre, vous pouvez utiliser ces <span style=\"color: #009dd0;\"><a style=\"color: #009dd0;\" href=\"https:\/\/pondtrends.com\/fr\/entretien-de-letang\/produits\/\"><strong>produits d&rsquo;entretien naturels pour \u00e9tangs<\/strong><\/a><\/span>.<\/p>\t\t\t\t\t\t\t\t<\/div>\n\t\t\t\t<\/div>\n\t\t\t\t\t<\/div>\n\t\t<\/div>\n\t\t\t\t\t<\/div>\n\t\t<\/section>\n\t\t\t\t\t<\/div>\n\t\t<\/div>\n\t\t\t\t\t<\/div>\n\t\t<\/section>\n\t\t\t\t<section data-particle_enable=\"false\" data-particle-mobile-disabled=\"false\" class=\"has_ae_slider elementor-section elementor-top-section elementor-element elementor-element-7135925b elementor-section-boxed elementor-section-height-default elementor-section-height-default ae-bg-gallery-type-default\" data-id=\"7135925b\" data-element_type=\"section\" data-e-type=\"section\">\n\t\t\t\t\t\t<div class=\"elementor-container elementor-column-gap-default\">\n\t\t\t\t\t<div class=\"has_ae_slider elementor-column elementor-col-100 elementor-top-column elementor-element elementor-element-76dd6ce9 ae-bg-gallery-type-default\" data-id=\"76dd6ce9\" data-element_type=\"column\" data-e-type=\"column\">\n\t\t\t<div class=\"elementor-widget-wrap elementor-element-populated\">\n\t\t\t\t\t\t<div class=\"elementor-element elementor-element-52b3e2a6 elementor-widget elementor-widget-heading\" data-id=\"52b3e2a6\" data-element_type=\"widget\" data-e-type=\"widget\" data-widget_type=\"heading.default\">\n\t\t\t\t<div class=\"elementor-widget-container\">\n\t\t\t\t\t<h1 class=\"elementor-heading-title elementor-size-default\">Plus d'\u00e9tangs classiques<\/h1>\t\t\t\t<\/div>\n\t\t\t\t<\/div>\n\t\t\t\t<div class=\"elementor-element elementor-element-369cafd7 elementor-grid-tablet-3 elementor-grid-3 elementor-grid-mobile-1 elementor-widget elementor-widget-portfolio\" data-id=\"369cafd7\" data-element_type=\"widget\" data-e-type=\"widget\" data-settings=\"{&quot;row_gap&quot;:{&quot;unit&quot;:&quot;px&quot;,&quot;size&quot;:20,&quot;sizes&quot;:[]},&quot;columns_tablet&quot;:&quot;3&quot;,&quot;columns&quot;:&quot;3&quot;,&quot;columns_mobile&quot;:&quot;1&quot;,&quot;item_ratio&quot;:{&quot;unit&quot;:&quot;px&quot;,&quot;size&quot;:0.66,&quot;sizes&quot;:[]},&quot;item_gap&quot;:{&quot;unit&quot;:&quot;px&quot;,&quot;size&quot;:&quot;&quot;,&quot;sizes&quot;:[]}}\" data-widget_type=\"portfolio.default\">\n\t\t\t\t<div class=\"elementor-widget-container\">\n\t\t\t\t\t\t\t<div class=\"elementor-portfolio elementor-grid elementor-posts-container\" role=\"list\">\n\t\t\t\t<article class=\"elementor-portfolio-item elementor-post  post-6133 inspirationpond type-inspirationpond status-publish has-post-thumbnail hentry tag-etang-dinspiration pondtype-etangs-classiques\" role=\"listitem\">\n\t\t\t<a class=\"elementor-post__thumbnail__link\" href=\"https:\/\/pondtrends.com\/fr\/inspirationpond\/etang-classique-1\/\">\n\t\t\t\t<div class=\"elementor-portfolio-item__img elementor-post__thumbnail\">\n\t\t\t<img fetchpriority=\"high\" decoding=\"async\" width=\"800\" height=\"345\" src=\"https:\/\/pondtrends.com\/wp-content\/uploads\/2021\/02\/inspiratie-header-klassiekevijver-1-1024x442.jpg\" class=\"attachment-large size-large wp-image-6134\" alt=\"\" srcset=\"https:\/\/pondtrends.com\/wp-content\/uploads\/2021\/02\/inspiratie-header-klassiekevijver-1-1024x442.jpg 1024w, https:\/\/pondtrends.com\/wp-content\/uploads\/2021\/02\/inspiratie-header-klassiekevijver-1-300x129.jpg 300w, https:\/\/pondtrends.com\/wp-content\/uploads\/2021\/02\/inspiratie-header-klassiekevijver-1-768x332.jpg 768w, https:\/\/pondtrends.com\/wp-content\/uploads\/2021\/02\/inspiratie-header-klassiekevijver-1-1536x663.jpg 1536w, https:\/\/pondtrends.com\/wp-content\/uploads\/2021\/02\/inspiratie-header-klassiekevijver-1.jpg 2048w\" sizes=\"(max-width: 800px) 100vw, 800px\" \/>\t\t<\/div>\n\t\t\t\t<div class=\"elementor-portfolio-item__overlay\">\n\t\t\t\t<h3 class=\"elementor-portfolio-item__title\">\n\t\t\u00c9tang classique 1\t\t<\/h3>\n\t\t\t\t<\/div>\n\t\t\t\t<\/a>\n\t\t<\/article>\n\t\t\t\t<\/div>\n\t\t\t\t\t\t<\/div>\n\t\t\t\t<\/div>\n\t\t\t\t\t<\/div>\n\t\t<\/div>\n\t\t\t\t\t<\/div>\n\t\t<\/section>\n\t\t\t\t<\/div>\n\t\t","protected":false},"excerpt":{"rendered":"<p>Etangs classiques Un \u00e9tang classique a des formes qui se r\u00e9f\u00e8rent \u00e0 des styles plus anciens, tels que la Renaissance et le Baroque, ou \u00e0 des jardins romains, \u00e9gyptiens ou m\u00eame persans. Ce type d&rsquo;\u00e9tang a toujours une forme nette et sym\u00e9trique. Il peut \u00eatre rond ou carr\u00e9, mais il est g\u00e9n\u00e9ralement rectangulaire et allong\u00e9. [&hellip;]<\/p>\n","protected":false},"author":1,"featured_media":7670,"parent":5935,"menu_order":0,"comment_status":"closed","ping_status":"closed","template":"elementor_header_footer","meta":{"_acf_changed":false,"_monsterinsights_skip_tracking":false,"_monsterinsights_sitenote_active":false,"_monsterinsights_sitenote_note":"","_monsterinsights_sitenote_category":0,"_uf_show_specific_survey":0,"_uf_disable_surveys":false,"footnotes":""},"categories":[],"tags":[143],"class_list":["post-5990","page","type-page","status-publish","has-post-thumbnail","hentry","tag-page-fr"],"acf":[],"yoast_head":"<!-- This site is optimized with the Yoast SEO plugin v27.2 - https:\/\/yoast.com\/product\/yoast-seo-wordpress\/ -->\n<title>\u00c9tangs classiques &#8211; Pondtrends<\/title>\n<meta name=\"robots\" content=\"index, follow, max-snippet:-1, max-image-preview:large, max-video-preview:-1\" \/>\n<link rel=\"canonical\" href=\"https:\/\/pondtrends.com\/fr\/inspiration\/etangs-classiques\/\" \/>\n<meta property=\"og:locale\" content=\"fr_FR\" \/>\n<meta property=\"og:type\" content=\"article\" \/>\n<meta property=\"og:title\" content=\"\u00c9tangs classiques &#8211; Pondtrends\" \/>\n<meta property=\"og:description\" content=\"Etangs classiques Un \u00e9tang classique a des formes qui se r\u00e9f\u00e8rent \u00e0 des styles plus anciens, tels que la Renaissance et le Baroque, ou \u00e0 des jardins romains, \u00e9gyptiens ou m\u00eame persans. Ce type d&rsquo;\u00e9tang a toujours une forme nette et sym\u00e9trique. Il peut \u00eatre rond ou carr\u00e9, mais il est g\u00e9n\u00e9ralement rectangulaire et allong\u00e9. [&hellip;]\" \/>\n<meta property=\"og:url\" content=\"https:\/\/pondtrends.com\/fr\/inspiration\/etangs-classiques\/\" \/>\n<meta property=\"og:site_name\" content=\"Pondtrends\" \/>\n<meta property=\"article:modified_time\" content=\"2023-12-12T14:09:59+00:00\" \/>\n<meta property=\"og:image\" content=\"https:\/\/pondtrends.com\/wp-content\/uploads\/2021\/01\/inspiratie-header-klassiekevijver-1.jpg\" \/>\n\t<meta property=\"og:image:width\" content=\"2048\" \/>\n\t<meta property=\"og:image:height\" content=\"884\" \/>\n\t<meta property=\"og:image:type\" content=\"image\/jpeg\" \/>\n<meta name=\"twitter:card\" content=\"summary_large_image\" \/>\n<meta name=\"twitter:label1\" content=\"Dur\u00e9e de lecture estim\u00e9e\" \/>\n\t<meta name=\"twitter:data1\" content=\"2 minutes\" \/>\n<script type=\"application\/ld+json\" class=\"yoast-schema-graph\">{\"@context\":\"https:\/\/schema.org\",\"@graph\":[{\"@type\":\"WebPage\",\"@id\":\"https:\/\/pondtrends.com\/fr\/inspiration\/etangs-classiques\/\",\"url\":\"https:\/\/pondtrends.com\/fr\/inspiration\/etangs-classiques\/\",\"name\":\"\u00c9tangs classiques &#8211; Pondtrends\",\"isPartOf\":{\"@id\":\"https:\/\/pondtrends.com\/fr\/#website\"},\"primaryImageOfPage\":{\"@id\":\"https:\/\/pondtrends.com\/fr\/inspiration\/etangs-classiques\/#primaryimage\"},\"image\":{\"@id\":\"https:\/\/pondtrends.com\/fr\/inspiration\/etangs-classiques\/#primaryimage\"},\"thumbnailUrl\":\"https:\/\/pondtrends.com\/wp-content\/uploads\/2021\/01\/inspiratie-header-klassiekevijver-1.jpg\",\"datePublished\":\"2023-11-07T13:57:50+00:00\",\"dateModified\":\"2023-12-12T14:09:59+00:00\",\"breadcrumb\":{\"@id\":\"https:\/\/pondtrends.com\/fr\/inspiration\/etangs-classiques\/#breadcrumb\"},\"inLanguage\":\"fr-FR\",\"potentialAction\":[{\"@type\":\"ReadAction\",\"target\":[\"https:\/\/pondtrends.com\/fr\/inspiration\/etangs-classiques\/\"]}]},{\"@type\":\"ImageObject\",\"inLanguage\":\"fr-FR\",\"@id\":\"https:\/\/pondtrends.com\/fr\/inspiration\/etangs-classiques\/#primaryimage\",\"url\":\"https:\/\/pondtrends.com\/wp-content\/uploads\/2021\/01\/inspiratie-header-klassiekevijver-1.jpg\",\"contentUrl\":\"https:\/\/pondtrends.com\/wp-content\/uploads\/2021\/01\/inspiratie-header-klassiekevijver-1.jpg\",\"width\":2048,\"height\":884},{\"@type\":\"BreadcrumbList\",\"@id\":\"https:\/\/pondtrends.com\/fr\/inspiration\/etangs-classiques\/#breadcrumb\",\"itemListElement\":[{\"@type\":\"ListItem\",\"position\":1,\"name\":\"Home\",\"item\":\"https:\/\/pondtrends.com\/fr\/\"},{\"@type\":\"ListItem\",\"position\":2,\"name\":\"inspiration\",\"item\":\"https:\/\/pondtrends.com\/fr\/inspiration\/\"},{\"@type\":\"ListItem\",\"position\":3,\"name\":\"\u00c9tangs classiques\"}]},{\"@type\":\"WebSite\",\"@id\":\"https:\/\/pondtrends.com\/fr\/#website\",\"url\":\"https:\/\/pondtrends.com\/fr\/\",\"name\":\"Pondtrends \u2013 voor inspiratie en informatie over vijvers!\",\"description\":\"voor inspiratie en informatie over vijvers\",\"potentialAction\":[{\"@type\":\"SearchAction\",\"target\":{\"@type\":\"EntryPoint\",\"urlTemplate\":\"https:\/\/pondtrends.com\/fr\/?s={search_term_string}\"},\"query-input\":{\"@type\":\"PropertyValueSpecification\",\"valueRequired\":true,\"valueName\":\"search_term_string\"}}],\"inLanguage\":\"fr-FR\"}]}<\/script>\n<!-- \/ Yoast SEO plugin. -->","yoast_head_json":{"title":"\u00c9tangs classiques &#8211; Pondtrends","robots":{"index":"index","follow":"follow","max-snippet":"max-snippet:-1","max-image-preview":"max-image-preview:large","max-video-preview":"max-video-preview:-1"},"canonical":"https:\/\/pondtrends.com\/fr\/inspiration\/etangs-classiques\/","og_locale":"fr_FR","og_type":"article","og_title":"\u00c9tangs classiques &#8211; Pondtrends","og_description":"Etangs classiques Un \u00e9tang classique a des formes qui se r\u00e9f\u00e8rent \u00e0 des styles plus anciens, tels que la Renaissance et le Baroque, ou \u00e0 des jardins romains, \u00e9gyptiens ou m\u00eame persans. Ce type d&rsquo;\u00e9tang a toujours une forme nette et sym\u00e9trique. Il peut \u00eatre rond ou carr\u00e9, mais il est g\u00e9n\u00e9ralement rectangulaire et allong\u00e9. [&hellip;]","og_url":"https:\/\/pondtrends.com\/fr\/inspiration\/etangs-classiques\/","og_site_name":"Pondtrends","article_modified_time":"2023-12-12T14:09:59+00:00","og_image":[{"width":2048,"height":884,"url":"https:\/\/pondtrends.com\/wp-content\/uploads\/2021\/01\/inspiratie-header-klassiekevijver-1.jpg","type":"image\/jpeg"}],"twitter_card":"summary_large_image","twitter_misc":{"Dur\u00e9e de lecture estim\u00e9e":"2 minutes"},"schema":{"@context":"https:\/\/schema.org","@graph":[{"@type":"WebPage","@id":"https:\/\/pondtrends.com\/fr\/inspiration\/etangs-classiques\/","url":"https:\/\/pondtrends.com\/fr\/inspiration\/etangs-classiques\/","name":"\u00c9tangs classiques &#8211; Pondtrends","isPartOf":{"@id":"https:\/\/pondtrends.com\/fr\/#website"},"primaryImageOfPage":{"@id":"https:\/\/pondtrends.com\/fr\/inspiration\/etangs-classiques\/#primaryimage"},"image":{"@id":"https:\/\/pondtrends.com\/fr\/inspiration\/etangs-classiques\/#primaryimage"},"thumbnailUrl":"https:\/\/pondtrends.com\/wp-content\/uploads\/2021\/01\/inspiratie-header-klassiekevijver-1.jpg","datePublished":"2023-11-07T13:57:50+00:00","dateModified":"2023-12-12T14:09:59+00:00","breadcrumb":{"@id":"https:\/\/pondtrends.com\/fr\/inspiration\/etangs-classiques\/#breadcrumb"},"inLanguage":"fr-FR","potentialAction":[{"@type":"ReadAction","target":["https:\/\/pondtrends.com\/fr\/inspiration\/etangs-classiques\/"]}]},{"@type":"ImageObject","inLanguage":"fr-FR","@id":"https:\/\/pondtrends.com\/fr\/inspiration\/etangs-classiques\/#primaryimage","url":"https:\/\/pondtrends.com\/wp-content\/uploads\/2021\/01\/inspiratie-header-klassiekevijver-1.jpg","contentUrl":"https:\/\/pondtrends.com\/wp-content\/uploads\/2021\/01\/inspiratie-header-klassiekevijver-1.jpg","width":2048,"height":884},{"@type":"BreadcrumbList","@id":"https:\/\/pondtrends.com\/fr\/inspiration\/etangs-classiques\/#breadcrumb","itemListElement":[{"@type":"ListItem","position":1,"name":"Home","item":"https:\/\/pondtrends.com\/fr\/"},{"@type":"ListItem","position":2,"name":"inspiration","item":"https:\/\/pondtrends.com\/fr\/inspiration\/"},{"@type":"ListItem","position":3,"name":"\u00c9tangs classiques"}]},{"@type":"WebSite","@id":"https:\/\/pondtrends.com\/fr\/#website","url":"https:\/\/pondtrends.com\/fr\/","name":"Pondtrends \u2013 voor inspiratie en informatie over vijvers!","description":"voor inspiratie en informatie over vijvers","potentialAction":[{"@type":"SearchAction","target":{"@type":"EntryPoint","urlTemplate":"https:\/\/pondtrends.com\/fr\/?s={search_term_string}"},"query-input":{"@type":"PropertyValueSpecification","valueRequired":true,"valueName":"search_term_string"}}],"inLanguage":"fr-FR"}]}},"_links":{"self":[{"href":"https:\/\/pondtrends.com\/fr\/wp-json\/wp\/v2\/pages\/5990","targetHints":{"allow":["GET"]}}],"collection":[{"href":"https:\/\/pondtrends.com\/fr\/wp-json\/wp\/v2\/pages"}],"about":[{"href":"https:\/\/pondtrends.com\/fr\/wp-json\/wp\/v2\/types\/page"}],"author":[{"embeddable":true,"href":"https:\/\/pondtrends.com\/fr\/wp-json\/wp\/v2\/users\/1"}],"replies":[{"embeddable":true,"href":"https:\/\/pondtrends.com\/fr\/wp-json\/wp\/v2\/comments?post=5990"}],"version-history":[{"count":0,"href":"https:\/\/pondtrends.com\/fr\/wp-json\/wp\/v2\/pages\/5990\/revisions"}],"up":[{"embeddable":true,"href":"https:\/\/pondtrends.com\/fr\/wp-json\/wp\/v2\/pages\/5935"}],"wp:featuredmedia":[{"embeddable":true,"href":"https:\/\/pondtrends.com\/fr\/wp-json\/wp\/v2\/media\/7670"}],"wp:attachment":[{"href":"https:\/\/pondtrends.com\/fr\/wp-json\/wp\/v2\/media?parent=5990"}],"wp:term":[{"taxonomy":"category","embeddable":true,"href":"https:\/\/pondtrends.com\/fr\/wp-json\/wp\/v2\/categories?post=5990"},{"taxonomy":"post_tag","embeddable":true,"href":"https:\/\/pondtrends.com\/fr\/wp-json\/wp\/v2\/tags?post=5990"}],"curies":[{"name":"wp","href":"https:\/\/api.w.org\/{rel}","templated":true}]}}