{"id":5995,"date":"2023-11-07T14:01:53","date_gmt":"2023-11-07T14:01:53","guid":{"rendered":"https:\/\/pondtrends.com\/?page_id=5995"},"modified":"2023-12-12T14:09:55","modified_gmt":"2023-12-12T14:09:55","slug":"etangs-a-koi","status":"publish","type":"page","link":"https:\/\/pondtrends.com\/fr\/inspiration\/etangs-a-koi\/","title":{"rendered":"\u00c9tangs \u00e0 ko\u00ef"},"content":{"rendered":"\t\t<div data-elementor-type=\"wp-page\" data-elementor-id=\"5995\" class=\"elementor elementor-5995 elementor-1101\" data-elementor-post-type=\"page\">\n\t\t\t\t\t\t<section data-particle_enable=\"false\" data-particle-mobile-disabled=\"false\" class=\"has_ae_slider elementor-section elementor-top-section elementor-element elementor-element-542ba834 elementor-section-boxed elementor-section-height-default elementor-section-height-default ae-bg-gallery-type-default\" data-id=\"542ba834\" data-element_type=\"section\" data-e-type=\"section\" data-settings=\"{&quot;background_background&quot;:&quot;classic&quot;}\">\n\t\t\t\t\t\t\t<div class=\"elementor-background-overlay\"><\/div>\n\t\t\t\t\t\t\t<div class=\"elementor-container elementor-column-gap-default\">\n\t\t\t\t\t<div class=\"has_ae_slider elementor-column elementor-col-100 elementor-top-column elementor-element elementor-element-78c86be3 ae-bg-gallery-type-default\" data-id=\"78c86be3\" data-element_type=\"column\" data-e-type=\"column\">\n\t\t\t<div class=\"elementor-widget-wrap elementor-element-populated\">\n\t\t\t\t\t\t<div class=\"elementor-element elementor-element-600b996a elementor-widget elementor-widget-heading\" data-id=\"600b996a\" data-element_type=\"widget\" data-e-type=\"widget\" data-widget_type=\"heading.default\">\n\t\t\t\t<div class=\"elementor-widget-container\">\n\t\t\t\t\t<h1 class=\"elementor-heading-title elementor-size-default\">\u00c9tangs \u00e0 ko\u00ef<\/h1>\t\t\t\t<\/div>\n\t\t\t\t<\/div>\n\t\t\t\t\t<\/div>\n\t\t<\/div>\n\t\t\t\t\t<\/div>\n\t\t<\/section>\n\t\t\t\t<section data-particle_enable=\"false\" data-particle-mobile-disabled=\"false\" class=\"has_ae_slider elementor-section elementor-top-section elementor-element elementor-element-389f0628 elementor-section-boxed elementor-section-height-default elementor-section-height-default ae-bg-gallery-type-default\" data-id=\"389f0628\" data-element_type=\"section\" data-e-type=\"section\" data-settings=\"{&quot;background_background&quot;:&quot;classic&quot;}\">\n\t\t\t\t\t\t<div class=\"elementor-container elementor-column-gap-default\">\n\t\t\t\t\t<div class=\"has_ae_slider elementor-column elementor-col-100 elementor-top-column elementor-element elementor-element-a9282f5 ae-bg-gallery-type-default\" data-id=\"a9282f5\" data-element_type=\"column\" data-e-type=\"column\">\n\t\t\t<div class=\"elementor-widget-wrap elementor-element-populated\">\n\t\t\t\t\t\t<section data-particle_enable=\"false\" data-particle-mobile-disabled=\"false\" class=\"has_ae_slider elementor-section elementor-inner-section elementor-element elementor-element-3f3abb5b elementor-section-boxed elementor-section-height-default elementor-section-height-default ae-bg-gallery-type-default\" data-id=\"3f3abb5b\" data-element_type=\"section\" data-e-type=\"section\">\n\t\t\t\t\t\t<div class=\"elementor-container elementor-column-gap-default\">\n\t\t\t\t\t<div class=\"has_ae_slider elementor-column elementor-col-100 elementor-inner-column elementor-element elementor-element-3ae6d7c0 ae-bg-gallery-type-default\" data-id=\"3ae6d7c0\" data-element_type=\"column\" data-e-type=\"column\">\n\t\t\t<div class=\"elementor-widget-wrap elementor-element-populated\">\n\t\t\t\t\t\t<div class=\"elementor-element elementor-element-76073ecb elementor-widget elementor-widget-text-editor\" data-id=\"76073ecb\" data-element_type=\"widget\" data-e-type=\"widget\" data-widget_type=\"text-editor.default\">\n\t\t\t\t<div class=\"elementor-widget-container\">\n\t\t\t\t\t\t\t\t\t<p>Un \u00e9tang \u00e0 ko\u00ef tire son nom du poisson qui ressemble \u00e0 une carpe. Un \u00e9tang avec des plantes aquatiques est rapidement d\u00e9truit par les ko\u00efs, il faut donc en tenir compte lors de la construction. La meilleure solution consiste \u00e0 construire une section s\u00e9par\u00e9e o\u00f9 les ko\u00efs ne peuvent pas nager.<\/p><p>La profondeur id\u00e9ale d&rsquo;un \u00e9tang \u00e0 ko\u00ef est de 100 \u00e0 120 cm, afin que les poissons puissent hiberner \u00e0 l&rsquo;abri du gel. Le chauffage de l&rsquo;\u00e9tang est \u00e9galement n\u00e9cessaire, ainsi que divers \u00e9quipements pour maintenir l&rsquo;eau claire et oxyg\u00e9n\u00e9e. Le fond d&rsquo;un \u00e9tang \u00e0 ko\u00ef doit \u00e9galement \u00eatre nettoy\u00e9 en permanence. Cela peut se faire \u00e0 l&rsquo;aide de diff\u00e9rents dispositifs, dont le filtre biologique est le plus important. Dans un tel filtre, les bact\u00e9ries d\u00e9composent les d\u00e9chets. Il est souvent combin\u00e9 \u00e0 un filtre UV qui \u00e9limine les germes. De l&rsquo;oxyg\u00e8ne est ajout\u00e9 artificiellement \u00e0 l&rsquo;eau, des \u00e9cumeurs doivent nettoyer la surface de l&rsquo;eau et le fond d&rsquo;un \u00e9tang \u00e0 ko\u00ef devrait de pr\u00e9f\u00e9rence \u00eatre \u00e9galement nettoy\u00e9 automatiquement.<\/p><p>C&rsquo;est beaucoup de travail, mais vous obtenez quelque chose en retour. Les poissons commencent \u00e0 vous reconna\u00eetre et \u00e0 reconna\u00eetre vos colocataires, ils viennent jouer avec vous et vous mangent dans la main. Vous pouvez vraiment interagir avec eux. Ce ne sont donc pas des poissons comme les autres, ce sont des ko\u00efs !<\/p>\t\t\t\t\t\t\t\t<\/div>\n\t\t\t\t<\/div>\n\t\t\t\t\t<\/div>\n\t\t<\/div>\n\t\t\t\t\t<\/div>\n\t\t<\/section>\n\t\t\t\t\t<\/div>\n\t\t<\/div>\n\t\t\t\t\t<\/div>\n\t\t<\/section>\n\t\t\t\t<section data-particle_enable=\"false\" data-particle-mobile-disabled=\"false\" class=\"has_ae_slider elementor-section elementor-top-section elementor-element elementor-element-69b7d245 elementor-section-boxed elementor-section-height-default elementor-section-height-default ae-bg-gallery-type-default\" data-id=\"69b7d245\" data-element_type=\"section\" data-e-type=\"section\">\n\t\t\t\t\t\t<div class=\"elementor-container elementor-column-gap-default\">\n\t\t\t\t\t<div class=\"has_ae_slider elementor-column elementor-col-100 elementor-top-column elementor-element elementor-element-1b963744 ae-bg-gallery-type-default\" data-id=\"1b963744\" data-element_type=\"column\" data-e-type=\"column\">\n\t\t\t<div class=\"elementor-widget-wrap elementor-element-populated\">\n\t\t\t\t\t\t<div class=\"elementor-element elementor-element-3a0b5f0c elementor-widget elementor-widget-heading\" data-id=\"3a0b5f0c\" data-element_type=\"widget\" data-e-type=\"widget\" data-widget_type=\"heading.default\">\n\t\t\t\t<div class=\"elementor-widget-container\">\n\t\t\t\t\t<h1 class=\"elementor-heading-title elementor-size-default\">Plus d'\u00e9tangs \u00e0 ko\u00ef<\/h1>\t\t\t\t<\/div>\n\t\t\t\t<\/div>\n\t\t\t\t<div class=\"elementor-element elementor-element-4cada675 elementor-grid-3 elementor-grid-tablet-2 elementor-grid-mobile-1 elementor-widget elementor-widget-portfolio\" data-id=\"4cada675\" data-element_type=\"widget\" data-e-type=\"widget\" data-settings=\"{&quot;row_gap&quot;:{&quot;unit&quot;:&quot;px&quot;,&quot;size&quot;:20,&quot;sizes&quot;:[]},&quot;columns&quot;:&quot;3&quot;,&quot;columns_tablet&quot;:&quot;2&quot;,&quot;columns_mobile&quot;:&quot;1&quot;,&quot;item_ratio&quot;:{&quot;unit&quot;:&quot;px&quot;,&quot;size&quot;:0.66,&quot;sizes&quot;:[]},&quot;item_gap&quot;:{&quot;unit&quot;:&quot;px&quot;,&quot;size&quot;:&quot;&quot;,&quot;sizes&quot;:[]}}\" data-widget_type=\"portfolio.default\">\n\t\t\t\t<div class=\"elementor-widget-container\">\n\t\t\t\t\t\t\t<div class=\"elementor-portfolio elementor-grid elementor-posts-container\" role=\"list\">\n\t\t\t\t<article class=\"elementor-portfolio-item elementor-post  post-6145 inspirationpond type-inspirationpond status-publish has-post-thumbnail hentry tag-etang-dinspiration pondtype-etangs-a-koi\" role=\"listitem\">\n\t\t\t<a class=\"elementor-post__thumbnail__link\" href=\"https:\/\/pondtrends.com\/fr\/inspirationpond\/etang-a-koi-1\/\">\n\t\t\t\t<div class=\"elementor-portfolio-item__img elementor-post__thumbnail\">\n\t\t\t<img fetchpriority=\"high\" decoding=\"async\" width=\"800\" height=\"345\" src=\"https:\/\/pondtrends.com\/wp-content\/uploads\/2021\/02\/inspiratie-header-koivijver-1-1024x442.jpg\" class=\"attachment-large size-large wp-image-6302\" alt=\"\" srcset=\"https:\/\/pondtrends.com\/wp-content\/uploads\/2021\/02\/inspiratie-header-koivijver-1-1024x442.jpg 1024w, https:\/\/pondtrends.com\/wp-content\/uploads\/2021\/02\/inspiratie-header-koivijver-1-300x129.jpg 300w, https:\/\/pondtrends.com\/wp-content\/uploads\/2021\/02\/inspiratie-header-koivijver-1-768x331.jpg 768w, https:\/\/pondtrends.com\/wp-content\/uploads\/2021\/02\/inspiratie-header-koivijver-1-1536x663.jpg 1536w, https:\/\/pondtrends.com\/wp-content\/uploads\/2021\/02\/inspiratie-header-koivijver-1-scaled.jpg 2048w\" sizes=\"(max-width: 800px) 100vw, 800px\" \/>\t\t<\/div>\n\t\t\t\t<div class=\"elementor-portfolio-item__overlay\">\n\t\t\t\t<h3 class=\"elementor-portfolio-item__title\">\n\t\t\u00c9tang \u00e0 ko\u00ef 1\t\t<\/h3>\n\t\t\t\t<\/div>\n\t\t\t\t<\/a>\n\t\t<\/article>\n\t\t\t\t<article class=\"elementor-portfolio-item elementor-post  post-6131 inspirationpond type-inspirationpond status-publish has-post-thumbnail hentry tag-etang-dinspiration pondtype-etangs-a-koi\" role=\"listitem\">\n\t\t\t<a class=\"elementor-post__thumbnail__link\" href=\"https:\/\/pondtrends.com\/fr\/inspirationpond\/etang-a-koi-3\/\">\n\t\t\t\t<div class=\"elementor-portfolio-item__img elementor-post__thumbnail\">\n\t\t\t<img decoding=\"async\" width=\"800\" height=\"345\" src=\"https:\/\/pondtrends.com\/wp-content\/uploads\/2021\/02\/inspiratie-header-koivijver-3-1024x442.jpg\" class=\"attachment-large size-large wp-image-6303\" alt=\"\" srcset=\"https:\/\/pondtrends.com\/wp-content\/uploads\/2021\/02\/inspiratie-header-koivijver-3-1024x442.jpg 1024w, https:\/\/pondtrends.com\/wp-content\/uploads\/2021\/02\/inspiratie-header-koivijver-3-300x129.jpg 300w, https:\/\/pondtrends.com\/wp-content\/uploads\/2021\/02\/inspiratie-header-koivijver-3-768x331.jpg 768w, https:\/\/pondtrends.com\/wp-content\/uploads\/2021\/02\/inspiratie-header-koivijver-3-1536x663.jpg 1536w, https:\/\/pondtrends.com\/wp-content\/uploads\/2021\/02\/inspiratie-header-koivijver-3-scaled.jpg 2048w\" sizes=\"(max-width: 800px) 100vw, 800px\" \/>\t\t<\/div>\n\t\t\t\t<div class=\"elementor-portfolio-item__overlay\">\n\t\t\t\t<h3 class=\"elementor-portfolio-item__title\">\n\t\t\u00c9tang \u00e0 ko\u00ef 3\t\t<\/h3>\n\t\t\t\t<\/div>\n\t\t\t\t<\/a>\n\t\t<\/article>\n\t\t\t\t<article class=\"elementor-portfolio-item elementor-post  post-6129 inspirationpond type-inspirationpond status-publish has-post-thumbnail hentry tag-etang-dinspiration pondtype-etangs-a-koi\" role=\"listitem\">\n\t\t\t<a class=\"elementor-post__thumbnail__link\" href=\"https:\/\/pondtrends.com\/fr\/inspirationpond\/etang-a-koi-2\/\">\n\t\t\t\t<div class=\"elementor-portfolio-item__img elementor-post__thumbnail\">\n\t\t\t<img decoding=\"async\" width=\"800\" height=\"345\" src=\"https:\/\/pondtrends.com\/wp-content\/uploads\/2021\/02\/inspiratie-header-koivijver-2-1024x442.jpg\" class=\"attachment-large size-large wp-image-6263\" alt=\"\" srcset=\"https:\/\/pondtrends.com\/wp-content\/uploads\/2021\/02\/inspiratie-header-koivijver-2-1024x442.jpg 1024w, https:\/\/pondtrends.com\/wp-content\/uploads\/2021\/02\/inspiratie-header-koivijver-2-300x129.jpg 300w, https:\/\/pondtrends.com\/wp-content\/uploads\/2021\/02\/inspiratie-header-koivijver-2-768x331.jpg 768w, https:\/\/pondtrends.com\/wp-content\/uploads\/2021\/02\/inspiratie-header-koivijver-2-1536x663.jpg 1536w, https:\/\/pondtrends.com\/wp-content\/uploads\/2021\/02\/inspiratie-header-koivijver-2-scaled.jpg 2048w\" sizes=\"(max-width: 800px) 100vw, 800px\" \/>\t\t<\/div>\n\t\t\t\t<div class=\"elementor-portfolio-item__overlay\">\n\t\t\t\t<h3 class=\"elementor-portfolio-item__title\">\n\t\t\u00c9tang \u00e0 ko\u00ef 2\t\t<\/h3>\n\t\t\t\t<\/div>\n\t\t\t\t<\/a>\n\t\t<\/article>\n\t\t\t\t<\/div>\n\t\t\t\t\t\t<\/div>\n\t\t\t\t<\/div>\n\t\t\t\t\t<\/div>\n\t\t<\/div>\n\t\t\t\t\t<\/div>\n\t\t<\/section>\n\t\t\t\t<\/div>\n\t\t","protected":false},"excerpt":{"rendered":"<p>\u00c9tangs \u00e0 ko\u00ef Un \u00e9tang \u00e0 ko\u00ef tire son nom du poisson qui ressemble \u00e0 une carpe. Un \u00e9tang avec des plantes aquatiques est rapidement d\u00e9truit par les ko\u00efs, il faut donc en tenir compte lors de la construction. La meilleure solution consiste \u00e0 construire une section s\u00e9par\u00e9e o\u00f9 les ko\u00efs ne peuvent pas nager. [&hellip;]<\/p>\n","protected":false},"author":1,"featured_media":7664,"parent":5935,"menu_order":0,"comment_status":"closed","ping_status":"closed","template":"elementor_header_footer","meta":{"_acf_changed":false,"_monsterinsights_skip_tracking":false,"_monsterinsights_sitenote_active":false,"_monsterinsights_sitenote_note":"","_monsterinsights_sitenote_category":0,"_uf_show_specific_survey":0,"_uf_disable_surveys":false,"footnotes":""},"categories":[],"tags":[143],"class_list":["post-5995","page","type-page","status-publish","has-post-thumbnail","hentry","tag-page-fr"],"acf":[],"yoast_head":"<!-- This site is optimized with the Yoast SEO plugin v27.2 - https:\/\/yoast.com\/product\/yoast-seo-wordpress\/ -->\n<title>\u00c9tangs \u00e0 ko\u00ef &#8211; Pondtrends<\/title>\n<meta name=\"robots\" content=\"index, follow, max-snippet:-1, max-image-preview:large, max-video-preview:-1\" \/>\n<link rel=\"canonical\" href=\"https:\/\/pondtrends.com\/fr\/inspiration\/etangs-a-koi\/\" \/>\n<meta property=\"og:locale\" content=\"fr_FR\" \/>\n<meta property=\"og:type\" content=\"article\" \/>\n<meta property=\"og:title\" content=\"\u00c9tangs \u00e0 ko\u00ef &#8211; Pondtrends\" \/>\n<meta property=\"og:description\" content=\"\u00c9tangs \u00e0 ko\u00ef Un \u00e9tang \u00e0 ko\u00ef tire son nom du poisson qui ressemble \u00e0 une carpe. Un \u00e9tang avec des plantes aquatiques est rapidement d\u00e9truit par les ko\u00efs, il faut donc en tenir compte lors de la construction. La meilleure solution consiste \u00e0 construire une section s\u00e9par\u00e9e o\u00f9 les ko\u00efs ne peuvent pas nager. [&hellip;]\" \/>\n<meta property=\"og:url\" content=\"https:\/\/pondtrends.com\/fr\/inspiration\/etangs-a-koi\/\" \/>\n<meta property=\"og:site_name\" content=\"Pondtrends\" \/>\n<meta property=\"article:modified_time\" content=\"2023-12-12T14:09:55+00:00\" \/>\n<meta property=\"og:image\" content=\"https:\/\/pondtrends.com\/wp-content\/uploads\/2021\/01\/inspiratie-header-koivijver-3.jpg\" \/>\n\t<meta property=\"og:image:width\" content=\"2500\" \/>\n\t<meta property=\"og:image:height\" content=\"1079\" \/>\n\t<meta property=\"og:image:type\" content=\"image\/jpeg\" \/>\n<meta name=\"twitter:card\" content=\"summary_large_image\" \/>\n<meta name=\"twitter:label1\" content=\"Dur\u00e9e de lecture estim\u00e9e\" \/>\n\t<meta name=\"twitter:data1\" content=\"2 minutes\" \/>\n<script type=\"application\/ld+json\" class=\"yoast-schema-graph\">{\"@context\":\"https:\/\/schema.org\",\"@graph\":[{\"@type\":\"WebPage\",\"@id\":\"https:\/\/pondtrends.com\/fr\/inspiration\/etangs-a-koi\/\",\"url\":\"https:\/\/pondtrends.com\/fr\/inspiration\/etangs-a-koi\/\",\"name\":\"\u00c9tangs \u00e0 ko\u00ef &#8211; Pondtrends\",\"isPartOf\":{\"@id\":\"https:\/\/pondtrends.com\/fr\/#website\"},\"primaryImageOfPage\":{\"@id\":\"https:\/\/pondtrends.com\/fr\/inspiration\/etangs-a-koi\/#primaryimage\"},\"image\":{\"@id\":\"https:\/\/pondtrends.com\/fr\/inspiration\/etangs-a-koi\/#primaryimage\"},\"thumbnailUrl\":\"https:\/\/pondtrends.com\/wp-content\/uploads\/2021\/01\/inspiratie-header-koivijver-3.jpg\",\"datePublished\":\"2023-11-07T14:01:53+00:00\",\"dateModified\":\"2023-12-12T14:09:55+00:00\",\"breadcrumb\":{\"@id\":\"https:\/\/pondtrends.com\/fr\/inspiration\/etangs-a-koi\/#breadcrumb\"},\"inLanguage\":\"fr-FR\",\"potentialAction\":[{\"@type\":\"ReadAction\",\"target\":[\"https:\/\/pondtrends.com\/fr\/inspiration\/etangs-a-koi\/\"]}]},{\"@type\":\"ImageObject\",\"inLanguage\":\"fr-FR\",\"@id\":\"https:\/\/pondtrends.com\/fr\/inspiration\/etangs-a-koi\/#primaryimage\",\"url\":\"https:\/\/pondtrends.com\/wp-content\/uploads\/2021\/01\/inspiratie-header-koivijver-3.jpg\",\"contentUrl\":\"https:\/\/pondtrends.com\/wp-content\/uploads\/2021\/01\/inspiratie-header-koivijver-3.jpg\",\"width\":2500,\"height\":1079},{\"@type\":\"BreadcrumbList\",\"@id\":\"https:\/\/pondtrends.com\/fr\/inspiration\/etangs-a-koi\/#breadcrumb\",\"itemListElement\":[{\"@type\":\"ListItem\",\"position\":1,\"name\":\"Home\",\"item\":\"https:\/\/pondtrends.com\/fr\/\"},{\"@type\":\"ListItem\",\"position\":2,\"name\":\"inspiration\",\"item\":\"https:\/\/pondtrends.com\/fr\/inspiration\/\"},{\"@type\":\"ListItem\",\"position\":3,\"name\":\"\u00c9tangs \u00e0 ko\u00ef\"}]},{\"@type\":\"WebSite\",\"@id\":\"https:\/\/pondtrends.com\/fr\/#website\",\"url\":\"https:\/\/pondtrends.com\/fr\/\",\"name\":\"Pondtrends \u2013 voor inspiratie en informatie over vijvers!\",\"description\":\"voor inspiratie en informatie over vijvers\",\"potentialAction\":[{\"@type\":\"SearchAction\",\"target\":{\"@type\":\"EntryPoint\",\"urlTemplate\":\"https:\/\/pondtrends.com\/fr\/?s={search_term_string}\"},\"query-input\":{\"@type\":\"PropertyValueSpecification\",\"valueRequired\":true,\"valueName\":\"search_term_string\"}}],\"inLanguage\":\"fr-FR\"}]}<\/script>\n<!-- \/ Yoast SEO plugin. -->","yoast_head_json":{"title":"\u00c9tangs \u00e0 ko\u00ef &#8211; Pondtrends","robots":{"index":"index","follow":"follow","max-snippet":"max-snippet:-1","max-image-preview":"max-image-preview:large","max-video-preview":"max-video-preview:-1"},"canonical":"https:\/\/pondtrends.com\/fr\/inspiration\/etangs-a-koi\/","og_locale":"fr_FR","og_type":"article","og_title":"\u00c9tangs \u00e0 ko\u00ef &#8211; Pondtrends","og_description":"\u00c9tangs \u00e0 ko\u00ef Un \u00e9tang \u00e0 ko\u00ef tire son nom du poisson qui ressemble \u00e0 une carpe. Un \u00e9tang avec des plantes aquatiques est rapidement d\u00e9truit par les ko\u00efs, il faut donc en tenir compte lors de la construction. La meilleure solution consiste \u00e0 construire une section s\u00e9par\u00e9e o\u00f9 les ko\u00efs ne peuvent pas nager. [&hellip;]","og_url":"https:\/\/pondtrends.com\/fr\/inspiration\/etangs-a-koi\/","og_site_name":"Pondtrends","article_modified_time":"2023-12-12T14:09:55+00:00","og_image":[{"width":2500,"height":1079,"url":"https:\/\/pondtrends.com\/wp-content\/uploads\/2021\/01\/inspiratie-header-koivijver-3.jpg","type":"image\/jpeg"}],"twitter_card":"summary_large_image","twitter_misc":{"Dur\u00e9e de lecture estim\u00e9e":"2 minutes"},"schema":{"@context":"https:\/\/schema.org","@graph":[{"@type":"WebPage","@id":"https:\/\/pondtrends.com\/fr\/inspiration\/etangs-a-koi\/","url":"https:\/\/pondtrends.com\/fr\/inspiration\/etangs-a-koi\/","name":"\u00c9tangs \u00e0 ko\u00ef &#8211; Pondtrends","isPartOf":{"@id":"https:\/\/pondtrends.com\/fr\/#website"},"primaryImageOfPage":{"@id":"https:\/\/pondtrends.com\/fr\/inspiration\/etangs-a-koi\/#primaryimage"},"image":{"@id":"https:\/\/pondtrends.com\/fr\/inspiration\/etangs-a-koi\/#primaryimage"},"thumbnailUrl":"https:\/\/pondtrends.com\/wp-content\/uploads\/2021\/01\/inspiratie-header-koivijver-3.jpg","datePublished":"2023-11-07T14:01:53+00:00","dateModified":"2023-12-12T14:09:55+00:00","breadcrumb":{"@id":"https:\/\/pondtrends.com\/fr\/inspiration\/etangs-a-koi\/#breadcrumb"},"inLanguage":"fr-FR","potentialAction":[{"@type":"ReadAction","target":["https:\/\/pondtrends.com\/fr\/inspiration\/etangs-a-koi\/"]}]},{"@type":"ImageObject","inLanguage":"fr-FR","@id":"https:\/\/pondtrends.com\/fr\/inspiration\/etangs-a-koi\/#primaryimage","url":"https:\/\/pondtrends.com\/wp-content\/uploads\/2021\/01\/inspiratie-header-koivijver-3.jpg","contentUrl":"https:\/\/pondtrends.com\/wp-content\/uploads\/2021\/01\/inspiratie-header-koivijver-3.jpg","width":2500,"height":1079},{"@type":"BreadcrumbList","@id":"https:\/\/pondtrends.com\/fr\/inspiration\/etangs-a-koi\/#breadcrumb","itemListElement":[{"@type":"ListItem","position":1,"name":"Home","item":"https:\/\/pondtrends.com\/fr\/"},{"@type":"ListItem","position":2,"name":"inspiration","item":"https:\/\/pondtrends.com\/fr\/inspiration\/"},{"@type":"ListItem","position":3,"name":"\u00c9tangs \u00e0 ko\u00ef"}]},{"@type":"WebSite","@id":"https:\/\/pondtrends.com\/fr\/#website","url":"https:\/\/pondtrends.com\/fr\/","name":"Pondtrends \u2013 voor inspiratie en informatie over vijvers!","description":"voor inspiratie en informatie over vijvers","potentialAction":[{"@type":"SearchAction","target":{"@type":"EntryPoint","urlTemplate":"https:\/\/pondtrends.com\/fr\/?s={search_term_string}"},"query-input":{"@type":"PropertyValueSpecification","valueRequired":true,"valueName":"search_term_string"}}],"inLanguage":"fr-FR"}]}},"_links":{"self":[{"href":"https:\/\/pondtrends.com\/fr\/wp-json\/wp\/v2\/pages\/5995","targetHints":{"allow":["GET"]}}],"collection":[{"href":"https:\/\/pondtrends.com\/fr\/wp-json\/wp\/v2\/pages"}],"about":[{"href":"https:\/\/pondtrends.com\/fr\/wp-json\/wp\/v2\/types\/page"}],"author":[{"embeddable":true,"href":"https:\/\/pondtrends.com\/fr\/wp-json\/wp\/v2\/users\/1"}],"replies":[{"embeddable":true,"href":"https:\/\/pondtrends.com\/fr\/wp-json\/wp\/v2\/comments?post=5995"}],"version-history":[{"count":0,"href":"https:\/\/pondtrends.com\/fr\/wp-json\/wp\/v2\/pages\/5995\/revisions"}],"up":[{"embeddable":true,"href":"https:\/\/pondtrends.com\/fr\/wp-json\/wp\/v2\/pages\/5935"}],"wp:featuredmedia":[{"embeddable":true,"href":"https:\/\/pondtrends.com\/fr\/wp-json\/wp\/v2\/media\/7664"}],"wp:attachment":[{"href":"https:\/\/pondtrends.com\/fr\/wp-json\/wp\/v2\/media?parent=5995"}],"wp:term":[{"taxonomy":"category","embeddable":true,"href":"https:\/\/pondtrends.com\/fr\/wp-json\/wp\/v2\/categories?post=5995"},{"taxonomy":"post_tag","embeddable":true,"href":"https:\/\/pondtrends.com\/fr\/wp-json\/wp\/v2\/tags?post=5995"}],"curies":[{"name":"wp","href":"https:\/\/api.w.org\/{rel}","templated":true}]}}